{"id":4539,"date":"2025-07-30T10:26:26","date_gmt":"2025-07-30T02:26:26","guid":{"rendered":"https:\/\/www.moonepc.com\/?post_type=product&#038;p=4539"},"modified":"2025-09-23T14:38:28","modified_gmt":"2025-09-23T06:38:28","slug":"air-cooler","status":"publish","type":"product","link":"https:\/\/www.moonepc.com\/fr\/air-cooler\/","title":{"rendered":"refroidisseur air"},"content":{"rendered":"<p>Tableau de param\u00e8tres de s\u00e9lection et configuration standard<\/p>\n<table>\n<tbody>\n<tr>\n<td width=\"180\">Article<\/td>\n<td width=\"229\">Liste facultative<\/td>\n<td width=\"192\">Configuration standard<\/td>\n<\/tr>\n<tr>\n<td width=\"180\">Type<\/td>\n<td width=\"229\">Mont\u00e9 au plafond, mont\u00e9 au sol<\/td>\n<td width=\"192\">Mont\u00e9 au plafond<\/td>\n<\/tr>\n<tr>\n<td rowspan=\"2\" width=\"180\">Spec.and Mat\u00e9riel du tube d'\u00e9change de chaleur \/ mm<\/td>\n<td width=\"229\">16X0.6\/S30403<\/td>\n<td rowspan=\"2\" width=\"192\">16X0.6\/S30403<\/td>\n<\/tr>\n<tr>\n<td width=\"229\">16X1.2\/6063T4<\/td>\n<\/tr>\n<tr>\n<td width=\"180\">Fins<\/td>\n<td width=\"229\">Aluminium ailette 8011\/feuille d'aluminium hydrophile P12-8011-0<\/td>\n<td width=\"192\">ailette en aluminium 8011<\/td>\n<\/tr>\n<tr>\n<td width=\"180\">R\u00e9frig\u00e9rant<\/td>\n<td width=\"229\">R717\/R744\/\u00c9thyl\u00e8ne glycol<\/td>\n<td width=\"192\">\/<\/td>\n<\/tr>\n<tr>\n<td width=\"180\">Mat\u00e9riel du bo\u00eetier<\/td>\n<td width=\"229\">Plaque de zinc d'aluminisation \/ plaque d'acier inoxydable<\/td>\n<td width=\"192\">Plaque de zinc d'aluminisation<\/td>\n<\/tr>\n<tr>\n<td width=\"180\">Protection thermique du ventilateur<\/td>\n<td width=\"229\">Avec protection thermique<\/td>\n<td width=\"192\">Avec protection thermique<\/td>\n<\/tr>\n<tr>\n<td width=\"180\">M\u00e9thode de d\u00e9gel<\/td>\n<td width=\"229\">D\u00e9gel d'ammoniac chaud\/eau D\u00e9gel d'ammoniac chaud<\/td>\n<td width=\"192\">&nbsp;<\/p>\n<p>Eau<\/td>\n<\/tr>\n<tr>\n<td width=\"180\">Plateau goutte-\u00e0-goutte<\/td>\n<td width=\"229\">Avec isolation thermique\/sans isolation thermique<\/td>\n<td width=\"192\">Sans isolation thermique<\/td>\n<\/tr>\n<tr>\n<td width=\"180\">bouffeur eau<\/td>\n<td width=\"229\">Avec\/sans<\/td>\n<td width=\"192\">Avec<\/td>\n<\/tr>\n<tr>\n<td width=\"180\">Chauffage \u00e9lectrique de r\u00e9frig\u00e9ration<\/td>\n<td width=\"229\">Avec\/sans<\/td>\n<td width=\"192\">Sans<\/td>\n<\/tr>\n<tr>\n<td width=\"180\">mode soufflage<\/td>\n<td width=\"229\">Air induit<\/td>\n<td width=\"192\">Air induit<\/td>\n<\/tr>\n<tr>\n<td width=\"180\">Mode d'alimentation liquide<\/td>\n<td width=\"229\">Alimentation pompe\/Alimentation gravit\u00e9<\/td>\n<td width=\"192\">Alimentation pompe<\/td>\n<\/tr>\n<tr>\n<td width=\"180\">Direction du flux du milieu de travail<\/td>\n<td width=\"229\">En bas, en haut \/ c\u00f4t\u00e9 en, c\u00f4t\u00e9 en dehors<\/td>\n<td width=\"192\">En bas, en haut<\/td>\n<\/tr>\n<tr>\n<td width=\"180\">Type de ventilateur<\/td>\n<td width=\"229\">Type de tambour\/couverture de maille<\/td>\n<td width=\"192\">Type de tambour<\/td>\n<\/tr>\n<tr>\n<td width=\"180\">Direction d'approvisionnement en liquides<\/td>\n<td width=\"229\">Gauche\/Droite<\/td>\n<td width=\"192\">droite<\/td>\n<\/tr>\n<tr>\n<td width=\"180\">Mod\u00e8le de placement du tube (mm)<\/td>\n<td width=\"229\">55X47.63<\/td>\n<td width=\"192\">55X47.63<\/td>\n<\/tr>\n<tr>\n<td width=\"180\">Espacement des ailettes (mm)<\/td>\n<td width=\"229\">612\/816<\/td>\n<td width=\"192\">\/<\/td>\n<\/tr>\n<\/tbody>\n<\/table>\n<p>Remarque: Il est recommand\u00e9 que le plateau \u00e0 goutte \u00e0 goutte soit isol\u00e9 lorsque la m\u00e9thode de d\u00e9gel est&#8221; D\u00e9gel d'ammoniac chaud.<\/p>\n<div class=\"host-lopnbnfpjmgpbppclhclehhgafnifija\" style=\"position: relative; z-index: 2147483647;\"><\/div>","protected":false},"excerpt":{"rendered":"<p>Le refroidisseur d'air sert d'\u00e9vaporateur dans un syst\u00e8me de r\u00e9frig\u00e9ration et est un composant cl\u00e9 d'\u00e9change de chaleur utilis\u00e9 dans le stockage froid logistique, les v\u00e9hicules \u00e0 cha\u00eene de froid et les syst\u00e8mes de climatisation d'atelier. Il est disponible en diff\u00e9rents mat\u00e9riaux, y compris le tube en acier inoxydable avec ailettes en aluminium, le tube en aluminium avec ailettes en aluminium, le tube en cuivre avec ailettes en aluminium et le tube en acier avec ailettes en acier.<\/p>\n<div class=\"host-lopnbnfpjmgpbppclhclehhgafnifija\" style=\"position: relative; z-index: 2147483647;\"><\/div>","protected":false},"featured_media":4540,"comment_status":"closed","ping_status":"closed","template":"","meta":[],"product_brand":[],"product_cat":[84],"product_tag":[],"class_list":{"0":"post-4539","1":"product","2":"type-product","3":"status-publish","4":"has-post-thumbnail","6":"product_cat-heat-exchanger","8":"first","9":"instock","10":"shipping-taxable","11":"product-type-simple"},"_links":{"self":[{"href":"https:\/\/www.moonepc.com\/fr\/wp-json\/wp\/v2\/product\/4539","targetHints":{"allow":["GET"]}}],"collection":[{"href":"https:\/\/www.moonepc.com\/fr\/wp-json\/wp\/v2\/product"}],"about":[{"href":"https:\/\/www.moonepc.com\/fr\/wp-json\/wp\/v2\/types\/product"}],"replies":[{"embeddable":true,"href":"https:\/\/www.moonepc.com\/fr\/wp-json\/wp\/v2\/comments?post=4539"}],"wp:featuredmedia":[{"embeddable":true,"href":"https:\/\/www.moonepc.com\/fr\/wp-json\/wp\/v2\/media\/4540"}],"wp:attachment":[{"href":"https:\/\/www.moonepc.com\/fr\/wp-json\/wp\/v2\/media?parent=4539"}],"wp:term":[{"taxonomy":"product_brand","embeddable":true,"href":"https:\/\/www.moonepc.com\/fr\/wp-json\/wp\/v2\/product_brand?post=4539"},{"taxonomy":"product_cat","embeddable":true,"href":"https:\/\/www.moonepc.com\/fr\/wp-json\/wp\/v2\/product_cat?post=4539"},{"taxonomy":"product_tag","embeddable":true,"href":"https:\/\/www.moonepc.com\/fr\/wp-json\/wp\/v2\/product_tag?post=4539"}],"curies":[{"name":"WP","href":"https:\/\/api.w.org\/{rel}","templated":true}]}}