{"id":4548,"date":"2025-07-30T10:36:17","date_gmt":"2025-07-30T02:36:17","guid":{"rendered":"https:\/\/www.moonepc.com\/?post_type=product&#038;p=4548"},"modified":"2025-09-23T14:43:19","modified_gmt":"2025-09-23T06:43:19","slug":"evaporative-condenser","status":"publish","type":"product","link":"https:\/\/www.moonepc.com\/fr\/evaporative-condenser\/","title":{"rendered":"condensateur \u00e9vaporateur"},"content":{"rendered":"<p>&nbsp;<\/p>\n<div class=\"host-lopnbnfpjmgpbppclhclehhgafnifija\" style=\"position: relative; z-index: 2147483647;\"><\/div>","protected":false},"excerpt":{"rendered":"<p>Les condensateurs \u00e0 \u00e9vaporation sont con\u00e7us pour les syst\u00e8mes de r\u00e9frig\u00e9ration et de climatisation, principalement pour la condensation et la liqu\u00e9fication des r\u00e9frig\u00e9rants. Ce syst\u00e8me de refroidissement par \u00e9vaporation int\u00e8gre des composants essentiels tels qu'un r\u00e9servoir d'eau, une bobine d'\u00e9change de chaleur, une pompe \u00e0 eau, un ventilateur axial et des tuyaux de circulation. Par rapport aux syst\u00e8mes traditionnels de tour de refroidissement, il est plus compact et simplifi\u00e9 dans la conception, assurant une installation, un fonctionnement et une maintenance faciles.<\/p>\n<div class=\"host-lopnbnfpjmgpbppclhclehhgafnifija\" style=\"position: relative; z-index: 2147483647;\"><\/div>","protected":false},"featured_media":4549,"comment_status":"closed","ping_status":"closed","template":"","meta":[],"product_brand":[],"product_cat":[90,84],"product_tag":[],"class_list":{"0":"post-4548","1":"product","2":"type-product","3":"status-publish","4":"has-post-thumbnail","6":"product_cat-evaporative-condensercooler-wet-air-cooler","7":"product_cat-heat-exchanger","9":"first","10":"instock","11":"shipping-taxable","12":"product-type-simple"},"_links":{"self":[{"href":"https:\/\/www.moonepc.com\/fr\/wp-json\/wp\/v2\/product\/4548","targetHints":{"allow":["GET"]}}],"collection":[{"href":"https:\/\/www.moonepc.com\/fr\/wp-json\/wp\/v2\/product"}],"about":[{"href":"https:\/\/www.moonepc.com\/fr\/wp-json\/wp\/v2\/types\/product"}],"replies":[{"embeddable":true,"href":"https:\/\/www.moonepc.com\/fr\/wp-json\/wp\/v2\/comments?post=4548"}],"wp:featuredmedia":[{"embeddable":true,"href":"https:\/\/www.moonepc.com\/fr\/wp-json\/wp\/v2\/media\/4549"}],"wp:attachment":[{"href":"https:\/\/www.moonepc.com\/fr\/wp-json\/wp\/v2\/media?parent=4548"}],"wp:term":[{"taxonomy":"product_brand","embeddable":true,"href":"https:\/\/www.moonepc.com\/fr\/wp-json\/wp\/v2\/product_brand?post=4548"},{"taxonomy":"product_cat","embeddable":true,"href":"https:\/\/www.moonepc.com\/fr\/wp-json\/wp\/v2\/product_cat?post=4548"},{"taxonomy":"product_tag","embeddable":true,"href":"https:\/\/www.moonepc.com\/fr\/wp-json\/wp\/v2\/product_tag?post=4548"}],"curies":[{"name":"WP","href":"https:\/\/api.w.org\/{rel}","templated":true}]}}