{"id":4550,"date":"2025-07-30T10:43:30","date_gmt":"2025-07-30T02:43:30","guid":{"rendered":"https:\/\/www.moonepc.com\/?post_type=product&#038;p=4550"},"modified":"2025-09-23T14:44:34","modified_gmt":"2025-09-23T06:44:34","slug":"industrial-composite-air-cooler","status":"publish","type":"product","link":"https:\/\/www.moonepc.com\/fr\/industrial-composite-air-cooler\/","title":{"rendered":"refroidisseur d'air composite industriel"},"content":{"rendered":"<p>&nbsp;<\/p>\n<div class=\"host-lopnbnfpjmgpbppclhclehhgafnifija\" style=\"position: relative; z-index: 2147483647;\"><\/div>","protected":false},"excerpt":{"rendered":"<p>Le refroidisseur \u00e0 air composite industriel offre une solution de refroidissement multifonctionnelle et efficace en int\u00e9grant \u00e0 la fois les technologies de refroidissement sec et humide. Ce syst\u00e8me est largement utilis\u00e9 dans diverses industries pour les applications de refroidissement et de condensation, ce qui le rend id\u00e9al pour les processus n\u00e9cessitant une r\u00e9gulation thermique pr\u00e9cise et un \u00e9change de chaleur efficace.<\/p>\n<div class=\"host-lopnbnfpjmgpbppclhclehhgafnifija\" style=\"position: relative; z-index: 2147483647;\"><\/div>","protected":false},"featured_media":5249,"comment_status":"closed","ping_status":"closed","template":"","meta":[],"product_brand":[],"product_cat":[90,84],"product_tag":[],"class_list":{"0":"post-4550","1":"product","2":"type-product","3":"status-publish","4":"has-post-thumbnail","6":"product_cat-evaporative-condensercooler-wet-air-cooler","7":"product_cat-heat-exchanger","9":"first","10":"instock","11":"shipping-taxable","12":"product-type-simple"},"_links":{"self":[{"href":"https:\/\/www.moonepc.com\/fr\/wp-json\/wp\/v2\/product\/4550","targetHints":{"allow":["GET"]}}],"collection":[{"href":"https:\/\/www.moonepc.com\/fr\/wp-json\/wp\/v2\/product"}],"about":[{"href":"https:\/\/www.moonepc.com\/fr\/wp-json\/wp\/v2\/types\/product"}],"replies":[{"embeddable":true,"href":"https:\/\/www.moonepc.com\/fr\/wp-json\/wp\/v2\/comments?post=4550"}],"wp:featuredmedia":[{"embeddable":true,"href":"https:\/\/www.moonepc.com\/fr\/wp-json\/wp\/v2\/media\/5249"}],"wp:attachment":[{"href":"https:\/\/www.moonepc.com\/fr\/wp-json\/wp\/v2\/media?parent=4550"}],"wp:term":[{"taxonomy":"product_brand","embeddable":true,"href":"https:\/\/www.moonepc.com\/fr\/wp-json\/wp\/v2\/product_brand?post=4550"},{"taxonomy":"product_cat","embeddable":true,"href":"https:\/\/www.moonepc.com\/fr\/wp-json\/wp\/v2\/product_cat?post=4550"},{"taxonomy":"product_tag","embeddable":true,"href":"https:\/\/www.moonepc.com\/fr\/wp-json\/wp\/v2\/product_tag?post=4550"}],"curies":[{"name":"WP","href":"https:\/\/api.w.org\/{rel}","templated":true}]}}