{"id":4557,"date":"2025-07-30T10:45:52","date_gmt":"2025-07-30T02:45:52","guid":{"rendered":"https:\/\/www.moonepc.com\/?post_type=product&#038;p=4557"},"modified":"2025-09-23T15:18:45","modified_gmt":"2025-09-23T07:18:45","slug":"vacuum-freeze-drying-equipment","status":"publish","type":"product","link":"https:\/\/www.moonepc.com\/fr\/vacuum-freeze-drying-equipment\/","title":{"rendered":"\u00c9quipement de lyophilisation sous vide"},"content":{"rendered":"<p>&nbsp;<\/p>\n<div class=\"host-lopnbnfpjmgpbppclhclehhgafnifija\" style=\"position: relative; z-index: 2147483647;\"><\/div>","protected":false},"excerpt":{"rendered":"<p>Comptant sur une R&amp; D et plate-forme de fabrication et guid\u00e9e par la philosophie de \u00abPr\u00e9cision et int\u00e9grit\u00e9 pour la vie\u00bb, MOON-TECH s'engage \u00e0 faire progresser la localisation de la fabrication d'\u00e9quipements m\u00e9dicaux. Les s\u00e9ries LYOMINI (s\u00e9cheurs \u00e0 gel de laboratoire et pilotes), LYOROCK (s\u00e9cheurs \u00e0 gel de production), LYOLAVA (s\u00e9cheurs \u00e0 gel am\u00e9lior\u00e9s), ainsi que les syst\u00e8mes de chargement \/ d\u00e9chargement de flacons, les syst\u00e8mes de chargement \/ d\u00e9chargement \u00e0 grande vitesse de petits volumes, les syst\u00e8mes de chargement \/ d\u00e9chargement \u00e0 basse temp\u00e9rature et les syst\u00e8mes de chargement \/ d\u00e9chargement de s\u00e9chage \u00e0 gel API, servent de mani\u00e8re compl\u00e8te le processus complet de R &amp; amp; D et la fabrication.<\/p>\n<p>Mod\u00e8le: S\u00e9rie LYOMINI4~100<\/p>\n<p>Superficie de l'\u00e9tag\u00e8re: 0,2 m\u00b2 ~ 5 m\u00b2<\/p>\n<p>Capacit\u00e9 de production: \u00d816 mm flacons: 816 ~ 21 374 flacons\u3001\u00d822 mm flacons: 419 ~ 11 229 flacons<\/p>\n<p>Capacit\u00e9 de solution en vrac: 3 ~ 75 L<\/p>\n<p>Espacement des \u00e9tag\u00e8res: r\u00e9glable en fonction des besoins de l'utilisateur<\/p>\n<p>Temp\u00e9rature du condensateur: \u2264 -75\u00b0C<\/p>\n<div class=\"host-lopnbnfpjmgpbppclhclehhgafnifija\" style=\"position: relative; z-index: 2147483647;\"><\/div>","protected":false},"featured_media":5255,"comment_status":"closed","ping_status":"closed","template":"","meta":[],"product_brand":[],"product_cat":[86,85],"product_tag":[],"class_list":{"0":"post-4557","1":"product","2":"type-product","3":"status-publish","4":"has-post-thumbnail","6":"product_cat-food-freeze-dryer","7":"product_cat-quick-freezer-and-freeze-dryer","9":"first","10":"instock","11":"shipping-taxable","12":"product-type-simple"},"_links":{"self":[{"href":"https:\/\/www.moonepc.com\/fr\/wp-json\/wp\/v2\/product\/4557","targetHints":{"allow":["GET"]}}],"collection":[{"href":"https:\/\/www.moonepc.com\/fr\/wp-json\/wp\/v2\/product"}],"about":[{"href":"https:\/\/www.moonepc.com\/fr\/wp-json\/wp\/v2\/types\/product"}],"replies":[{"embeddable":true,"href":"https:\/\/www.moonepc.com\/fr\/wp-json\/wp\/v2\/comments?post=4557"}],"wp:featuredmedia":[{"embeddable":true,"href":"https:\/\/www.moonepc.com\/fr\/wp-json\/wp\/v2\/media\/5255"}],"wp:attachment":[{"href":"https:\/\/www.moonepc.com\/fr\/wp-json\/wp\/v2\/media?parent=4557"}],"wp:term":[{"taxonomy":"product_brand","embeddable":true,"href":"https:\/\/www.moonepc.com\/fr\/wp-json\/wp\/v2\/product_brand?post=4557"},{"taxonomy":"product_cat","embeddable":true,"href":"https:\/\/www.moonepc.com\/fr\/wp-json\/wp\/v2\/product_cat?post=4557"},{"taxonomy":"product_tag","embeddable":true,"href":"https:\/\/www.moonepc.com\/fr\/wp-json\/wp\/v2\/product_tag?post=4557"}],"curies":[{"name":"WP","href":"https:\/\/api.w.org\/{rel}","templated":true}]}}