{"id":4558,"date":"2025-07-30T10:51:03","date_gmt":"2025-07-30T02:51:03","guid":{"rendered":"https:\/\/www.moonepc.com\/?post_type=product&#038;p=4558"},"modified":"2025-09-23T14:49:47","modified_gmt":"2025-09-23T06:49:47","slug":"spiral-quick-freezers","status":"publish","type":"product","link":"https:\/\/www.moonepc.com\/fr\/spiral-quick-freezers\/","title":{"rendered":"Cong\u00e9lateurs rapides en spirale"},"content":{"rendered":"<p>Cong\u00e9lateur \u00e0 double spirale<\/p>\n<table>\n<tbody>\n<tr>\n<td width=\"124\">Mod\u00e8le<\/td>\n<td width=\"67\">LSS2012<\/td>\n<td width=\"67\">LSD2516<\/td>\n<td width=\"68\">LSD3014<\/td>\n<\/tr>\n<tr>\n<td width=\"124\">Ingr\u00e9dients<\/td>\n<td colspan=\"3\" width=\"204\">Cuisses de poulet crues<\/td>\n<\/tr>\n<tr>\n<td width=\"124\">Poids<\/td>\n<td colspan=\"3\" width=\"204\">120 \u00b1 10g<\/td>\n<\/tr>\n<tr>\n<td width=\"124\">Temp\u00e9rature d'entr\u00e9e<\/td>\n<td colspan=\"3\" width=\"204\">15\u2103<\/td>\n<\/tr>\n<tr>\n<td width=\"124\">Temp\u00e9rature de sortie<\/td>\n<td colspan=\"3\" width=\"204\">-18\u2103<\/td>\n<\/tr>\n<tr>\n<td width=\"124\">Cong\u00e9lation con\u00e7ue<\/p>\n<p>temp\u00e9rature<\/td>\n<td colspan=\"3\" width=\"204\">-35\u2103<\/td>\n<\/tr>\n<tr>\n<td width=\"124\">Diam\u00e8tre de cage rotative<\/td>\n<td width=\"67\">2000mm<\/td>\n<td width=\"67\">2530mm<\/td>\n<td width=\"68\">3000 mm<\/td>\n<\/tr>\n<tr>\n<td width=\"124\">Couches<\/td>\n<td width=\"67\">12<\/td>\n<td width=\"67\">16<\/td>\n<td width=\"68\">14<\/td>\n<\/tr>\n<tr>\n<td width=\"124\">Largeur de ceinture en maille<\/td>\n<td width=\"67\">650mm<\/td>\n<td width=\"67\">710 mm<\/td>\n<td width=\"68\">1000mm<\/td>\n<\/tr>\n<tr>\n<td width=\"124\">Production standard<\/td>\n<td width=\"67\">1000kg\/h<\/td>\n<td width=\"67\">2000 kg\/h<\/td>\n<td width=\"68\">3000 kg\/h<\/td>\n<\/tr>\n<tr>\n<td width=\"124\">Capacit\u00e9<\/td>\n<td width=\"67\">31.8kW<\/td>\n<td width=\"67\">48.8kW<\/td>\n<td width=\"68\">64.8kW<\/td>\n<\/tr>\n<\/tbody>\n<\/table>\n<p>Cong\u00e9lateur \u00e0 spirale unique<\/p>\n<table>\n<tbody>\n<tr>\n<td width=\"124\">Mod\u00e8le<\/td>\n<td width=\"67\">LSS2012<\/td>\n<td width=\"67\">LSS2514<\/td>\n<td width=\"68\">LSS3022<\/td>\n<\/tr>\n<tr>\n<td width=\"124\">Ingr\u00e9dients<\/td>\n<td colspan=\"3\" width=\"203\">Cuisses de poulet crues<\/td>\n<\/tr>\n<tr>\n<td width=\"124\">Poids<\/td>\n<td colspan=\"3\" width=\"203\">120 \u00b1 10g<\/td>\n<\/tr>\n<tr>\n<td width=\"124\">Temp\u00e9rature d'entr\u00e9e<\/td>\n<td colspan=\"3\" width=\"203\">15\u2103<\/td>\n<\/tr>\n<tr>\n<td width=\"124\">Temp\u00e9rature de sortie<\/td>\n<td colspan=\"3\" width=\"203\">-18\u2103<\/td>\n<\/tr>\n<tr>\n<td width=\"124\">Cong\u00e9lation con\u00e7ue<\/p>\n<p>temp\u00e9rature<\/td>\n<td colspan=\"3\" width=\"203\">-35\u2103<\/td>\n<\/tr>\n<tr>\n<td width=\"124\">Diam\u00e8tre de cage rotative<\/td>\n<td width=\"67\">2000mm<\/td>\n<td width=\"67\">2530mm<\/td>\n<td width=\"68\">3000 mm<\/td>\n<\/tr>\n<tr>\n<td width=\"124\">Couches<\/td>\n<td width=\"67\">12<\/td>\n<td width=\"67\">14<\/td>\n<td width=\"68\">22<\/td>\n<\/tr>\n<tr>\n<td width=\"124\">Largeur de ceinture en maille<\/td>\n<td width=\"67\">650mm<\/td>\n<td width=\"67\">800 mm<\/td>\n<td width=\"68\">850 mm<\/td>\n<\/tr>\n<tr>\n<td width=\"124\">Production standard<\/td>\n<td width=\"67\">500kg\/h<\/td>\n<td width=\"67\">1000kg\/h<\/td>\n<td width=\"68\">2000 kg\/h<\/td>\n<\/tr>\n<tr>\n<td width=\"124\">Capacit\u00e9<\/td>\n<td width=\"67\">16.8kW<\/td>\n<td width=\"67\">25.3kW<\/td>\n<td width=\"68\">45.3kW<\/td>\n<\/tr>\n<\/tbody>\n<\/table>\n<div class=\"host-lopnbnfpjmgpbppclhclehhgafnifija\" style=\"position: relative; z-index: 2147483647;\"><\/div>","protected":false},"excerpt":{"rendered":"<p>Le cong\u00e9lateur en spirale auto-empilant adopte une conception de courroie auto-empilante qui empile automatiquement couche par couche sur une cha\u00eene d'entra\u00eenement stable. La ceinture, compos\u00e9e de maille m\u00e9tallique et de plaques lat\u00e9rales autoportantes, forme une zone de cong\u00e9lation scell\u00e9e apr\u00e8s empilage et fonctionne en continu en boucle en spirale. Le flux d'air froid forc\u00e9 circule verticalement de haut en bas \u00e0 l'int\u00e9rieur de la zone empil\u00e9e, assurant un contact complet avec les produits. Cela se traduit par une efficacit\u00e9 d'\u00e9change de chaleur \u00e9lev\u00e9e, r\u00e9duisant consid\u00e9rablement \u00e0 la fois le temps de cong\u00e9lation et la perte de d\u00e9shydratation du produit.<\/p>\n<div class=\"host-lopnbnfpjmgpbppclhclehhgafnifija\" style=\"position: relative; z-index: 2147483647;\"><\/div>","protected":false},"featured_media":5262,"comment_status":"closed","ping_status":"closed","template":"","meta":[],"product_brand":[],"product_cat":[87,85],"product_tag":[],"class_list":{"0":"post-4558","1":"product","2":"type-product","3":"status-publish","4":"has-post-thumbnail","6":"product_cat-quick-freezer","7":"product_cat-quick-freezer-and-freeze-dryer","9":"first","10":"instock","11":"shipping-taxable","12":"product-type-simple"},"_links":{"self":[{"href":"https:\/\/www.moonepc.com\/fr\/wp-json\/wp\/v2\/product\/4558","targetHints":{"allow":["GET"]}}],"collection":[{"href":"https:\/\/www.moonepc.com\/fr\/wp-json\/wp\/v2\/product"}],"about":[{"href":"https:\/\/www.moonepc.com\/fr\/wp-json\/wp\/v2\/types\/product"}],"replies":[{"embeddable":true,"href":"https:\/\/www.moonepc.com\/fr\/wp-json\/wp\/v2\/comments?post=4558"}],"wp:featuredmedia":[{"embeddable":true,"href":"https:\/\/www.moonepc.com\/fr\/wp-json\/wp\/v2\/media\/5262"}],"wp:attachment":[{"href":"https:\/\/www.moonepc.com\/fr\/wp-json\/wp\/v2\/media?parent=4558"}],"wp:term":[{"taxonomy":"product_brand","embeddable":true,"href":"https:\/\/www.moonepc.com\/fr\/wp-json\/wp\/v2\/product_brand?post=4558"},{"taxonomy":"product_cat","embeddable":true,"href":"https:\/\/www.moonepc.com\/fr\/wp-json\/wp\/v2\/product_cat?post=4558"},{"taxonomy":"product_tag","embeddable":true,"href":"https:\/\/www.moonepc.com\/fr\/wp-json\/wp\/v2\/product_tag?post=4558"}],"curies":[{"name":"WP","href":"https:\/\/api.w.org\/{rel}","templated":true}]}}