{"id":4561,"date":"2025-07-30T10:56:57","date_gmt":"2025-07-30T02:56:57","guid":{"rendered":"https:\/\/www.moonepc.com\/?post_type=product&#038;p=4561"},"modified":"2025-09-23T14:50:54","modified_gmt":"2025-09-23T06:50:54","slug":"plate-quick-freezers","status":"publish","type":"product","link":"https:\/\/www.moonepc.com\/fr\/plate-quick-freezers\/","title":{"rendered":"Cong\u00e9lateurs rapides \u00e0 plaques"},"content":{"rendered":"<p>Les produits de cong\u00e9lation continue de l'environnement de la roue de glace comprennent quatre s\u00e9ries principales de produits:<\/p>\n<p>dispositifs de cong\u00e9lation rapide de la s\u00e9rie de tunnel, dispositifs de cong\u00e9lation rapide de la s\u00e9rie en spirale, dispositifs de cong\u00e9lation rapide fluidis\u00e9s et dispositifs de cong\u00e9lation rapide de tunnel intelligents. Ils partagent les caract\u00e9ristiques communes suivantes.<\/p>\n<table>\n<tbody>\n<tr>\n<td>10<\/td>\n<td colspan=\"4\"><\/td>\n<\/tr>\n<tr>\n<td width=\"159\">Espacement effectif de<\/p>\n<p>couches (mm)<\/td>\n<td colspan=\"4\" width=\"481\">55~105<\/td>\n<\/tr>\n<tr>\n<td width=\"159\">Entr\u00e9e &amp; temp\u00e9ratures du noyau de la charge de sortie (\u2103)<\/td>\n<td colspan=\"4\" width=\"481\">+20\/-18<\/td>\n<\/tr>\n<tr>\n<td width=\"159\">R\u00e9frig\u00e9rant<\/td>\n<td width=\"117\">R717<\/td>\n<td width=\"118\">R22<\/td>\n<td width=\"120\">R717<\/td>\n<td width=\"126\">R22<\/td>\n<\/tr>\n<tr>\n<td width=\"159\">Conditions de travail du r\u00e9frig\u00e9rant (\u2103)<\/td>\n<td colspan=\"4\" width=\"481\">\u00b1 35<\/td>\n<\/tr>\n<tr>\n<td width=\"159\">Alimentation liquide<\/p>\n<p>interface (mm)<\/td>\n<td width=\"117\">\u03a638<\/td>\n<td width=\"118\">11\/8 pouces<\/td>\n<td width=\"120\">\u03a645<\/td>\n<td width=\"126\">11\/8 pouces<\/td>\n<\/tr>\n<tr>\n<td width=\"159\">Interface de retour d'air (mm)<\/td>\n<td width=\"117\">\u03a676<\/td>\n<td width=\"118\">\u03a676<\/td>\n<td width=\"120\">\u03a689<\/td>\n<td width=\"126\">\u03a676<\/td>\n<\/tr>\n<tr>\n<td width=\"159\">Consommation de refroidissement<\/p>\n<p>(kW)<\/td>\n<td colspan=\"2\" width=\"235\">26<\/td>\n<td colspan=\"2\" width=\"246\">33<\/td>\n<\/tr>\n<tr>\n<td width=\"159\">Capacit\u00e9 nominale de cong\u00e9lation (kg\/d\u00e9placement)<\/td>\n<td colspan=\"2\" width=\"235\">960<\/td>\n<td colspan=\"2\" width=\"246\">1200<\/td>\n<\/tr>\n<tr>\n<td width=\"159\">Puissance install\u00e9e (kW)<\/td>\n<td colspan=\"4\" width=\"481\">1.5<\/td>\n<\/tr>\n<tr>\n<td width=\"159\">Poids (t)<\/td>\n<td width=\"117\">3.1<\/td>\n<td width=\"118\">3.0<\/td>\n<td width=\"120\">3.4<\/td>\n<td width=\"126\">3.2<\/td>\n<\/tr>\n<\/tbody>\n<\/table>\n<table>\n<tbody>\n<tr>\n<td width=\"159\">Mod\u00e8le<\/td>\n<td colspan=\"2\" width=\"235\">MPF1500<\/td>\n<td colspan=\"2\" width=\"246\">MPF1800<\/td>\n<\/tr>\n<tr>\n<td width=\"159\">Aper\u00e7u<\/p>\n<p>dimensionL * W * H (mm)<\/td>\n<td width=\"117\">3750*1680*3050<\/td>\n<td width=\"118\">3550*1680*3050<\/td>\n<td width=\"120\">3750*1680*3300<\/td>\n<td width=\"126\">3550*1680*3300<\/td>\n<\/tr>\n<tr>\n<td width=\"159\">Taille de plaque de cong\u00e9lation (mm)<\/td>\n<td colspan=\"4\" width=\"481\">2060*1261<\/td>\n<\/tr>\n<tr>\n<td width=\"159\">Couches efficaces de plaques de cong\u00e9lation<\/td>\n<td colspan=\"2\" width=\"235\">10<\/td>\n<td colspan=\"2\" width=\"246\">12<\/td>\n<\/tr>\n<tr>\n<td width=\"159\">Espacement effectif de<\/p>\n<p>couches (mm)<\/td>\n<td colspan=\"4\" width=\"481\">55~105<\/td>\n<\/tr>\n<tr>\n<td width=\"159\">Entr\u00e9e &amp; temp\u00e9ratures du noyau de la charge de sortie (\u2103)<\/td>\n<td colspan=\"4\" width=\"481\">+20\/-18<\/td>\n<\/tr>\n<tr>\n<td width=\"159\">R\u00e9frig\u00e9rant<\/td>\n<td width=\"117\">R717<\/td>\n<td width=\"118\">R22<\/td>\n<td width=\"120\">R717<\/td>\n<td width=\"126\">R22<\/td>\n<\/tr>\n<tr>\n<td width=\"159\">Conditions de travail du r\u00e9frig\u00e9rant (\u2103)<\/td>\n<td colspan=\"4\" width=\"481\">\u00b1 35<\/td>\n<\/tr>\n<tr>\n<td width=\"159\">Alimentation liquide<\/p>\n<p>interface (mm)<\/td>\n<td width=\"117\">\u03a645<\/td>\n<td width=\"118\">13\/8 pouces<\/td>\n<td width=\"120\">\u03a645<\/td>\n<td width=\"126\">15\/8 pouces<\/td>\n<\/tr>\n<tr>\n<td width=\"159\">Interface de retour d'air (mm)<\/td>\n<td width=\"117\">\u03a689<\/td>\n<td width=\"118\">\u03a676<\/td>\n<td width=\"120\">\u03a689<\/td>\n<td width=\"126\">\u03a689<\/td>\n<\/tr>\n<tr>\n<td width=\"159\">Consommation de refroidissement<\/p>\n<p>(kW)<\/td>\n<td colspan=\"2\" width=\"235\">41<\/td>\n<td colspan=\"2\" width=\"246\">49<\/td>\n<\/tr>\n<tr>\n<td width=\"159\">Capacit\u00e9 nominale de cong\u00e9lation (kg\/d\u00e9placement)<\/td>\n<td colspan=\"2\" width=\"235\">1500<\/td>\n<td colspan=\"2\" width=\"246\">1800<\/td>\n<\/tr>\n<tr>\n<td width=\"159\">Puissance install\u00e9e (kW)<\/td>\n<td colspan=\"4\" width=\"481\">1.5<\/td>\n<\/tr>\n<tr>\n<td width=\"159\">Poids (t)<\/td>\n<td width=\"117\">3.7<\/td>\n<td width=\"118\">3.6<\/td>\n<td width=\"120\">4.0<\/td>\n<td width=\"126\">3.8<\/td>\n<\/tr>\n<\/tbody>\n<\/table>\n<p>Remarque: La capacit\u00e9 de cong\u00e9lation est bas\u00e9e sur le plateau de poissons \u00e0 queue de cheveux, avec des dimensions de 600 * 400 * 80mm, 15kg par plateau.<\/p>\n<div class=\"host-lopnbnfpjmgpbppclhclehhgafnifija\" style=\"position: relative; z-index: 2147483647;\"><\/div>","protected":false},"excerpt":{"rendered":"<p>Le cong\u00e9lateur de plaques permet un cong\u00e9lation rapide gr\u00e2ce au contact double face entre les plaques alimentaires et les plaques m\u00e9talliques. Les plaques m\u00e9talliques fonctionnent en tant qu'\u00e9vaporateurs, en contactant \u00e9troitement les surfaces sup\u00e9rieure et inf\u00e9rieure de l'aliment et en transf\u00e9rant directement l'\u00e9nergie froide. Comme la conductivit\u00e9 thermique du m\u00e9tal est des dizaines de fois sup\u00e9rieure \u00e0 celle des syst\u00e8mes d'\u00e9change de chaleur \u00e0 base d'air, ce dispositif permet un cong\u00e9lation tr\u00e8s efficace et rapide.<\/p>\n<div class=\"host-lopnbnfpjmgpbppclhclehhgafnifija\" style=\"position: relative; z-index: 2147483647;\"><\/div>","protected":false},"featured_media":5258,"comment_status":"closed","ping_status":"closed","template":"","meta":[],"product_brand":[],"product_cat":[87,85],"product_tag":[],"class_list":{"0":"post-4561","1":"product","2":"type-product","3":"status-publish","4":"has-post-thumbnail","6":"product_cat-quick-freezer","7":"product_cat-quick-freezer-and-freeze-dryer","9":"first","10":"instock","11":"shipping-taxable","12":"product-type-simple"},"_links":{"self":[{"href":"https:\/\/www.moonepc.com\/fr\/wp-json\/wp\/v2\/product\/4561","targetHints":{"allow":["GET"]}}],"collection":[{"href":"https:\/\/www.moonepc.com\/fr\/wp-json\/wp\/v2\/product"}],"about":[{"href":"https:\/\/www.moonepc.com\/fr\/wp-json\/wp\/v2\/types\/product"}],"replies":[{"embeddable":true,"href":"https:\/\/www.moonepc.com\/fr\/wp-json\/wp\/v2\/comments?post=4561"}],"wp:featuredmedia":[{"embeddable":true,"href":"https:\/\/www.moonepc.com\/fr\/wp-json\/wp\/v2\/media\/5258"}],"wp:attachment":[{"href":"https:\/\/www.moonepc.com\/fr\/wp-json\/wp\/v2\/media?parent=4561"}],"wp:term":[{"taxonomy":"product_brand","embeddable":true,"href":"https:\/\/www.moonepc.com\/fr\/wp-json\/wp\/v2\/product_brand?post=4561"},{"taxonomy":"product_cat","embeddable":true,"href":"https:\/\/www.moonepc.com\/fr\/wp-json\/wp\/v2\/product_cat?post=4561"},{"taxonomy":"product_tag","embeddable":true,"href":"https:\/\/www.moonepc.com\/fr\/wp-json\/wp\/v2\/product_tag?post=4561"}],"curies":[{"name":"WP","href":"https:\/\/api.w.org\/{rel}","templated":true}]}}