{"id":4564,"date":"2025-07-30T11:23:00","date_gmt":"2025-07-30T03:23:00","guid":{"rendered":"https:\/\/www.moonepc.com\/?post_type=product&#038;p=4564"},"modified":"2025-09-23T14:52:54","modified_gmt":"2025-09-23T06:52:54","slug":"intelligent-tunnel-quick-freezers","status":"publish","type":"product","link":"https:\/\/www.moonepc.com\/fr\/intelligent-tunnel-quick-freezers\/","title":{"rendered":"Cong\u00e9lateurs rapides tunnel intelligents"},"content":{"rendered":"<p>Param\u00e8tres de performance des cong\u00e9lateurs tunnels (bande \u00e0 plaques) de la s\u00e9rie MTS<\/p>\n<table>\n<tbody>\n<tr>\n<td width=\"198\">Mod\u00e8le de produit<\/td>\n<td width=\"43\">MTS250<\/td>\n<td width=\"39\">MTS500<\/td>\n<td width=\"37\">MTS600<\/td>\n<td width=\"40\">MTS750<\/td>\n<td width=\"38\">MTS800<\/td>\n<td width=\"38\">* MTS800<\/td>\n<td width=\"40\">* MTS1000<\/td>\n<td width=\"41\">* MTS1200<\/td>\n<td width=\"42\">* MTS1500<\/td>\n<\/tr>\n<tr>\n<td width=\"198\">Capacit\u00e9 nominale de cong\u00e9lation (kg\/h)<\/td>\n<td width=\"43\">250<\/td>\n<td width=\"39\">500<\/td>\n<td width=\"37\">600<\/td>\n<td width=\"40\">750<\/td>\n<td width=\"38\">800<\/td>\n<td width=\"38\">800<\/td>\n<td width=\"40\">1000<\/td>\n<td width=\"41\">1200<\/td>\n<td width=\"42\">1500<\/td>\n<\/tr>\n<tr>\n<td width=\"198\">Consommation \u00e0 froid dans les conditions de travail nominales (kW)<\/td>\n<td width=\"43\">45<\/td>\n<td width=\"39\">80<\/td>\n<td width=\"37\">90<\/td>\n<td width=\"40\">110<\/td>\n<td width=\"38\">120<\/td>\n<td width=\"38\">130<\/td>\n<td width=\"40\">150<\/td>\n<td width=\"41\">180<\/td>\n<td width=\"42\">220<\/td>\n<\/tr>\n<\/tbody>\n<\/table>\n<p>Param\u00e8tres de performance des cong\u00e9lateurs tunnels (ceinture \u00e0 plaques) \u00e0 haute efficacit\u00e9 de la s\u00e9rie MES<\/p>\n<table>\n<tbody>\n<tr>\n<td width=\"274\">Mod\u00e8le de produit<\/td>\n<td width=\"142\">MES500<\/td>\n<td width=\"142\">MES750<\/td>\n<\/tr>\n<tr>\n<td width=\"274\">Capacit\u00e9 nominale de cong\u00e9lation (kg\/h)<\/td>\n<td width=\"142\">500<\/td>\n<td width=\"142\">750<\/td>\n<\/tr>\n<tr>\n<td width=\"274\">Consommation \u00e0 froid dans les conditions de travail nominales (kW)<\/td>\n<td width=\"142\">100<\/td>\n<td width=\"142\">145<\/td>\n<\/tr>\n<\/tbody>\n<\/table>\n<p>Param\u00e8tres de performance des cong\u00e9lateurs tunnels de la s\u00e9rie MTN<\/p>\n<table>\n<tbody>\n<tr>\n<td width=\"63\">Mod\u00e8le de produit<\/td>\n<td width=\"32\">MTN<\/p>\n<p>250<\/p>\n<p>-1220<\/td>\n<td width=\"32\">MTN<\/p>\n<p>500<\/p>\n<p>-1220<\/td>\n<td width=\"32\">MTN<\/p>\n<p>500<\/p>\n<p>-1530<\/td>\n<td width=\"32\">MTN<\/p>\n<p>750<\/p>\n<p>-1530<\/td>\n<td width=\"32\">MTN<\/p>\n<p>1000<\/p>\n<p>-1530<\/td>\n<td width=\"32\">MTN<\/p>\n<p>500<\/p>\n<p>-2030<\/td>\n<td width=\"32\">MTN<\/p>\n<p>750<\/p>\n<p>-2030<\/td>\n<td width=\"32\">MTN<\/p>\n<p>1000<\/p>\n<p>-2030<\/td>\n<td width=\"32\">MTN<\/p>\n<p>1500<\/p>\n<p>-2030<\/td>\n<td width=\"32\">MTN<\/p>\n<p>2000<\/p>\n<p>-2030<\/td>\n<td width=\"32\">MTN<\/p>\n<p>500<\/p>\n<p>-2200<\/td>\n<td width=\"32\">MTN<\/p>\n<p>750<\/p>\n<p>-2200<\/td>\n<td width=\"32\">MTN<\/p>\n<p>1000<\/p>\n<p>-2200<\/td>\n<td width=\"32\">MTN<\/p>\n<p>1200<\/p>\n<p>-2200<\/td>\n<td width=\"33\">MTN<\/p>\n<p>1500<\/p>\n<p>-2200<\/td>\n<\/tr>\n<tr>\n<td width=\"63\">Capacit\u00e9 nominale de cong\u00e9lation (kg\/h)<\/td>\n<td width=\"32\">250<\/td>\n<td width=\"32\">500<\/td>\n<td width=\"32\">500<\/td>\n<td width=\"32\">750<\/td>\n<td width=\"32\">1000<\/td>\n<td width=\"32\">500<\/td>\n<td width=\"32\">750<\/td>\n<td width=\"32\">1000<\/td>\n<td width=\"32\">1500<\/td>\n<td width=\"32\">2000<\/td>\n<td width=\"32\">500<\/td>\n<td width=\"32\">750<\/td>\n<td width=\"32\">1000<\/td>\n<td width=\"32\">1200<\/td>\n<td width=\"33\">1500<\/td>\n<\/tr>\n<tr>\n<td width=\"63\">Consommation \u00e0 froid dans les conditions de travail nominales (kW)<\/td>\n<td width=\"32\">&nbsp;<\/p>\n<p>45<\/td>\n<td width=\"32\">&nbsp;<\/p>\n<p>80<\/td>\n<td width=\"32\">&nbsp;<\/p>\n<p>80<\/td>\n<td width=\"32\">&nbsp;<\/p>\n<p>110<\/td>\n<td width=\"32\">&nbsp;<\/p>\n<p>160<\/td>\n<td width=\"32\">&nbsp;<\/p>\n<p>80<\/td>\n<td width=\"32\">&nbsp;<\/p>\n<p>110<\/td>\n<td width=\"32\">&nbsp;<\/p>\n<p>150<\/td>\n<td width=\"32\">&nbsp;<\/p>\n<p>220<\/td>\n<td width=\"32\">&nbsp;<\/p>\n<p>300<\/td>\n<td width=\"32\">&nbsp;<\/p>\n<p>80<\/td>\n<td width=\"32\">&nbsp;<\/p>\n<p>110<\/td>\n<td width=\"32\">&nbsp;<\/p>\n<p>150<\/td>\n<td width=\"32\">&nbsp;<\/p>\n<p>180<\/td>\n<td width=\"33\">&nbsp;<\/p>\n<p>220<\/td>\n<\/tr>\n<\/tbody>\n<\/table>\n<p>&nbsp;<\/p>\n<table>\n<tbody>\n<tr>\n<td width=\"68\">Mod\u00e8le de produit<\/td>\n<td width=\"35\">MTN<\/p>\n<p>1500<\/p>\n<p>-2200<\/td>\n<td width=\"35\">MTN<\/p>\n<p>2000<\/p>\n<p>-2200<\/td>\n<td width=\"35\">MTN<\/p>\n<p>750<\/p>\n<p>-2650<\/td>\n<td width=\"35\">MTN<\/p>\n<p>1000<\/p>\n<p>-2650<\/td>\n<td width=\"35\">MTN<\/p>\n<p>1200<\/p>\n<p>-2650<\/td>\n<td width=\"35\">MTN<\/p>\n<p>1500<\/p>\n<p>-2650<\/td>\n<td width=\"35\">MTN<\/p>\n<p>1000<\/p>\n<p>-3030<\/td>\n<td width=\"35\">MTN<\/p>\n<p>1200<\/p>\n<p>-3030<\/td>\n<td width=\"35\">MTN<\/p>\n<p>1500<\/p>\n<p>-3030<\/td>\n<td width=\"35\">MTN<\/p>\n<p>2000<\/p>\n<p>-3030<\/td>\n<td width=\"35\">MTN<\/p>\n<p>1200<\/p>\n<p>-3200<\/td>\n<td width=\"35\">MTN<\/p>\n<p>1500<\/p>\n<p>-3200<\/td>\n<td width=\"35\">MTN<\/p>\n<p>2000<\/p>\n<p>-3200<\/td>\n<td width=\"35\">MTN<\/p>\n<p>2500<\/p>\n<p>-3200<\/td>\n<\/tr>\n<tr>\n<td width=\"68\">Capacit\u00e9 nominale de cong\u00e9lation (kg\/h)<\/td>\n<td width=\"35\">1500<\/td>\n<td width=\"35\">2000<\/td>\n<td width=\"35\">750<\/td>\n<td width=\"35\">1000<\/td>\n<td width=\"35\">1200<\/td>\n<td width=\"35\">1500<\/td>\n<td width=\"35\">1000<\/td>\n<td width=\"35\">1200<\/td>\n<td width=\"35\">1500<\/td>\n<td width=\"35\">2000<\/td>\n<td width=\"35\">1200<\/td>\n<td width=\"35\">1500<\/td>\n<td width=\"35\">2000<\/td>\n<td width=\"35\">2500<\/td>\n<\/tr>\n<tr>\n<td width=\"68\">Consommation \u00e0 froid dans les conditions de travail nominales (kW)<\/td>\n<td width=\"35\">230<\/td>\n<td width=\"35\">300<\/td>\n<td width=\"35\">110<\/td>\n<td width=\"35\">155<\/td>\n<td width=\"35\">180<\/td>\n<td width=\"35\">220<\/td>\n<td width=\"35\">160<\/td>\n<td width=\"35\">180<\/td>\n<td width=\"35\">220<\/td>\n<td width=\"35\">300<\/td>\n<td width=\"35\">180<\/td>\n<td width=\"35\">220<\/td>\n<td width=\"35\">300<\/td>\n<td width=\"35\">380<\/td>\n<\/tr>\n<\/tbody>\n<\/table>\n<p>&nbsp;<\/p>\n<div class=\"host-lopnbnfpjmgpbppclhclehhgafnifija\" style=\"position: relative; z-index: 2147483647;\"><\/div>","protected":false},"excerpt":{"rendered":"<p>Le tunnel de cong\u00e9lation verticale intelligent est une solution de pointe con\u00e7ue pour la cong\u00e9lation rapide de grands produits de viande et de volaille emball\u00e9s en plateaux ou en bo\u00eetes. Il offre une alternative intelligente et efficace aux cong\u00e9lateurs automatiques (ABF) traditionnels.<\/p>\n<div class=\"host-lopnbnfpjmgpbppclhclehhgafnifija\" style=\"position: relative; z-index: 2147483647;\"><\/div>","protected":false},"featured_media":5267,"comment_status":"closed","ping_status":"closed","template":"","meta":[],"product_brand":[],"product_cat":[87,85],"product_tag":[],"class_list":{"0":"post-4564","1":"product","2":"type-product","3":"status-publish","4":"has-post-thumbnail","6":"product_cat-quick-freezer","7":"product_cat-quick-freezer-and-freeze-dryer","9":"first","10":"instock","11":"shipping-taxable","12":"product-type-simple"},"_links":{"self":[{"href":"https:\/\/www.moonepc.com\/fr\/wp-json\/wp\/v2\/product\/4564","targetHints":{"allow":["GET"]}}],"collection":[{"href":"https:\/\/www.moonepc.com\/fr\/wp-json\/wp\/v2\/product"}],"about":[{"href":"https:\/\/www.moonepc.com\/fr\/wp-json\/wp\/v2\/types\/product"}],"replies":[{"embeddable":true,"href":"https:\/\/www.moonepc.com\/fr\/wp-json\/wp\/v2\/comments?post=4564"}],"wp:featuredmedia":[{"embeddable":true,"href":"https:\/\/www.moonepc.com\/fr\/wp-json\/wp\/v2\/media\/5267"}],"wp:attachment":[{"href":"https:\/\/www.moonepc.com\/fr\/wp-json\/wp\/v2\/media?parent=4564"}],"wp:term":[{"taxonomy":"product_brand","embeddable":true,"href":"https:\/\/www.moonepc.com\/fr\/wp-json\/wp\/v2\/product_brand?post=4564"},{"taxonomy":"product_cat","embeddable":true,"href":"https:\/\/www.moonepc.com\/fr\/wp-json\/wp\/v2\/product_cat?post=4564"},{"taxonomy":"product_tag","embeddable":true,"href":"https:\/\/www.moonepc.com\/fr\/wp-json\/wp\/v2\/product_tag?post=4564"}],"curies":[{"name":"WP","href":"https:\/\/api.w.org\/{rel}","templated":true}]}}