{"id":4572,"date":"2025-07-30T11:58:33","date_gmt":"2025-07-30T03:58:33","guid":{"rendered":"https:\/\/www.moonepc.com\/?post_type=product&#038;p=4572"},"modified":"2025-09-23T14:45:58","modified_gmt":"2025-09-23T06:45:58","slug":"customized-vacuum-freeze-drying-equipment-2","status":"publish","type":"product","link":"https:\/\/www.moonepc.com\/fr\/customized-vacuum-freeze-drying-equipment-2\/","title":{"rendered":"\u00c9quipement de lyophilisation sous vide personnalis\u00e9"},"content":{"rendered":"<p><strong><b>Technique<\/b><\/strong><strong><b>\u00a0<\/b><\/strong><strong><b>Tableau de param\u00e8tres<\/b><\/strong><\/p>\n<table>\n<tbody>\n<tr>\n<td colspan=\"2\" width=\"147\">Article\\Mod\u00e8le<\/td>\n<td width=\"97\">MTFD0.2-5L<\/td>\n<td width=\"129\">MTFD2.2-50L<\/td>\n<td width=\"103\">MTFD15-180L<\/td>\n<td width=\"126\">MTFD25-300L<\/td>\n<\/tr>\n<tr>\n<td colspan=\"2\" width=\"147\">Capacit\u00e9 de chargement d'eau<\/p>\n<p>(L\/d\u00e9calage)<\/td>\n<td width=\"97\">5<\/td>\n<td width=\"129\">50<\/td>\n<td width=\"103\">180<\/td>\n<td width=\"126\">300<\/td>\n<\/tr>\n<tr>\n<td colspan=\"2\" width=\"147\">Capacit\u00e9 d'alimentation standard<\/p>\n<p>(kg\/d\u00e9calage)<\/td>\n<td width=\"97\">2.5<\/td>\n<td width=\"129\">30<\/td>\n<td width=\"103\">200<\/td>\n<td width=\"126\">320<\/td>\n<\/tr>\n<tr>\n<td rowspan=\"6\" width=\"54\">&nbsp;<\/p>\n<p>&nbsp;<\/p>\n<p>&nbsp;<\/p>\n<p>&nbsp;<\/p>\n<p>Assembl\u00e9e lyophilisateur<\/td>\n<td width=\"92\">Mat\u00e9riel<\/td>\n<td width=\"97\"><\/td>\n<td colspan=\"3\" width=\"359\">SUS304, Traitement de passivation de surface int\u00e9rieure et ext\u00e9rieure<\/td>\n<\/tr>\n<tr>\n<td width=\"92\">Dimension ext\u00e9rieure<\/p>\n<p>(mm)<\/td>\n<td width=\"97\">1000\u00d71000\u00d71400<\/td>\n<td width=\"129\">3000 \u00d7 2000 \u00d7<u>210<\/u>0<\/td>\n<td width=\"103\">4000\u00d71800\u00d72400<\/td>\n<td width=\"126\">\u03c62200\u00d77500<\/td>\n<\/tr>\n<tr>\n<td width=\"92\">ChamberDoor<\/td>\n<td width=\"97\">Carr\u00e9, unique ouvert<\/td>\n<td width=\"129\">Forme circulaire, unique ouvert<\/td>\n<td width=\"103\">Carr\u00e9, unique ouvert<\/td>\n<td width=\"126\">Forme circulaire, unique ouvert<\/td>\n<\/tr>\n<tr>\n<td width=\"92\">Pi\u00e8ge froidType<\/td>\n<td colspan=\"2\" width=\"227\">Type mont\u00e9 sous<\/td>\n<td colspan=\"2\" width=\"230\">Type mont\u00e9 arri\u00e8re<\/td>\n<\/tr>\n<tr>\n<td width=\"92\">Type de r\u00e9frig\u00e9ration<\/td>\n<td colspan=\"4\" width=\"457\">Alimentation d'expansion directe, r\u00e9frig\u00e9rant: R404A \/ R507A<\/td>\n<\/tr>\n<tr>\n<td width=\"92\">Temp d'\u00e9vaporation<\/td>\n<td colspan=\"2\" width=\"227\">\u2264-50\u2103<\/td>\n<td colspan=\"2\" width=\"230\">\u2264-70\u2103<\/td>\n<\/tr>\n<tr>\n<td rowspan=\"7\" width=\"54\">&nbsp;<\/p>\n<p>&nbsp;<\/p>\n<p>&nbsp;<\/p>\n<p>&nbsp;<\/p>\n<p>&nbsp;<\/p>\n<p>&nbsp;<\/p>\n<p>&nbsp;<\/p>\n<p>&nbsp;<\/p>\n<p>\u00c9tag\u00e8re\/plateau<\/td>\n<td width=\"92\">N\u00b0 d'\u00e9tag\u00e8re de produit<\/td>\n<td width=\"97\">3<\/td>\n<td width=\"129\">7<\/td>\n<td width=\"103\">14<\/td>\n<td width=\"126\">11<\/td>\n<\/tr>\n<tr>\n<td width=\"92\">Superficie totale des \u00e9tag\u00e8res<\/td>\n<td width=\"97\">0,2 m\u00b2<\/td>\n<td width=\"129\">2,2 m\u00b2<\/td>\n<td width=\"103\">15 m\u00b2<\/td>\n<td width=\"126\">25m\u00b2<\/td>\n<\/tr>\n<tr>\n<td width=\"92\">&nbsp;<\/p>\n<p>Mode de transfert de chaleur<\/td>\n<td width=\"97\">Chauffage \u00e9lectrique<\/td>\n<td width=\"129\">Radiation de circulation<\/p>\n<p>Chauffage, \u00e9change de chaleur pour<\/p>\n<p>tuyau de chauffage \u00e9lectrique<\/td>\n<td colspan=\"2\" width=\"230\">Chauffage de contact de plateau,<\/p>\n<p>\u00c9change de chaleur pour l'huile de silicone<\/td>\n<\/tr>\n<tr>\n<td width=\"92\">R\u00e9gulation<\/p>\n<p>Plage de temp\u00e9rature<\/p>\n<p>des \u00e9tag\u00e8res<\/td>\n<td colspan=\"2\" width=\"227\">&nbsp;<\/p>\n<p>Temp\u00e9rature ambiante ~ 100\u2103<\/td>\n<td colspan=\"2\" width=\"230\">&nbsp;<\/p>\n<p>-60\u2103~ 100\u2103<\/td>\n<\/tr>\n<tr>\n<td width=\"92\">Taille du plateau (mm)<\/td>\n<td width=\"97\">360\u00d7280\u00d732<\/td>\n<td width=\"129\">680\u00d7550\u00d732<\/td>\n<td width=\"103\">680\u00d7550\u00d735<\/td>\n<td width=\"126\">700\u00d7600\u00d735<\/td>\n<\/tr>\n<tr>\n<td width=\"92\">QTY de plateau<\/td>\n<td width=\"97\">2<\/td>\n<td width=\"129\">6<\/td>\n<td width=\"103\">40<\/td>\n<td width=\"126\">120<\/td>\n<\/tr>\n<tr>\n<td width=\"92\">Type de chargement<\/td>\n<td colspan=\"4\" width=\"457\">Chargement et d\u00e9chargement manuels<\/td>\n<\/tr>\n<tr>\n<td rowspan=\"2\" width=\"54\">&nbsp;<\/p>\n<p>Le vide<\/p>\n<p>Syst\u00e8me<\/td>\n<td width=\"92\">Limite statique Vide pour chacun<\/td>\n<td colspan=\"4\" width=\"457\">&nbsp;<\/p>\n<p>13 Pa<\/td>\n<\/tr>\n<tr>\n<td width=\"92\">Pression de travail en<\/p>\n<p>Bin<\/td>\n<td colspan=\"4\" width=\"457\">30 \u00e0 133Pa<\/td>\n<\/tr>\n<tr>\n<td rowspan=\"4\" width=\"54\">&nbsp;<\/p>\n<p>&nbsp;<\/p>\n<p>Contr\u00f4le<\/td>\n<td width=\"92\">Cabinet de contr\u00f4le<\/td>\n<td colspan=\"4\" width=\"457\">Tout en un, contr\u00f4le PLC<\/td>\n<\/tr>\n<tr>\n<td width=\"92\">Temp\u00e9rature<\/td>\n<td colspan=\"4\" width=\"457\">Contr\u00f4le de programmation<\/td>\n<\/tr>\n<tr>\n<td width=\"92\">Le vide<\/td>\n<td colspan=\"4\" width=\"457\">Contr\u00f4le du gauge de vide<\/td>\n<\/tr>\n<tr>\n<td width=\"92\">Voltage<\/td>\n<td colspan=\"2\" width=\"227\">AC \/ 220V \/ 50HZ<\/td>\n<td colspan=\"2\" width=\"230\">AC \/ 380V \/ 50HZ<\/td>\n<\/tr>\n<\/tbody>\n<\/table>\n<p>&nbsp;<\/p>\n<p><strong><b>Technique<\/b><\/strong><strong><b>\u00a0<\/b><\/strong><strong><b>Tableau de param\u00e8tres<\/b><\/strong><\/p>\n<table>\n<tbody>\n<tr>\n<td colspan=\"2\" width=\"148\">Article\\Mod\u00e8le<\/td>\n<td width=\"67\">MTFD25-300L<\/td>\n<td width=\"71\">MTFD50-600L<\/td>\n<td width=\"79\">MTFD100-1200L<\/td>\n<td width=\"78\">MTFD120-1500L<\/td>\n<td width=\"80\">MTFD200-2500<\/td>\n<td width=\"79\">L|MTFD240-3000L<\/td>\n<\/tr>\n<tr>\n<td colspan=\"2\" width=\"148\">Capacit\u00e9 de chargement d'eau<\/p>\n<p>(L\/d\u00e9calage)<\/td>\n<td width=\"67\">300<\/td>\n<td width=\"71\">600<\/td>\n<td width=\"79\">1200<\/td>\n<td width=\"78\">1500<\/td>\n<td width=\"80\">2500<\/td>\n<td width=\"79\">3000<\/td>\n<\/tr>\n<tr>\n<td colspan=\"2\" width=\"148\">Capacit\u00e9 d'alimentation standard<\/p>\n<p>(kg\/d\u00e9calage)<\/td>\n<td width=\"67\">320<\/td>\n<td width=\"71\">640<\/td>\n<td width=\"79\">1280<\/td>\n<td width=\"78\">1520<\/td>\n<td width=\"80\">2660<\/td>\n<td width=\"79\">3200<\/td>\n<\/tr>\n<tr>\n<td rowspan=\"6\" width=\"54\">&nbsp;<\/p>\n<p>&nbsp;<\/p>\n<p>&nbsp;<\/p>\n<p>&nbsp;<\/p>\n<p>&nbsp;<\/p>\n<p>Assembl\u00e9e lyophilisateur<\/td>\n<td width=\"93\">Mat\u00e9riel<\/td>\n<td width=\"67\">SS400, m\u00e9tal S<\/td>\n<td colspan=\"5\" width=\"389\">prier sur la surface int\u00e9rieure et la peinture sur la surface ext\u00e9rieure \/ SUS304, traitement de passivation de la surface int\u00e9rieure et ext\u00e9rieure<\/td>\n<\/tr>\n<tr>\n<td width=\"93\">Dimension ext\u00e9rieure<\/p>\n<p>(mm)<\/td>\n<td width=\"67\">\u03c61800\u00d76800<\/td>\n<td width=\"71\">\u03c62300\u00d76900<\/td>\n<td colspan=\"2\" width=\"158\">\u00a0\u03c62300\u00d79600\u00a0\u00a0\u00a0\u03c62500\u00d711000<\/td>\n<td colspan=\"2\" width=\"160\">\u03c62500\u00d711700\u00a0\u00a0\u00a0\u03c62500\u00d712850\u00a0\u03c62500\u00d77100\u00a0\u00a0\u00a0\u00a0\u03c62500\u00d77600<\/td>\n<\/tr>\n<tr>\n<td width=\"93\">ChamberDoor<\/td>\n<td colspan=\"2\" width=\"139\"><\/td>\n<td colspan=\"4\" width=\"318\">Forme circulaire, unique ouvert<\/td>\n<\/tr>\n<tr>\n<td width=\"93\">Pi\u00e8ge froidType<\/td>\n<td colspan=\"2\" width=\"139\">Type mont\u00e9 arri\u00e8re<\/td>\n<td colspan=\"4\" width=\"318\">Type mont\u00e9 arri\u00e8re\/type mont\u00e9 lat\u00e9ral<\/td>\n<\/tr>\n<tr>\n<td width=\"93\">Type de r\u00e9frig\u00e9ration<\/td>\n<td colspan=\"6\" width=\"457\">Alimentation d'expansion directe \/ alimentation de pompe, r\u00e9frig\u00e9rant: R507A CO \u2082\/R717<\/td>\n<\/tr>\n<tr>\n<td width=\"93\">Temp d'\u00e9vaporation<\/td>\n<td colspan=\"6\" width=\"457\">\u2264-40\u2103<\/td>\n<\/tr>\n<tr>\n<td rowspan=\"7\" width=\"54\">&nbsp;<\/p>\n<p>&nbsp;<\/p>\n<p>&nbsp;<\/p>\n<p>&nbsp;<\/p>\n<p>&nbsp;<\/p>\n<p>&nbsp;<\/p>\n<p>\u00c9tag\u00e8re\/plateau<\/td>\n<td width=\"93\">N\u00b0 d'\u00e9tag\u00e8re de produit<\/td>\n<td width=\"67\">11<\/td>\n<td width=\"71\">17<\/td>\n<td width=\"79\">17<\/td>\n<td width=\"78\">20<\/td>\n<td width=\"80\">20<\/td>\n<td width=\"79\">21<\/td>\n<\/tr>\n<tr>\n<td width=\"93\">Superficie totale des \u00e9tag\u00e8res<\/td>\n<td width=\"67\">25m\u00b2<\/td>\n<td width=\"71\">50m\u00b2<\/td>\n<td width=\"79\">100m\u00b2<\/td>\n<td width=\"78\">120 m\u00b2<\/td>\n<td width=\"80\">200 m\u00b2<\/td>\n<td width=\"79\">240m\u00b2<\/td>\n<\/tr>\n<tr>\n<td width=\"93\">Mode de transfert de chaleur<\/td>\n<td colspan=\"6\" width=\"457\">Chauffage par rayonnement de circulation, \u00e9change de chaleur pour la vapeur satur\u00e9e de 0,5 MPa<\/td>\n<\/tr>\n<tr>\n<td width=\"93\">R\u00e9gulation<\/p>\n<p>Plage de temp\u00e9rature<\/p>\n<p>des \u00e9tag\u00e8res<\/td>\n<td colspan=\"6\" width=\"457\">&nbsp;<\/p>\n<p>Temp\u00e9rature ambiante ~ 120\u2103<\/td>\n<\/tr>\n<tr>\n<td width=\"93\">Taille du plateau (mm)<\/td>\n<td width=\"67\">415 \u00d7 515 \u00d7 32<\/td>\n<td width=\"71\">680\u00d7550\u00d732<\/td>\n<td width=\"79\">680\u00d7550\u00d732<\/td>\n<td width=\"78\">680\u00d7550\u00d732<\/td>\n<td width=\"80\">680\u00d7550\u00d732<\/td>\n<td width=\"79\">680\u00d7550\u00d732<\/td>\n<\/tr>\n<tr>\n<td width=\"93\">QTY de plateau<\/td>\n<td width=\"67\">120<\/td>\n<td width=\"71\">128<\/td>\n<td width=\"79\">256<\/td>\n<td width=\"78\">304<\/td>\n<td width=\"80\">532<\/td>\n<td width=\"79\">640<\/td>\n<\/tr>\n<tr>\n<td width=\"93\">Type de chargement<\/td>\n<td colspan=\"6\" width=\"457\">Type de rail de suspension<\/td>\n<\/tr>\n<tr>\n<td rowspan=\"2\" width=\"54\">&nbsp;<\/p>\n<p>Le vide<\/p>\n<p>Syst\u00e8me<\/td>\n<td width=\"93\">Limite statique Vide pour chacun<\/td>\n<td colspan=\"6\" width=\"457\">13 Pa<\/td>\n<\/tr>\n<tr>\n<td width=\"93\">Pression de travail en<\/p>\n<p>Bin<\/td>\n<td colspan=\"6\" width=\"457\">30 \u00e0 133Pa<\/td>\n<\/tr>\n<tr>\n<td rowspan=\"4\" width=\"54\">&nbsp;<\/p>\n<p>&nbsp;<\/p>\n<p>&nbsp;<\/p>\n<p>Contr\u00f4le<\/td>\n<td width=\"93\">Cabinet de contr\u00f4le<\/td>\n<td colspan=\"6\" width=\"457\">Type de s\u00e9paration, contr\u00f4le PLC<\/td>\n<\/tr>\n<tr>\n<td width=\"93\">Temp\u00e9rature<\/td>\n<td colspan=\"6\" width=\"457\">Contr\u00f4le du contr\u00f4leur de temp\u00e9rature<\/td>\n<\/tr>\n<tr>\n<td width=\"93\">Le vide<\/td>\n<td colspan=\"6\" width=\"457\">Contr\u00f4le du gauge de vide<\/td>\n<\/tr>\n<tr>\n<td width=\"93\">Voltage<\/td>\n<td colspan=\"6\" width=\"457\">AC \/ 380V \/ 50HZ<\/td>\n<\/tr>\n<\/tbody>\n<\/table>\n<div class=\"host-lopnbnfpjmgpbppclhclehhgafnifija\" style=\"position: relative; z-index: 2147483647;\"><\/div>","protected":false},"excerpt":{"rendered":"<p>Divers aliments contenant de l'humidit\u00e9 sont transform\u00e9s en fonction de leurs caract\u00e9ristiques, puis soumis \u00e0 des conditions \u00e0 basse temp\u00e9rature et \u00e0 haut vide. Dans ces conditions, l'humidit\u00e9 des aliments pr\u00e9congel\u00e9s sublime directement de la glace \u00e0 la vapeur d'eau sans fondre, d\u00e9shydratant et s\u00e9chant ainsi les aliments. La nourriture conserve sa couleur, son ar\u00f4me, sa saveur, sa teneur nutritionnelle et son aspect d'origine, et pr\u00e9sente d'excellentes propri\u00e9t\u00e9s de r\u00e9hydratation, ce qui en fait un produit alimentaire naturel et hygi\u00e9nique id\u00e9al.<\/p>\n<div class=\"host-lopnbnfpjmgpbppclhclehhgafnifija\" style=\"position: relative; z-index: 2147483647;\"><\/div>","protected":false},"featured_media":5252,"comment_status":"closed","ping_status":"closed","template":"","meta":[],"product_brand":[],"product_cat":[86,85],"product_tag":[],"class_list":{"0":"post-4572","1":"product","2":"type-product","3":"status-publish","4":"has-post-thumbnail","6":"product_cat-food-freeze-dryer","7":"product_cat-quick-freezer-and-freeze-dryer","9":"first","10":"instock","11":"shipping-taxable","12":"product-type-simple"},"_links":{"self":[{"href":"https:\/\/www.moonepc.com\/fr\/wp-json\/wp\/v2\/product\/4572","targetHints":{"allow":["GET"]}}],"collection":[{"href":"https:\/\/www.moonepc.com\/fr\/wp-json\/wp\/v2\/product"}],"about":[{"href":"https:\/\/www.moonepc.com\/fr\/wp-json\/wp\/v2\/types\/product"}],"replies":[{"embeddable":true,"href":"https:\/\/www.moonepc.com\/fr\/wp-json\/wp\/v2\/comments?post=4572"}],"wp:featuredmedia":[{"embeddable":true,"href":"https:\/\/www.moonepc.com\/fr\/wp-json\/wp\/v2\/media\/5252"}],"wp:attachment":[{"href":"https:\/\/www.moonepc.com\/fr\/wp-json\/wp\/v2\/media?parent=4572"}],"wp:term":[{"taxonomy":"product_brand","embeddable":true,"href":"https:\/\/www.moonepc.com\/fr\/wp-json\/wp\/v2\/product_brand?post=4572"},{"taxonomy":"product_cat","embeddable":true,"href":"https:\/\/www.moonepc.com\/fr\/wp-json\/wp\/v2\/product_cat?post=4572"},{"taxonomy":"product_tag","embeddable":true,"href":"https:\/\/www.moonepc.com\/fr\/wp-json\/wp\/v2\/product_tag?post=4572"}],"curies":[{"name":"WP","href":"https:\/\/api.w.org\/{rel}","templated":true}]}}