{"id":4585,"date":"2025-07-30T12:07:45","date_gmt":"2025-07-30T04:07:45","guid":{"rendered":"https:\/\/www.moonepc.com\/?post_type=product&#038;p=4585"},"modified":"2025-09-23T14:57:31","modified_gmt":"2025-09-23T06:57:31","slug":"lce-making-machine","status":"publish","type":"product","link":"https:\/\/www.moonepc.com\/fr\/lce-making-machine\/","title":{"rendered":"Machine de fabrication de glace"},"content":{"rendered":"<table>\n<tbody>\n<tr>\n<td width=\"14\">mod\u00e8le<\/td>\n<td width=\"121\">Mod\u00e8le<\/td>\n<td width=\"102\">ICB-1T<\/td>\n<td width=\"102\">ICB-3T<\/td>\n<\/tr>\n<tr>\n<td width=\"14\">Production quotidienne<\/td>\n<td width=\"121\">Dalyoutput<\/td>\n<td width=\"102\">1t \/ 24hrs<\/td>\n<td width=\"102\">3t \/ 24hrs<\/td>\n<\/tr>\n<tr>\n<td width=\"14\">Capacit\u00e9 de refroidissement<\/td>\n<td width=\"121\">Capacit\u00e9 de refroidissement<\/td>\n<td width=\"102\">9.5k<\/td>\n<td width=\"102\">25 kw<\/td>\n<\/tr>\n<tr>\n<td width=\"14\">Puissance totale<\/td>\n<td width=\"121\">Puissance totale<\/td>\n<td width=\"102\">5kw<\/td>\n<td width=\"102\">12kw<\/td>\n<\/tr>\n<tr>\n<td width=\"14\">Poids de la glace<\/td>\n<td width=\"121\">k\u00e9poids<\/td>\n<td width=\"102\">25 kg<\/td>\n<td width=\"102\">25 kg<\/td>\n<\/tr>\n<tr>\n<td width=\"14\">Nombre de moules de glace<\/td>\n<td width=\"121\">Num\u00e9rofcemolds<\/td>\n<td width=\"102\">20 pi\u00e8ces<\/td>\n<td width=\"102\">65 pi\u00e8ces<\/td>\n<\/tr>\n<tr>\n<td width=\"14\">Temps de gel<\/td>\n<td width=\"121\">Temps de fr\u00e9quence<\/td>\n<td width=\"102\">8h<\/td>\n<td width=\"102\">8h<\/td>\n<\/tr>\n<tr>\n<td width=\"14\">M\u00e9thode de refroidissement<\/td>\n<td width=\"121\">m\u00e9thode cooingmethod<\/td>\n<td width=\"102\">Air - cooled refroidi par air<\/td>\n<td width=\"102\">Air - cooled refroidi par air<\/td>\n<\/tr>\n<tr>\n<td width=\"14\">Pression d'alimentation en eau<\/td>\n<td width=\"121\">Pression d'alimentation en eau<\/td>\n<td width=\"102\">0.1Mp-0.5Mp<\/td>\n<td width=\"102\">0.1Mp-0.5Mp<\/td>\n<\/tr>\n<tr>\n<td width=\"14\">Taille de l'unit\u00e9<\/td>\n<td width=\"121\">Taille de l'unit\u00e9<\/td>\n<td width=\"102\">3300x14802000mm<\/td>\n<td width=\"102\">4700x2100x2000mm<\/td>\n<\/tr>\n<tr>\n<td colspan=\"4\" width=\"341\"><\/td>\n<\/tr>\n<tr>\n<td width=\"14\">mod\u00e8le<\/td>\n<td width=\"121\">Mod\u00e8le<\/td>\n<td width=\"102\">ICB-5T<\/td>\n<td width=\"102\">ICB-8T<\/td>\n<\/tr>\n<tr>\n<td width=\"14\">Production quotidienne<\/td>\n<td width=\"121\">Dalyoutput<\/td>\n<td width=\"102\">5t \/ 24hrs<\/td>\n<td width=\"102\">8t \/ 24hrs<\/td>\n<\/tr>\n<tr>\n<td width=\"14\">Capacit\u00e9 de refroidissement<\/td>\n<td width=\"121\">Capacit\u00e9 de refroidissement<\/td>\n<td width=\"102\">44 kW<\/td>\n<td width=\"102\">81 kW<\/td>\n<\/tr>\n<tr>\n<td width=\"14\">Puissance totale<\/td>\n<td width=\"121\">Puissance totale<\/td>\n<td width=\"102\">20 kW<\/td>\n<td width=\"102\">35 kW<\/td>\n<\/tr>\n<tr>\n<td width=\"14\">Poids de la glace<\/td>\n<td width=\"121\">Poids de glace<\/td>\n<td width=\"102\">25 kg<\/td>\n<td width=\"102\">25 kg<\/td>\n<\/tr>\n<tr>\n<td width=\"14\">Nombre de moules de glace<\/td>\n<td width=\"121\">Num\u00e9rofcemoks<\/td>\n<td width=\"102\">99 pi\u00e8ces<\/td>\n<td width=\"102\">160pcs<\/td>\n<\/tr>\n<tr>\n<td width=\"14\">Temps de gel<\/td>\n<td width=\"121\">temps libre<\/td>\n<td width=\"102\">8h<\/td>\n<td width=\"102\">8h<\/td>\n<\/tr>\n<tr>\n<td width=\"14\">M\u00e9thode de refroidissement<\/td>\n<td width=\"121\">m\u00e9thode de refroidissement<\/td>\n<td width=\"102\">Refroidissement par eau\/refroidissement par \u00e9vaporation<\/td>\n<td width=\"102\">Refroidissement par eau\/refroidissement par \u00e9vaporation<\/td>\n<\/tr>\n<tr>\n<td width=\"14\">Pression d'alimentation en eau<\/td>\n<td width=\"121\">Pression d'alimentation en eau<\/td>\n<td width=\"102\">0.1Mp-0.5Mp<\/td>\n<td width=\"102\">0.1Mp-0.5Mp<\/td>\n<\/tr>\n<tr>\n<td width=\"14\">Taille de l'unit\u00e9<\/td>\n<td width=\"121\">Taille de l'unit\u00e9<\/td>\n<td width=\"102\">5500x2100x2000mm<\/td>\n<td width=\"102\">7500x25402350mm<\/td>\n<\/tr>\n<\/tbody>\n<\/table>\n<p>* 10t, 15t, 20t, 30t \/ 24hrs<\/p>\n<table>\n<tbody>\n<tr>\n<td width=\"14\">mod\u00e8le<\/td>\n<td width=\"121\">Mod\u00e8le<\/td>\n<td width=\"102\">ICB-10T<\/td>\n<td width=\"102\">ICB-15T<\/td>\n<td width=\"109\">ICB-20T<\/td>\n<td width=\"102\">ICB-30T<\/td>\n<\/tr>\n<tr>\n<td width=\"14\">Production quotidienne<\/td>\n<td width=\"121\">sortie quotidienne<\/td>\n<td width=\"102\">10t \/ 24hrs<\/td>\n<td width=\"102\">15t \/ 24hrs<\/td>\n<td width=\"109\">201\/24 heures<\/td>\n<td width=\"102\">30t \/ 24hrs<\/td>\n<\/tr>\n<tr>\n<td width=\"14\">Capacit\u00e9 de refroidissement<\/td>\n<td width=\"121\">Capacit\u00e9 de refroidissement<\/td>\n<td width=\"102\">95kw<\/td>\n<td width=\"102\">150kw<\/td>\n<td width=\"109\">180kw<\/td>\n<td width=\"102\">295kw<\/td>\n<\/tr>\n<tr>\n<td width=\"14\">Puissance totale<\/td>\n<td width=\"121\">Puissance totale<\/td>\n<td width=\"102\">45kw<\/td>\n<td width=\"102\">68kw<\/td>\n<td width=\"109\">83 kW<\/td>\n<td width=\"102\">123kw<\/td>\n<\/tr>\n<tr>\n<td width=\"14\">Poids de la glace<\/td>\n<td width=\"121\">k\u00e9poids<\/td>\n<td width=\"102\">25 kg<\/td>\n<td width=\"102\">50 kg<\/td>\n<td width=\"109\">50 kg<\/td>\n<td width=\"102\">50 kg<\/td>\n<\/tr>\n<tr>\n<td width=\"14\">Nombre de moules de glace<\/td>\n<td width=\"121\">Nombre d'offices<\/td>\n<td width=\"102\">204pcs<\/td>\n<td width=\"102\">165pcs<\/td>\n<td width=\"109\">204pcs<\/td>\n<td width=\"102\">308pcs<\/td>\n<\/tr>\n<tr>\n<td width=\"14\">Temps de gel<\/td>\n<td width=\"121\">Temps de fr\u00e9quence<\/td>\n<td width=\"102\">8h<\/td>\n<td width=\"102\">9h<\/td>\n<td width=\"109\"><\/td>\n<td width=\"102\">9h<\/td>\n<\/tr>\n<tr>\n<td width=\"14\">M\u00e9thode de refroidissement<\/td>\n<td width=\"121\">m\u00e9thode de refroidissement<\/td>\n<td width=\"102\">Refroidissement par eau\/refroidissement par \u00e9vaporation<\/td>\n<td width=\"102\">Refroidissement par eau\/refroidissement par \u00e9vaporation<\/td>\n<td width=\"109\">Refroidissement par eau\/refroidissement par \u00e9vaporation<\/td>\n<td width=\"102\">Refroidissement par eau\/refroidissement par \u00e9vaporation<\/td>\n<\/tr>\n<tr>\n<td width=\"14\">Pression d'alimentation en eau<\/td>\n<td width=\"121\">Pression d'alimentation en eau<\/td>\n<td width=\"102\">0.1Mp-0.5Mp<\/td>\n<td width=\"102\">0.1Mp-0.5Mp<\/td>\n<td width=\"109\">0.1Mp-0.5Mp<\/td>\n<td width=\"102\">0.1Mp-0.5Mp<\/td>\n<\/tr>\n<tr>\n<td width=\"14\">Taille de l'unit\u00e9<\/td>\n<td width=\"121\">Unitse<\/td>\n<td width=\"102\">7900x28002450mm<\/td>\n<td width=\"102\">8800x3100x2600mm<\/td>\n<td width=\"109\">10500x3100x2700mm<\/td>\n<td width=\"102\">13200x35002700mm<\/td>\n<\/tr>\n<\/tbody>\n<\/table>\n<div class=\"host-lopnbnfpjmgpbppclhclehhgafnifija\" style=\"position: relative; z-index: 2147483647;\"><\/div>","protected":false},"excerpt":{"rendered":"<p>Par rapport aux machines de glace \u00e0 blocs traditionnelles de type saumure, la machine de glace \u00e0 blocs de refroidissement direct produit de la glace \u00e0 blocs par une m\u00e9thode de r\u00e9frig\u00e9ration directe et se distingue par son fonctionnement automatis\u00e9, assurant une plus grande efficacit\u00e9 et une production de glace hygi\u00e9nique, ce qui la rend id\u00e9ale pour les applications n\u00e9cessitant de la glace \u00e0 blocs propre et fra\u00eeche. Sa conception durable r\u00e9siste \u00e0 la corrosion et \u00e0 l'usure, offrant une dur\u00e9e de vie plus longue tout en offrant une solution \u00e9cologique et \u00e9conome en \u00e9nergie. Ces avantages ont fait des machines \u00e0 blocs de glace une tendance croissante dans la technologie de fabrication de glace pour les industries n\u00e9cessitant de la glace fiable et de haute qualit\u00e9 dans le monde entier.<\/p>\n<div class=\"host-lopnbnfpjmgpbppclhclehhgafnifija\" style=\"position: relative; z-index: 2147483647;\"><\/div>","protected":false},"featured_media":5274,"comment_status":"closed","ping_status":"closed","template":"","meta":[],"product_brand":[],"product_cat":[40],"product_tag":[],"class_list":{"0":"post-4585","1":"product","2":"type-product","3":"status-publish","4":"has-post-thumbnail","6":"product_cat-others-and-spare-parts","8":"first","9":"instock","10":"shipping-taxable","11":"product-type-simple"},"_links":{"self":[{"href":"https:\/\/www.moonepc.com\/fr\/wp-json\/wp\/v2\/product\/4585","targetHints":{"allow":["GET"]}}],"collection":[{"href":"https:\/\/www.moonepc.com\/fr\/wp-json\/wp\/v2\/product"}],"about":[{"href":"https:\/\/www.moonepc.com\/fr\/wp-json\/wp\/v2\/types\/product"}],"replies":[{"embeddable":true,"href":"https:\/\/www.moonepc.com\/fr\/wp-json\/wp\/v2\/comments?post=4585"}],"wp:featuredmedia":[{"embeddable":true,"href":"https:\/\/www.moonepc.com\/fr\/wp-json\/wp\/v2\/media\/5274"}],"wp:attachment":[{"href":"https:\/\/www.moonepc.com\/fr\/wp-json\/wp\/v2\/media?parent=4585"}],"wp:term":[{"taxonomy":"product_brand","embeddable":true,"href":"https:\/\/www.moonepc.com\/fr\/wp-json\/wp\/v2\/product_brand?post=4585"},{"taxonomy":"product_cat","embeddable":true,"href":"https:\/\/www.moonepc.com\/fr\/wp-json\/wp\/v2\/product_cat?post=4585"},{"taxonomy":"product_tag","embeddable":true,"href":"https:\/\/www.moonepc.com\/fr\/wp-json\/wp\/v2\/product_tag?post=4585"}],"curies":[{"name":"WP","href":"https:\/\/api.w.org\/{rel}","templated":true}]}}