{"id":4591,"date":"2025-07-30T12:09:25","date_gmt":"2025-07-30T04:09:25","guid":{"rendered":"https:\/\/www.moonepc.com\/?post_type=product&#038;p=4591"},"modified":"2025-09-23T14:59:02","modified_gmt":"2025-09-23T06:59:02","slug":"dynamic-ice-slurry-unit-disu","status":"publish","type":"product","link":"https:\/\/www.moonepc.com\/fr\/dynamic-ice-slurry-unit-disu\/","title":{"rendered":"Unit\u00e9 dynamique de boue de glace (DISU)"},"content":{"rendered":"<table style=\"border-collapse: collapse; width: 100%;\">\n<tbody>\n<tr>\n<td style=\"width: 50%;\">Produits de boues de glace dynamiques<\/p>\n<p>Produit 1: Unit\u00e9 d'ammoniac \u00e0 \u00e9vaporation directe et de fluide de travail R507<br \/>\nUtilisant des fluides de travail respectueux de l'environnement ammoniac et R507, cette unit\u00e9 int\u00e9gr\u00e9e d'\u00e9vaporation directe de boue de glace<\/td>\n<td style=\"width: 50%;\"><\/td>\n<\/tr>\n<tr>\n<td style=\"width: 50%;\"><img fetchpriority=\"high\" decoding=\"async\" class=\"aligncenter size-full wp-image-5279\" src=\"https:\/\/www.moonepc.com\/wp-content\/uploads\/2025\/07\/lce-Slurry-Water-Generating-Units11.jpg\" alt=\"Unit\u00e9s de g\u00e9n\u00e9ration de boues (eau) lce1\" width=\"583\" height=\"446\" srcset=\"https:\/\/www.moonepc.com\/wp-content\/uploads\/2025\/07\/lce-Slurry-Water-Generating-Units11.jpg 583w, https:\/\/www.moonepc.com\/wp-content\/uploads\/2025\/07\/lce-Slurry-Water-Generating-Units11-300x230.jpg 300w\" sizes=\"(max-width: 583px) 100vw, 583px\" \/><\/td>\n<td style=\"width: 50%;\"><img decoding=\"async\" class=\"aligncenter size-full wp-image-5280\" src=\"https:\/\/www.moonepc.com\/wp-content\/uploads\/2025\/07\/lce-Slurry-Water-Generating-Units13.jpg\" alt=\"Unit\u00e9s de g\u00e9n\u00e9ration de boues (eau) lce1\" width=\"526\" height=\"497\" srcset=\"https:\/\/www.moonepc.com\/wp-content\/uploads\/2025\/07\/lce-Slurry-Water-Generating-Units13.jpg 526w, https:\/\/www.moonepc.com\/wp-content\/uploads\/2025\/07\/lce-Slurry-Water-Generating-Units13-300x283.jpg 300w\" sizes=\"(max-width: 526px) 100vw, 526px\" \/><\/td>\n<\/tr>\n<tr>\n<td style=\"width: 50%;\">Produit 2: Unit\u00e9 int\u00e9gr\u00e9e de stockage \u00e0 froid sans salle de machines<\/td>\n<td style=\"width: 50%;\"><\/td>\n<\/tr>\n<tr>\n<td style=\"width: 50%;\"><img decoding=\"async\" class=\"aligncenter size-full wp-image-5281\" src=\"https:\/\/www.moonepc.com\/wp-content\/uploads\/2025\/07\/lce-Slurry-Water-Generating-Units12.jpg\" alt=\"Unit\u00e9s de g\u00e9n\u00e9ration de boues (eau) lce12\" width=\"433\" height=\"517\" srcset=\"https:\/\/www.moonepc.com\/wp-content\/uploads\/2025\/07\/lce-Slurry-Water-Generating-Units12.jpg 433w, https:\/\/www.moonepc.com\/wp-content\/uploads\/2025\/07\/lce-Slurry-Water-Generating-Units12-251x300.jpg 251w\" sizes=\"(max-width: 433px) 100vw, 433px\" \/><\/td>\n<td style=\"width: 50%;\"><img loading=\"lazy\" decoding=\"async\" class=\"aligncenter size-full wp-image-5282\" src=\"https:\/\/www.moonepc.com\/wp-content\/uploads\/2025\/07\/lce-Slurry-Water-Generating-Units124.jpg\" alt=\"\" width=\"771\" height=\"511\" srcset=\"https:\/\/www.moonepc.com\/wp-content\/uploads\/2025\/07\/lce-Slurry-Water-Generating-Units124.jpg 771w, https:\/\/www.moonepc.com\/wp-content\/uploads\/2025\/07\/lce-Slurry-Water-Generating-Units124-300x199.jpg 300w, https:\/\/www.moonepc.com\/wp-content\/uploads\/2025\/07\/lce-Slurry-Water-Generating-Units124-768x509.jpg 768w, https:\/\/www.moonepc.com\/wp-content\/uploads\/2025\/07\/lce-Slurry-Water-Generating-Units124-600x398.jpg 600w\" sizes=\"(max-width: 771px) 100vw, 771px\" \/><\/td>\n<\/tr>\n<tr>\n<td style=\"width: 50%;\">Produit 3: Four Seasons Machine \u00e0 neige<\/td>\n<td style=\"width: 50%;\"><\/td>\n<\/tr>\n<tr>\n<td style=\"width: 50%;\"><img loading=\"lazy\" decoding=\"async\" class=\"aligncenter size-full wp-image-5283\" src=\"https:\/\/www.moonepc.com\/wp-content\/uploads\/2025\/07\/lce-Slurry-Water-Generating-Units1245.jpg\" alt=\"\" width=\"486\" height=\"601\" srcset=\"https:\/\/www.moonepc.com\/wp-content\/uploads\/2025\/07\/lce-Slurry-Water-Generating-Units1245.jpg 486w, https:\/\/www.moonepc.com\/wp-content\/uploads\/2025\/07\/lce-Slurry-Water-Generating-Units1245-243x300.jpg 243w\" sizes=\"(max-width: 486px) 100vw, 486px\" \/><\/td>\n<td style=\"width: 50%;\"><img loading=\"lazy\" decoding=\"async\" class=\"aligncenter size-full wp-image-5284\" src=\"https:\/\/www.moonepc.com\/wp-content\/uploads\/2025\/07\/lce-Slurry-Water-Generating-Units1247.jpg\" alt=\"Unit\u00e9s de g\u00e9n\u00e9ration de boues (eau) lce124\" width=\"478\" height=\"556\" srcset=\"https:\/\/www.moonepc.com\/wp-content\/uploads\/2025\/07\/lce-Slurry-Water-Generating-Units1247.jpg 478w, https:\/\/www.moonepc.com\/wp-content\/uploads\/2025\/07\/lce-Slurry-Water-Generating-Units1247-258x300.jpg 258w\" sizes=\"(max-width: 478px) 100vw, 478px\" \/><\/td>\n<\/tr>\n<tr>\n<td style=\"width: 50%;\">Produit 4: Machine \u00e0 glace liquide \u00e0 haute concentration<br \/>\nLes boues ayant une concentration inf\u00e9rieure \u00e0 30 % peuvent \u00eatre pomp\u00e9es sur de longues distances en utilisant une pompe \u00e0 eau propre standard.<\/td>\n<td style=\"width: 50%;\"><\/td>\n<\/tr>\n<tr>\n<td style=\"width: 50%;\"><img loading=\"lazy\" decoding=\"async\" class=\"aligncenter size-full wp-image-5285\" src=\"https:\/\/www.moonepc.com\/wp-content\/uploads\/2025\/07\/7lce-Slurry-Water-Generating-Units124.jpg\" alt=\"Unit\u00e9s de g\u00e9n\u00e9ration de boues (eau) 7lce124\" width=\"557\" height=\"737\" srcset=\"https:\/\/www.moonepc.com\/wp-content\/uploads\/2025\/07\/7lce-Slurry-Water-Generating-Units124.jpg 557w, https:\/\/www.moonepc.com\/wp-content\/uploads\/2025\/07\/7lce-Slurry-Water-Generating-Units124-227x300.jpg 227w\" sizes=\"(max-width: 557px) 100vw, 557px\" \/><\/td>\n<td style=\"width: 50%;\"><img loading=\"lazy\" decoding=\"async\" class=\"aligncenter size-full wp-image-5286\" src=\"https:\/\/www.moonepc.com\/wp-content\/uploads\/2025\/07\/lce-Slurry-Water-Generating-Units1124.jpg\" alt=\"Unit\u00e9s de g\u00e9n\u00e9ration de boues (eau) lce1124\" width=\"457\" height=\"343\" srcset=\"https:\/\/www.moonepc.com\/wp-content\/uploads\/2025\/07\/lce-Slurry-Water-Generating-Units1124.jpg 457w, https:\/\/www.moonepc.com\/wp-content\/uploads\/2025\/07\/lce-Slurry-Water-Generating-Units1124-300x225.jpg 300w\" sizes=\"(max-width: 457px) 100vw, 457px\" \/><\/td>\n<\/tr>\n<\/tbody>\n<\/table>\n<p>&nbsp;<\/p>\n<div class=\"host-lopnbnfpjmgpbppclhclehhgafnifija\" style=\"position: relative; z-index: 2147483647;\"><\/div>","protected":false},"excerpt":{"rendered":"<p>L'unit\u00e9 dynamique de glace-boue (DISU), \u00e9galement connue sous le nom de fabricant de glace \u00e0 eau surrefroidie \u00e0 haut rendement \u00e0 large spectre multi-r\u00e9frig\u00e9rant, est un syst\u00e8me de r\u00e9frig\u00e9ration \u00e9conome en \u00e9nergie r\u00e9cemment d\u00e9velopp\u00e9 par MOON-TECH. L'unit\u00e9 adopte une technologie avanc\u00e9e de fabrication de glace \u00e0 eau surrefroidie \u00e0 \u00e9vaporation directe domestique, r\u00e9solvant efficacement le probl\u00e8me de l'inefficacit\u00e9 de l'\u00e9change de chaleur des fabricants de glace traditionnels, dont les performances diminuent g\u00e9n\u00e9ralement fortement au fil du temps. Elle pr\u00e9sente une consommation \u00e9nerg\u00e9tique exceptionnellement faible par tonne de glace produite.<br \/>\nConditions de fonctionnement: Tk = 30 ~ 45 \u00b0 C, Te = -3 ~ -4,5 \u00b0 C<br \/>\nConsommation d'\u00e9nergie: \u226443 kWh\/tonne de glace<\/p>\n<div class=\"host-lopnbnfpjmgpbppclhclehhgafnifija\" style=\"position: relative; z-index: 2147483647;\"><\/div>","protected":false},"featured_media":5276,"comment_status":"closed","ping_status":"closed","template":"","meta":[],"product_brand":[],"product_cat":[40],"product_tag":[],"class_list":{"0":"post-4591","1":"product","2":"type-product","3":"status-publish","4":"has-post-thumbnail","6":"product_cat-others-and-spare-parts","8":"first","9":"instock","10":"shipping-taxable","11":"product-type-simple"},"_links":{"self":[{"href":"https:\/\/www.moonepc.com\/fr\/wp-json\/wp\/v2\/product\/4591","targetHints":{"allow":["GET"]}}],"collection":[{"href":"https:\/\/www.moonepc.com\/fr\/wp-json\/wp\/v2\/product"}],"about":[{"href":"https:\/\/www.moonepc.com\/fr\/wp-json\/wp\/v2\/types\/product"}],"replies":[{"embeddable":true,"href":"https:\/\/www.moonepc.com\/fr\/wp-json\/wp\/v2\/comments?post=4591"}],"wp:featuredmedia":[{"embeddable":true,"href":"https:\/\/www.moonepc.com\/fr\/wp-json\/wp\/v2\/media\/5276"}],"wp:attachment":[{"href":"https:\/\/www.moonepc.com\/fr\/wp-json\/wp\/v2\/media?parent=4591"}],"wp:term":[{"taxonomy":"product_brand","embeddable":true,"href":"https:\/\/www.moonepc.com\/fr\/wp-json\/wp\/v2\/product_brand?post=4591"},{"taxonomy":"product_cat","embeddable":true,"href":"https:\/\/www.moonepc.com\/fr\/wp-json\/wp\/v2\/product_cat?post=4591"},{"taxonomy":"product_tag","embeddable":true,"href":"https:\/\/www.moonepc.com\/fr\/wp-json\/wp\/v2\/product_tag?post=4591"}],"curies":[{"name":"WP","href":"https:\/\/api.w.org\/{rel}","templated":true}]}}