{"id":4597,"date":"2025-07-30T12:17:50","date_gmt":"2025-07-30T04:17:50","guid":{"rendered":"https:\/\/www.moonepc.com\/?post_type=product&#038;p=4597"},"modified":"2025-09-23T15:01:16","modified_gmt":"2025-09-23T07:01:16","slug":"regulating-valves","status":"publish","type":"product","link":"https:\/\/www.moonepc.com\/fr\/regulating-valves\/","title":{"rendered":"Vannes de r\u00e9gulation"},"content":{"rendered":"<p>&nbsp;<\/p>\n<div class=\"host-lopnbnfpjmgpbppclhclehhgafnifija\" style=\"position: relative; z-index: 2147483647;\"><\/div>","protected":false},"excerpt":{"rendered":"<p>Les vannes sont disponibles en deux versions diff\u00e9rentes &#8211; REG-SA et REG-SB con\u00e7us \u00e0 des fins de r\u00e9gulation dans les lignes de liquides et d'expansion.<\/p>\n<p>Les vannes sont con\u00e7ues pour r\u00e9pondre aux exigences de qualit\u00e9 strictes sur les installations de r\u00e9frig\u00e9ration sp\u00e9cifi\u00e9es par les soci\u00e9t\u00e9s internationales de classification et sont soigneusement con\u00e7ues pour pr\u00e9senter des conditions de d\u00e9bit favorables et des caract\u00e9ristiques lin\u00e9aires pr\u00e9cises.<\/p>\n<p>REG-SA et REG-SB sont \u00e9quip\u00e9s d'un capuchon ventil\u00e9 et le si\u00e8ge arri\u00e8re interne permet de remplacer l'\u00e9tanch\u00e9it\u00e9 de la broche pendant que la vanne est active, c'est-\u00e0-dire sous pression.<\/p>\n<div class=\"host-lopnbnfpjmgpbppclhclehhgafnifija\" style=\"position: relative; z-index: 2147483647;\"><\/div>","protected":false},"featured_media":4594,"comment_status":"closed","ping_status":"closed","template":"","meta":[],"product_brand":[],"product_cat":[80,40],"product_tag":[],"class_list":{"0":"post-4597","1":"product","2":"type-product","3":"status-publish","4":"has-post-thumbnail","6":"product_cat-industrial-refrigeration-valves","7":"product_cat-others-and-spare-parts","9":"first","10":"instock","11":"shipping-taxable","12":"product-type-simple"},"_links":{"self":[{"href":"https:\/\/www.moonepc.com\/fr\/wp-json\/wp\/v2\/product\/4597","targetHints":{"allow":["GET"]}}],"collection":[{"href":"https:\/\/www.moonepc.com\/fr\/wp-json\/wp\/v2\/product"}],"about":[{"href":"https:\/\/www.moonepc.com\/fr\/wp-json\/wp\/v2\/types\/product"}],"replies":[{"embeddable":true,"href":"https:\/\/www.moonepc.com\/fr\/wp-json\/wp\/v2\/comments?post=4597"}],"wp:featuredmedia":[{"embeddable":true,"href":"https:\/\/www.moonepc.com\/fr\/wp-json\/wp\/v2\/media\/4594"}],"wp:attachment":[{"href":"https:\/\/www.moonepc.com\/fr\/wp-json\/wp\/v2\/media?parent=4597"}],"wp:term":[{"taxonomy":"product_brand","embeddable":true,"href":"https:\/\/www.moonepc.com\/fr\/wp-json\/wp\/v2\/product_brand?post=4597"},{"taxonomy":"product_cat","embeddable":true,"href":"https:\/\/www.moonepc.com\/fr\/wp-json\/wp\/v2\/product_cat?post=4597"},{"taxonomy":"product_tag","embeddable":true,"href":"https:\/\/www.moonepc.com\/fr\/wp-json\/wp\/v2\/product_tag?post=4597"}],"curies":[{"name":"WP","href":"https:\/\/api.w.org\/{rel}","templated":true}]}}