{"id":4598,"date":"2025-07-30T12:22:05","date_gmt":"2025-07-30T04:22:05","guid":{"rendered":"https:\/\/www.moonepc.com\/?post_type=product&#038;p=4598"},"modified":"2025-09-23T15:03:07","modified_gmt":"2025-09-23T07:03:07","slug":"safety-relief-valves","status":"publish","type":"product","link":"https:\/\/www.moonepc.com\/fr\/safety-relief-valves\/","title":{"rendered":"Vannes de s\u00e9curit\u00e9"},"content":{"rendered":"<p>&nbsp;<\/p>\n<div class=\"host-lopnbnfpjmgpbppclhclehhgafnifija\" style=\"position: relative; z-index: 2147483647;\"><\/div>","protected":false},"excerpt":{"rendered":"<p>La vanne est con\u00e7ue pour r\u00e9pondre aux exigences strictes de qualit\u00e9 et de s\u00e9curit\u00e9 pour les installations de r\u00e9frig\u00e9ration, sp\u00e9cifi\u00e9es par les soci\u00e9t\u00e9s internationales de classification.<\/p>\n<p>La vanne est recommand\u00e9e comme vanne de s\u00e9curit\u00e9 externe et interne dans les installations de r\u00e9frig\u00e9ration. Le bo\u00eetier de ressort est ferm\u00e9 \u00e9troitement pour \u00e9viter les fuites de r\u00e9frig\u00e9rant.<\/p>\n<p>Les vannes peuvent \u00eatre livr\u00e9es avec des pressions r\u00e9gl\u00e9es entre 10 et 25 bar g (145 et 363 psi g).<\/p>\n<p>Vannes de r\u00e9glage de pression standard ayant &#8220; Certificat de r\u00e9glage de pression T\u00dcV&#8221; avec chaque vanne, sont \u00e9galement disponibles.<\/p>\n<div class=\"host-lopnbnfpjmgpbppclhclehhgafnifija\" style=\"position: relative; z-index: 2147483647;\"><\/div>","protected":false},"featured_media":4599,"comment_status":"closed","ping_status":"closed","template":"","meta":[],"product_brand":[],"product_cat":[80,40],"product_tag":[],"class_list":{"0":"post-4598","1":"product","2":"type-product","3":"status-publish","4":"has-post-thumbnail","6":"product_cat-industrial-refrigeration-valves","7":"product_cat-others-and-spare-parts","9":"first","10":"instock","11":"shipping-taxable","12":"product-type-simple"},"_links":{"self":[{"href":"https:\/\/www.moonepc.com\/fr\/wp-json\/wp\/v2\/product\/4598","targetHints":{"allow":["GET"]}}],"collection":[{"href":"https:\/\/www.moonepc.com\/fr\/wp-json\/wp\/v2\/product"}],"about":[{"href":"https:\/\/www.moonepc.com\/fr\/wp-json\/wp\/v2\/types\/product"}],"replies":[{"embeddable":true,"href":"https:\/\/www.moonepc.com\/fr\/wp-json\/wp\/v2\/comments?post=4598"}],"wp:featuredmedia":[{"embeddable":true,"href":"https:\/\/www.moonepc.com\/fr\/wp-json\/wp\/v2\/media\/4599"}],"wp:attachment":[{"href":"https:\/\/www.moonepc.com\/fr\/wp-json\/wp\/v2\/media?parent=4598"}],"wp:term":[{"taxonomy":"product_brand","embeddable":true,"href":"https:\/\/www.moonepc.com\/fr\/wp-json\/wp\/v2\/product_brand?post=4598"},{"taxonomy":"product_cat","embeddable":true,"href":"https:\/\/www.moonepc.com\/fr\/wp-json\/wp\/v2\/product_cat?post=4598"},{"taxonomy":"product_tag","embeddable":true,"href":"https:\/\/www.moonepc.com\/fr\/wp-json\/wp\/v2\/product_tag?post=4598"}],"curies":[{"name":"WP","href":"https:\/\/api.w.org\/{rel}","templated":true}]}}