{"id":4601,"date":"2025-07-30T12:23:28","date_gmt":"2025-07-30T04:23:28","guid":{"rendered":"https:\/\/www.moonepc.com\/?post_type=product&#038;p=4601"},"modified":"2025-09-23T15:04:32","modified_gmt":"2025-09-23T07:04:32","slug":"stop-check-valves","status":"publish","type":"product","link":"https:\/\/www.moonepc.com\/fr\/stop-check-valves\/","title":{"rendered":"Vannes de retenue d'arr\u00eat"},"content":{"rendered":"<p>&nbsp;<\/p>\n<div class=\"host-lopnbnfpjmgpbppclhclehhgafnifija\" style=\"position: relative; z-index: 2147483647;\"><\/div>","protected":false},"excerpt":{"rendered":"<p>Les vannes sont con\u00e7ues pour s'ouvrir \u00e0 tr\u00e8s faibles pressions diff\u00e9rentielles, permettent des conditions de d\u00e9bit favorables et sont faciles \u00e0 d\u00e9monter pour l'inspection et l'entretien.<\/p>\n<p>Le c\u00f4ne de la vanne a une souplesse int\u00e9gr\u00e9e pour assurer une fermeture pr\u00e9cise et \u00e9tanche vers le si\u00e8ge de la vanne.<\/p>\n<p>Un effet d'amortissement bien \u00e9quilibr\u00e9 entre le piston et le cylindre offre une protection optimale lors de faibles charges et contre les pulsations.<\/p>\n<div class=\"host-lopnbnfpjmgpbppclhclehhgafnifija\" style=\"position: relative; z-index: 2147483647;\"><\/div>","protected":false},"featured_media":4600,"comment_status":"closed","ping_status":"closed","template":"","meta":[],"product_brand":[],"product_cat":[80,40],"product_tag":[],"class_list":{"0":"post-4601","1":"product","2":"type-product","3":"status-publish","4":"has-post-thumbnail","6":"product_cat-industrial-refrigeration-valves","7":"product_cat-others-and-spare-parts","9":"first","10":"instock","11":"shipping-taxable","12":"product-type-simple"},"_links":{"self":[{"href":"https:\/\/www.moonepc.com\/fr\/wp-json\/wp\/v2\/product\/4601","targetHints":{"allow":["GET"]}}],"collection":[{"href":"https:\/\/www.moonepc.com\/fr\/wp-json\/wp\/v2\/product"}],"about":[{"href":"https:\/\/www.moonepc.com\/fr\/wp-json\/wp\/v2\/types\/product"}],"replies":[{"embeddable":true,"href":"https:\/\/www.moonepc.com\/fr\/wp-json\/wp\/v2\/comments?post=4601"}],"wp:featuredmedia":[{"embeddable":true,"href":"https:\/\/www.moonepc.com\/fr\/wp-json\/wp\/v2\/media\/4600"}],"wp:attachment":[{"href":"https:\/\/www.moonepc.com\/fr\/wp-json\/wp\/v2\/media?parent=4601"}],"wp:term":[{"taxonomy":"product_brand","embeddable":true,"href":"https:\/\/www.moonepc.com\/fr\/wp-json\/wp\/v2\/product_brand?post=4601"},{"taxonomy":"product_cat","embeddable":true,"href":"https:\/\/www.moonepc.com\/fr\/wp-json\/wp\/v2\/product_cat?post=4601"},{"taxonomy":"product_tag","embeddable":true,"href":"https:\/\/www.moonepc.com\/fr\/wp-json\/wp\/v2\/product_tag?post=4601"}],"curies":[{"name":"WP","href":"https:\/\/api.w.org\/{rel}","templated":true}]}}