{"id":4602,"date":"2025-07-30T12:26:30","date_gmt":"2025-07-30T04:26:30","guid":{"rendered":"https:\/\/www.moonepc.com\/?post_type=product&#038;p=4602"},"modified":"2025-09-23T15:05:53","modified_gmt":"2025-09-23T07:05:53","slug":"stop-valves","status":"publish","type":"product","link":"https:\/\/www.moonepc.com\/fr\/stop-valves\/","title":{"rendered":"Vannes d'arr\u00eat"},"content":{"rendered":"<p>&nbsp;<\/p>\n<div class=\"host-lopnbnfpjmgpbppclhclehhgafnifija\" style=\"position: relative; z-index: 2147483647;\"><\/div>","protected":false},"excerpt":{"rendered":"<p>Les vannes d'arr\u00eat SVA sont disponibles en version angle et droit et avec cou standard (SVA-S) et cou long (SVA-L)<\/p>\n<p>Les vannes d'arr\u00eat sont con\u00e7ues pour r\u00e9pondre \u00e0 toutes les exigences d'applications de r\u00e9frig\u00e9ration industrielle et sont con\u00e7ues pour donner des caract\u00e9ristiques de d\u00e9bit favorables et sont faciles \u00e0 d\u00e9monter et \u00e0 r\u00e9parer au besoin.<\/p>\n<p>Le c\u00f4ne de la vanne est con\u00e7u pour assurer une fermeture parfaite et r\u00e9sister \u00e0 des pulsations et vibrations \u00e9lev\u00e9es du syst\u00e8me, qui peuvent \u00eatre pr\u00e9sentes sp\u00e9cifiquement dans la ligne de d\u00e9charge.<\/p>\n<div class=\"host-lopnbnfpjmgpbppclhclehhgafnifija\" style=\"position: relative; z-index: 2147483647;\"><\/div>","protected":false},"featured_media":4603,"comment_status":"closed","ping_status":"closed","template":"","meta":[],"product_brand":[],"product_cat":[80,40],"product_tag":[],"class_list":{"0":"post-4602","1":"product","2":"type-product","3":"status-publish","4":"has-post-thumbnail","6":"product_cat-industrial-refrigeration-valves","7":"product_cat-others-and-spare-parts","9":"first","10":"instock","11":"shipping-taxable","12":"product-type-simple"},"_links":{"self":[{"href":"https:\/\/www.moonepc.com\/fr\/wp-json\/wp\/v2\/product\/4602","targetHints":{"allow":["GET"]}}],"collection":[{"href":"https:\/\/www.moonepc.com\/fr\/wp-json\/wp\/v2\/product"}],"about":[{"href":"https:\/\/www.moonepc.com\/fr\/wp-json\/wp\/v2\/types\/product"}],"replies":[{"embeddable":true,"href":"https:\/\/www.moonepc.com\/fr\/wp-json\/wp\/v2\/comments?post=4602"}],"wp:featuredmedia":[{"embeddable":true,"href":"https:\/\/www.moonepc.com\/fr\/wp-json\/wp\/v2\/media\/4603"}],"wp:attachment":[{"href":"https:\/\/www.moonepc.com\/fr\/wp-json\/wp\/v2\/media?parent=4602"}],"wp:term":[{"taxonomy":"product_brand","embeddable":true,"href":"https:\/\/www.moonepc.com\/fr\/wp-json\/wp\/v2\/product_brand?post=4602"},{"taxonomy":"product_cat","embeddable":true,"href":"https:\/\/www.moonepc.com\/fr\/wp-json\/wp\/v2\/product_cat?post=4602"},{"taxonomy":"product_tag","embeddable":true,"href":"https:\/\/www.moonepc.com\/fr\/wp-json\/wp\/v2\/product_tag?post=4602"}],"curies":[{"name":"WP","href":"https:\/\/api.w.org\/{rel}","templated":true}]}}