{"id":4605,"date":"2025-07-30T13:35:45","date_gmt":"2025-07-30T05:35:45","guid":{"rendered":"https:\/\/www.moonepc.com\/?post_type=product&#038;p=4605"},"modified":"2025-09-23T15:08:47","modified_gmt":"2025-09-23T07:08:47","slug":"refrigerant-oil","status":"publish","type":"product","link":"https:\/\/www.moonepc.com\/fr\/refrigerant-oil\/","title":{"rendered":"Huile r\u00e9frig\u00e9rante"},"content":{"rendered":"<p>&nbsp;<\/p>\n<div class=\"host-lopnbnfpjmgpbppclhclehhgafnifija\" style=\"position: relative; z-index: 2147483647;\"><\/div>","protected":false},"excerpt":{"rendered":"<p>Huile r\u00e9frig\u00e9rante<\/p>\n<p>L'huile r\u00e9frig\u00e9rante MOON-TECH est d\u00e9velopp\u00e9e conjointement par l'Institut de recherche sur l'huile de r\u00e9frig\u00e9ration de la China National Petroleum Corporation et Moon Environment Technology Co., Ltd. pour r\u00e9pondre aux exigences op\u00e9rationnelles de l'\u00e9quipement de r\u00e9frig\u00e9ration MOON-TECH. Il existe plus de 150 types d'huile r\u00e9frig\u00e9rante MOON-TECH, principalement utilis\u00e9e pour l'ammoniac, le fr\u00e9on, le CO2, le propane et d'autres milieux de travail de r\u00e9frig\u00e9ration. Selon diff\u00e9rents milieux de travail de r\u00e9frig\u00e9ration et conditions de travail, nous pouvons associer diff\u00e9rents types d'huile r\u00e9frig\u00e9rante pour r\u00e9pondre aux diff\u00e9rentes parties du syst\u00e8me de r\u00e9frig\u00e9ration.<\/p>\n<p>&nbsp;<\/p>\n<div class=\"host-lopnbnfpjmgpbppclhclehhgafnifija\" style=\"position: relative; z-index: 2147483647;\"><\/div>","protected":false},"featured_media":4606,"comment_status":"closed","ping_status":"closed","template":"","meta":[],"product_brand":[],"product_cat":[40],"product_tag":[],"class_list":{"0":"post-4605","1":"product","2":"type-product","3":"status-publish","4":"has-post-thumbnail","6":"product_cat-others-and-spare-parts","8":"first","9":"instock","10":"shipping-taxable","11":"product-type-simple"},"_links":{"self":[{"href":"https:\/\/www.moonepc.com\/fr\/wp-json\/wp\/v2\/product\/4605","targetHints":{"allow":["GET"]}}],"collection":[{"href":"https:\/\/www.moonepc.com\/fr\/wp-json\/wp\/v2\/product"}],"about":[{"href":"https:\/\/www.moonepc.com\/fr\/wp-json\/wp\/v2\/types\/product"}],"replies":[{"embeddable":true,"href":"https:\/\/www.moonepc.com\/fr\/wp-json\/wp\/v2\/comments?post=4605"}],"wp:featuredmedia":[{"embeddable":true,"href":"https:\/\/www.moonepc.com\/fr\/wp-json\/wp\/v2\/media\/4606"}],"wp:attachment":[{"href":"https:\/\/www.moonepc.com\/fr\/wp-json\/wp\/v2\/media?parent=4605"}],"wp:term":[{"taxonomy":"product_brand","embeddable":true,"href":"https:\/\/www.moonepc.com\/fr\/wp-json\/wp\/v2\/product_brand?post=4605"},{"taxonomy":"product_cat","embeddable":true,"href":"https:\/\/www.moonepc.com\/fr\/wp-json\/wp\/v2\/product_cat?post=4605"},{"taxonomy":"product_tag","embeddable":true,"href":"https:\/\/www.moonepc.com\/fr\/wp-json\/wp\/v2\/product_tag?post=4605"}],"curies":[{"name":"WP","href":"https:\/\/api.w.org\/{rel}","templated":true}]}}