{"id":4612,"date":"2025-07-30T15:23:43","date_gmt":"2025-07-30T07:23:43","guid":{"rendered":"https:\/\/www.moonepc.com\/?post_type=product&#038;p=4612"},"modified":"2025-09-23T14:20:08","modified_gmt":"2025-09-23T06:20:08","slug":"flue-gas-heating-unit","status":"publish","type":"product","link":"https:\/\/www.moonepc.com\/fr\/flue-gas-heating-unit\/","title":{"rendered":"Unit\u00e9 de chauffage \u00e0 gaz de fum\u00e9e"},"content":{"rendered":"<p>&nbsp;<\/p>\n<div class=\"host-lopnbnfpjmgpbppclhclehhgafnifija\" style=\"position: relative; z-index: 2147483647;\"><\/div>","protected":false},"excerpt":{"rendered":"<p>L'unit\u00e9 est int\u00e9gr\u00e9e \u00e0 l'\u00e9quipement de production d'\u00e9lectricit\u00e9 d'un syst\u00e8me de trig\u00e9n\u00e9ration au gaz. En utilisant les gaz de fum\u00e9e \u00e0 haute temp\u00e9rature comme moteur, il extrait la chaleur de sources d'\u00e9nergie de faible qualit\u00e9 (sol, eaux souterraines et eaux us\u00e9es) sans augmenter d'autres consommations d'\u00e9nergie, tout en r\u00e9duisant simultan\u00e9ment la temp\u00e9rature des gaz de fum\u00e9e \u00e0 moins de 30\u00b0C. En mode chauffage hivernal, le syst\u00e8me&#8217; La capacit\u00e9 de chauffage peut \u00eatre augment\u00e9e de 50% par rapport aux refroidisseurs \u00e0 absorption traditionnels. En mode refroidissement estival, l'unit\u00e9 sert de source de refroidissement pour le syst\u00e8me central de climatisation, r\u00e9injectant la chaleur qui serait autrement rejet\u00e9e dans l'environnement \u00e0 travers la tour de refroidissement dans le sol. Cela permet une extraction et une lib\u00e9ration \u00e9quilibr\u00e9es de chaleur du sol en hiver et en \u00e9t\u00e9, assurant un fonctionnement stable \u00e0 long terme du syst\u00e8me.<\/p>\n<div class=\"host-lopnbnfpjmgpbppclhclehhgafnifija\" style=\"position: relative; z-index: 2147483647;\"><\/div>","protected":false},"featured_media":5227,"comment_status":"closed","ping_status":"closed","template":"","meta":[],"product_brand":[],"product_cat":[91,36],"product_tag":[],"class_list":{"0":"post-4612","1":"product","2":"type-product","3":"status-publish","4":"has-post-thumbnail","6":"product_cat-absorption-heat-pump-equipment","7":"product_cat-absorption-unit","9":"first","10":"instock","11":"shipping-taxable","12":"product-type-simple"},"_links":{"self":[{"href":"https:\/\/www.moonepc.com\/fr\/wp-json\/wp\/v2\/product\/4612","targetHints":{"allow":["GET"]}}],"collection":[{"href":"https:\/\/www.moonepc.com\/fr\/wp-json\/wp\/v2\/product"}],"about":[{"href":"https:\/\/www.moonepc.com\/fr\/wp-json\/wp\/v2\/types\/product"}],"replies":[{"embeddable":true,"href":"https:\/\/www.moonepc.com\/fr\/wp-json\/wp\/v2\/comments?post=4612"}],"wp:featuredmedia":[{"embeddable":true,"href":"https:\/\/www.moonepc.com\/fr\/wp-json\/wp\/v2\/media\/5227"}],"wp:attachment":[{"href":"https:\/\/www.moonepc.com\/fr\/wp-json\/wp\/v2\/media?parent=4612"}],"wp:term":[{"taxonomy":"product_brand","embeddable":true,"href":"https:\/\/www.moonepc.com\/fr\/wp-json\/wp\/v2\/product_brand?post=4612"},{"taxonomy":"product_cat","embeddable":true,"href":"https:\/\/www.moonepc.com\/fr\/wp-json\/wp\/v2\/product_cat?post=4612"},{"taxonomy":"product_tag","embeddable":true,"href":"https:\/\/www.moonepc.com\/fr\/wp-json\/wp\/v2\/product_tag?post=4612"}],"curies":[{"name":"WP","href":"https:\/\/api.w.org\/{rel}","templated":true}]}}