{"id":5035,"date":"2025-08-08T15:45:49","date_gmt":"2025-08-08T07:45:49","guid":{"rendered":"https:\/\/www.moonepc.com\/?post_type=product&#038;p=5035"},"modified":"2025-09-23T14:10:22","modified_gmt":"2025-09-23T06:10:22","slug":"air-cooled-screw-chiller-heat-pump-unit","status":"publish","type":"product","link":"https:\/\/www.moonepc.com\/fr\/air-cooled-screw-chiller-heat-pump-unit\/","title":{"rendered":"Unit\u00e9 refroidisseur \u00e0 vis refroidie par air (pompe \u00e0 chaleur)"},"content":{"rendered":"<p>&nbsp;<\/p>\n<div class=\"host-lopnbnfpjmgpbppclhclehhgafnifija\" style=\"position: relative; z-index: 2147483647;\"><\/div>","protected":false},"excerpt":{"rendered":"<p>Temp\u00e9rature de l'eau d'entr\u00e9e\/sortie: 12\u00b0C \/ 7\u00b0C<\/p>\n<p>Capacit\u00e9 de refroidissement: 80\u2013472 RT<\/p>\n<p>Temp\u00e9rature de l'eau d'entr\u00e9e\/sortie: 40\u00b0C \/ 45\u00b0C<\/p>\n<p>Capacit\u00e9 de chauffage: 70\u20131640 kW (Temp\u00e9rature ambiante -30\u00b0C, Temp\u00e9rature de sortie jusqu\u2019\u00e0 75\u00b0C)<\/p>\n<p>Eau refroidie: 12\u00b0C \/ 7\u00b0C<\/p>\n<p>Eau chaude: 40 \u00b0 C \/ 45 \u00b0 C<\/p>\n<p>Options de compresseur: Compresseurs de type ouvert, semi-herm\u00e9tiques ou enti\u00e8rement herm\u00e9tiques disponibles<\/p>\n<p>Mod\u00e8les \u00e0 basse temp\u00e9rature: Capable de d\u00e9livrer de l'eau chaude \u00e0 50\u00b0C \u00e0 des temp\u00e9ratures ambiantes aussi basses que -20\u00b0C<\/p>\n<div class=\"host-lopnbnfpjmgpbppclhclehhgafnifija\" style=\"position: relative; z-index: 2147483647;\"><\/div>","protected":false},"featured_media":5217,"comment_status":"closed","ping_status":"closed","template":"","meta":[],"product_brand":[],"product_cat":[37,83],"product_tag":[],"class_list":{"0":"post-5035","1":"product","2":"type-product","3":"status-publish","4":"has-post-thumbnail","6":"product_cat-hvac-products","7":"product_cat-screw-chiller-heat-pump-unit","9":"first","10":"instock","11":"shipping-taxable","12":"product-type-simple"},"_links":{"self":[{"href":"https:\/\/www.moonepc.com\/fr\/wp-json\/wp\/v2\/product\/5035","targetHints":{"allow":["GET"]}}],"collection":[{"href":"https:\/\/www.moonepc.com\/fr\/wp-json\/wp\/v2\/product"}],"about":[{"href":"https:\/\/www.moonepc.com\/fr\/wp-json\/wp\/v2\/types\/product"}],"replies":[{"embeddable":true,"href":"https:\/\/www.moonepc.com\/fr\/wp-json\/wp\/v2\/comments?post=5035"}],"wp:featuredmedia":[{"embeddable":true,"href":"https:\/\/www.moonepc.com\/fr\/wp-json\/wp\/v2\/media\/5217"}],"wp:attachment":[{"href":"https:\/\/www.moonepc.com\/fr\/wp-json\/wp\/v2\/media?parent=5035"}],"wp:term":[{"taxonomy":"product_brand","embeddable":true,"href":"https:\/\/www.moonepc.com\/fr\/wp-json\/wp\/v2\/product_brand?post=5035"},{"taxonomy":"product_cat","embeddable":true,"href":"https:\/\/www.moonepc.com\/fr\/wp-json\/wp\/v2\/product_cat?post=5035"},{"taxonomy":"product_tag","embeddable":true,"href":"https:\/\/www.moonepc.com\/fr\/wp-json\/wp\/v2\/product_tag?post=5035"}],"curies":[{"name":"WP","href":"https:\/\/api.w.org\/{rel}","templated":true}]}}