{"id":5039,"date":"2025-08-08T15:54:55","date_gmt":"2025-08-08T07:54:55","guid":{"rendered":"https:\/\/www.moonepc.com\/?post_type=product&#038;p=5039"},"modified":"2025-09-23T14:11:58","modified_gmt":"2025-09-23T06:11:58","slug":"water-cooled-screw-chiller-heat-pump-unit","status":"publish","type":"product","link":"https:\/\/www.moonepc.com\/fr\/water-cooled-screw-chiller-heat-pump-unit\/","title":{"rendered":"Unit\u00e9 refroidisseur \u00e0 vis refroidie \u00e0 eau (pompe \u00e0 chaleur)"},"content":{"rendered":"<p>&nbsp;<\/p>\n<div class=\"host-lopnbnfpjmgpbppclhclehhgafnifija\" style=\"position: relative; z-index: 2147483647;\"><\/div>","protected":false},"excerpt":{"rendered":"<p>Les unit\u00e9s de refroidissement \u00e0 vis (pompe \u00e0 chaleur) adoptent une gamme compl\u00e8te de compresseurs de refroidissement \u00e0 vis, associ\u00e9s \u00e0 divers types de condensateurs, et sont mont\u00e9s \u00e0 glisse dans les syst\u00e8mes de refroidissement \u00e0 eau (pompe \u00e0 chaleur) refroidis \u00e0 air.<br \/>\nIls rencontrent les utilisateurs&#8217; n\u00e9cessit\u00e9s d'efficacit\u00e9 \u00e9lev\u00e9e, d'\u00e9conomie d'\u00e9nergie et de protection de l'environnement, contribuant au d\u00e9veloppement de villes vertes.<\/p>\n<div class=\"host-lopnbnfpjmgpbppclhclehhgafnifija\" style=\"position: relative; z-index: 2147483647;\"><\/div>","protected":false},"featured_media":5220,"comment_status":"closed","ping_status":"closed","template":"","meta":[],"product_brand":[],"product_cat":[37,83],"product_tag":[],"class_list":{"0":"post-5039","1":"product","2":"type-product","3":"status-publish","4":"has-post-thumbnail","6":"product_cat-hvac-products","7":"product_cat-screw-chiller-heat-pump-unit","9":"first","10":"instock","11":"shipping-taxable","12":"product-type-simple"},"_links":{"self":[{"href":"https:\/\/www.moonepc.com\/fr\/wp-json\/wp\/v2\/product\/5039","targetHints":{"allow":["GET"]}}],"collection":[{"href":"https:\/\/www.moonepc.com\/fr\/wp-json\/wp\/v2\/product"}],"about":[{"href":"https:\/\/www.moonepc.com\/fr\/wp-json\/wp\/v2\/types\/product"}],"replies":[{"embeddable":true,"href":"https:\/\/www.moonepc.com\/fr\/wp-json\/wp\/v2\/comments?post=5039"}],"wp:featuredmedia":[{"embeddable":true,"href":"https:\/\/www.moonepc.com\/fr\/wp-json\/wp\/v2\/media\/5220"}],"wp:attachment":[{"href":"https:\/\/www.moonepc.com\/fr\/wp-json\/wp\/v2\/media?parent=5039"}],"wp:term":[{"taxonomy":"product_brand","embeddable":true,"href":"https:\/\/www.moonepc.com\/fr\/wp-json\/wp\/v2\/product_brand?post=5039"},{"taxonomy":"product_cat","embeddable":true,"href":"https:\/\/www.moonepc.com\/fr\/wp-json\/wp\/v2\/product_cat?post=5039"},{"taxonomy":"product_tag","embeddable":true,"href":"https:\/\/www.moonepc.com\/fr\/wp-json\/wp\/v2\/product_tag?post=5039"}],"curies":[{"name":"WP","href":"https:\/\/api.w.org\/{rel}","templated":true}]}}