{"id":5042,"date":"2025-08-08T16:03:45","date_gmt":"2025-08-08T08:03:45","guid":{"rendered":"https:\/\/www.moonepc.com\/?post_type=product&#038;p=5042"},"modified":"2025-09-23T14:47:49","modified_gmt":"2025-09-23T06:47:49","slug":"fluidized-quick-freezers","status":"publish","type":"product","link":"https:\/\/www.moonepc.com\/fr\/fluidized-quick-freezers\/","title":{"rendered":"Cong\u00e9lateurs rapides fluidis\u00e9s"},"content":{"rendered":"<table>\n<tbody>\n<tr>\n<td width=\"132\">Mode produit 1<\/td>\n<td width=\"101\">MVD1000<\/td>\n<td width=\"101\">MVD1500<\/td>\n<td width=\"101\">MVD2000<\/td>\n<td width=\"101\">MVD2500<\/td>\n<td width=\"102\">MVD3000<\/td>\n<\/tr>\n<tr>\n<td width=\"132\">Code de commande<\/td>\n<td width=\"101\">018641010000<\/td>\n<td width=\"101\">018641020000<\/td>\n<td width=\"101\">018641030000<\/td>\n<td width=\"101\">018641040000<\/td>\n<td width=\"102\">018641050000<\/td>\n<\/tr>\n<tr>\n<td width=\"132\">Capacit\u00e9 nominale de cong\u00e9lation (kg\/h)<\/td>\n<td width=\"101\">1000<\/td>\n<td width=\"101\">1500<\/td>\n<td width=\"101\">2000<\/td>\n<td width=\"101\">2500<\/td>\n<td width=\"102\">3000<\/td>\n<\/tr>\n<tr>\n<td width=\"132\">Largeur effective de la ceinture en maille (mm)<\/td>\n<td colspan=\"5\" width=\"510\">1150<\/td>\n<\/tr>\n<tr>\n<td width=\"132\">Hauteur d'entr\u00e9e d'alimentation<\/p>\n<p>(mm)<\/td>\n<td colspan=\"5\" width=\"510\">100<\/td>\n<\/tr>\n<tr>\n<td width=\"132\">Entr\u00e9e &amp; sortie<\/p>\n<p>noyau de marchandises mat\u00e9rielles<\/p>\n<p>temp\u00e9rature (\u2103)<\/td>\n<td colspan=\"5\" width=\"510\">+15\/-18<\/td>\n<\/tr>\n<tr>\n<td width=\"132\">Temp\u00e9rature congel\u00e9e<\/p>\n<p>(\u2103)<\/td>\n<td colspan=\"5\" width=\"510\">-35<\/td>\n<\/tr>\n<tr>\n<td width=\"132\">D\u00e9gel de l'eau<\/p>\n<p>Quantit\u00e9 (m3)<\/p>\n<p>\/time)<\/td>\n<td width=\"101\">16<\/td>\n<td width=\"101\">22<\/td>\n<td width=\"101\">30<\/td>\n<td width=\"101\">36<\/td>\n<td width=\"102\">43<\/td>\n<\/tr>\n<tr>\n<td width=\"132\">Consommation \u00e0 froid<\/p>\n<p>sous nominal<\/p>\n<p>conditions de travail<\/p>\n<p>(kW)<\/td>\n<td width=\"101\">&nbsp;<\/p>\n<p>150<\/td>\n<td width=\"101\">&nbsp;<\/p>\n<p>220<\/td>\n<td width=\"101\">&nbsp;<\/p>\n<p>290<\/td>\n<td width=\"101\">&nbsp;<\/p>\n<p>360<\/td>\n<td width=\"102\">&nbsp;<\/p>\n<p>430<\/td>\n<\/tr>\n<tr>\n<td width=\"132\">Capacit\u00e9 install\u00e9e<\/p>\n<p>(kW)<\/td>\n<td width=\"101\">28<\/td>\n<td width=\"101\">40<\/td>\n<td width=\"101\">52<\/td>\n<td width=\"101\">58<\/td>\n<td width=\"102\">77<\/td>\n<\/tr>\n<tr>\n<td width=\"132\">Poids net (t)<\/td>\n<td width=\"101\">6<\/td>\n<td width=\"101\">8<\/td>\n<td width=\"101\">9.5<\/td>\n<td width=\"101\">10<\/td>\n<td width=\"102\">12<\/td>\n<\/tr>\n<tr>\n<td width=\"132\">Poids de fonctionnement (t)<\/td>\n<td width=\"101\">6.6<\/td>\n<td width=\"101\">8.8<\/td>\n<td width=\"101\">10.5<\/td>\n<td width=\"101\">11<\/td>\n<td width=\"102\">13.2<\/td>\n<\/tr>\n<\/tbody>\n<\/table>\n<p>Note :<\/p>\n<ol>\n<li>La capacit\u00e9 nominale de cong\u00e9lation est con\u00e7ue selon les grains d'\u00e9p\u00e9e verte, avec une teneur en eau de 70% et une densit\u00e9 de distribution du mat\u00e9riau de 900 kg\/m3;<\/li>\n<li>La consommation de froid dans des conditions de travail nominales est calcul\u00e9e selon la temp\u00e9rature de vaporisation de conditionat de fonctionnement -40 \u2103. Lorsque la temp\u00e9rature de cong\u00e9lation r\u00e9elle est diff\u00e9rente de la valeur figurant dans le tableau, veuillez configurer l'\u00e9quipement du syst\u00e8me en fonction des conditions de fonctionnement r\u00e9elles.<\/li>\n<li>Applicable \u00e0 plusieurs r\u00e9frig\u00e9rants ou r\u00e9frig\u00e9rants secondaires tels que R717, R22, R404A, R507C, R134a, etc.<\/li>\n<li>Le mode d'alimentation de l'\u00e9vaporateur est utilis\u00e9 comme mode d'alimentation de la pompe.<\/li>\n<\/ol>\n<div class=\"host-lopnbnfpjmgpbppclhclehhgafnifija\" style=\"position: relative; z-index: 2147483647;\"><\/div>","protected":false},"excerpt":{"rendered":"<p>Cette conception avanc\u00e9e \u00e0 deux \u00e9tapes refroidit d'abord rapidement la surface des particules alimentaires jusqu'au point de cong\u00e9lation, emp\u00eachant la coll\u00e9e par vibration m\u00e9canique. Dans la deuxi\u00e8me \u00e9tape, la cong\u00e9lation profonde assure des r\u00e9sultats de cong\u00e9lation optimaux. C'est la solution id\u00e9ale pour la cong\u00e9lation rapide individuelle (IQF) de produits alimentaires granulaires, tranch\u00e9s et en forme de blocs.<\/p>\n<div class=\"host-lopnbnfpjmgpbppclhclehhgafnifija\" style=\"position: relative; z-index: 2147483647;\"><\/div>","protected":false},"featured_media":5265,"comment_status":"closed","ping_status":"closed","template":"","meta":[],"product_brand":[],"product_cat":[87,85],"product_tag":[],"class_list":{"0":"post-5042","1":"product","2":"type-product","3":"status-publish","4":"has-post-thumbnail","6":"product_cat-quick-freezer","7":"product_cat-quick-freezer-and-freeze-dryer","9":"first","10":"instock","11":"shipping-taxable","12":"product-type-simple"},"_links":{"self":[{"href":"https:\/\/www.moonepc.com\/fr\/wp-json\/wp\/v2\/product\/5042","targetHints":{"allow":["GET"]}}],"collection":[{"href":"https:\/\/www.moonepc.com\/fr\/wp-json\/wp\/v2\/product"}],"about":[{"href":"https:\/\/www.moonepc.com\/fr\/wp-json\/wp\/v2\/types\/product"}],"replies":[{"embeddable":true,"href":"https:\/\/www.moonepc.com\/fr\/wp-json\/wp\/v2\/comments?post=5042"}],"wp:featuredmedia":[{"embeddable":true,"href":"https:\/\/www.moonepc.com\/fr\/wp-json\/wp\/v2\/media\/5265"}],"wp:attachment":[{"href":"https:\/\/www.moonepc.com\/fr\/wp-json\/wp\/v2\/media?parent=5042"}],"wp:term":[{"taxonomy":"product_brand","embeddable":true,"href":"https:\/\/www.moonepc.com\/fr\/wp-json\/wp\/v2\/product_brand?post=5042"},{"taxonomy":"product_cat","embeddable":true,"href":"https:\/\/www.moonepc.com\/fr\/wp-json\/wp\/v2\/product_cat?post=5042"},{"taxonomy":"product_tag","embeddable":true,"href":"https:\/\/www.moonepc.com\/fr\/wp-json\/wp\/v2\/product_tag?post=5042"}],"curies":[{"name":"WP","href":"https:\/\/api.w.org\/{rel}","templated":true}]}}