{"id":5593,"date":"2025-08-20T12:17:11","date_gmt":"2025-08-20T04:17:11","guid":{"rendered":"https:\/\/www.moonepc.com\/?post_type=product&#038;p=5593"},"modified":"2025-09-23T13:50:09","modified_gmt":"2025-09-23T05:50:09","slug":"red-water-chiller","status":"publish","type":"product","link":"https:\/\/www.moonepc.com\/fr\/red-water-chiller\/","title":{"rendered":"refroidisseur eau rouge"},"content":{"rendered":"<p>&nbsp;<\/p>\n<div class=\"host-lopnbnfpjmgpbppclhclehhgafnifija\" style=\"position: relative; z-index: 2147483647;\"><\/div>","protected":false},"excerpt":{"rendered":"<p>R\u00e9frig\u00e9rant: R717, R22, R507A et autres<\/p>\n<p>Capacit\u00e9 de refroidissement: 300-1200 kW<\/p>\n<p>D\u00e9bit d'eau de refroidissement: 50-200 m\u00b3 \/ h<\/p>\n<p>Le refroidisseur \u00e0 eau rouge est un syst\u00e8me avanc\u00e9 qui int\u00e8gre les processus de pr\u00e9-refroidissement de la volaille avec la r\u00e9frig\u00e9ration. Il dispose d'un \u00e9vaporateur \u00e0 film tombant \u00e0 haut rendement avec alimentation en liquide pomp\u00e9e, commandes automatiques \u00e0 haute performance et efficacit\u00e9 d'\u00e9change de chaleur sup\u00e9rieure. Le syst\u00e8me est con\u00e7u avec des capacit\u00e9s anti-gla\u00e7age pour \u00e9viter l'obstruction, r\u00e9duisant consid\u00e9rablement la consommation d'\u00e9nergie.<\/p>\n<div class=\"host-lopnbnfpjmgpbppclhclehhgafnifija\" style=\"position: relative; z-index: 2147483647;\"><\/div>","protected":false},"featured_media":5611,"comment_status":"closed","ping_status":"closed","template":"","meta":[],"product_brand":[],"product_cat":[74,76],"product_tag":[],"class_list":{"0":"post-5593","1":"product","2":"type-product","3":"status-publish","4":"has-post-thumbnail","6":"product_cat-chiller","7":"product_cat-low-temperature-brine-chiller","9":"first","10":"instock","11":"shipping-taxable","12":"product-type-simple"},"_links":{"self":[{"href":"https:\/\/www.moonepc.com\/fr\/wp-json\/wp\/v2\/product\/5593","targetHints":{"allow":["GET"]}}],"collection":[{"href":"https:\/\/www.moonepc.com\/fr\/wp-json\/wp\/v2\/product"}],"about":[{"href":"https:\/\/www.moonepc.com\/fr\/wp-json\/wp\/v2\/types\/product"}],"replies":[{"embeddable":true,"href":"https:\/\/www.moonepc.com\/fr\/wp-json\/wp\/v2\/comments?post=5593"}],"wp:featuredmedia":[{"embeddable":true,"href":"https:\/\/www.moonepc.com\/fr\/wp-json\/wp\/v2\/media\/5611"}],"wp:attachment":[{"href":"https:\/\/www.moonepc.com\/fr\/wp-json\/wp\/v2\/media?parent=5593"}],"wp:term":[{"taxonomy":"product_brand","embeddable":true,"href":"https:\/\/www.moonepc.com\/fr\/wp-json\/wp\/v2\/product_brand?post=5593"},{"taxonomy":"product_cat","embeddable":true,"href":"https:\/\/www.moonepc.com\/fr\/wp-json\/wp\/v2\/product_cat?post=5593"},{"taxonomy":"product_tag","embeddable":true,"href":"https:\/\/www.moonepc.com\/fr\/wp-json\/wp\/v2\/product_tag?post=5593"}],"curies":[{"name":"WP","href":"https:\/\/api.w.org\/{rel}","templated":true}]}}