{"id":4470,"date":"2025-07-29T16:43:53","date_gmt":"2025-07-29T08:43:53","guid":{"rendered":"https:\/\/www.moonepc.com\/?post_type=product&#038;p=4470"},"modified":"2025-09-23T14:00:37","modified_gmt":"2025-09-23T06:00:37","slug":"semi-hermetic-screw-refrigeration-compressor-unit","status":"publish","type":"product","link":"https:\/\/www.moonepc.com\/pt\/semi-hermetic-screw-refrigeration-compressor-unit\/","title":{"rendered":"Unidade de Compressor de Refrigera\u00e7\u00e3o Semi-Herm\u00e9tica"},"content":{"rendered":"<p>&nbsp;<\/p>\n<div class=\"host-lopnbnfpjmgpbppclhclehhgafnifija\" style=\"position: relative; z-index: 2147483647;\"><\/div>","protected":false},"excerpt":{"rendered":"<p>Modelo: BF16S-BF20L Series<\/p>\n<p>Refrigeratores aplic\u00e1veis: R507, R744 (CO \u2082), etc.<\/p>\n<p>Condi\u00e7\u00f5es de projeto: 40\u00b0C condensando \/ -40\u00b0C a 7\u00b0C temperatura evaporadora<\/p>\n<p>Capacidade Nominal de Enfriamento: 74,8 kW a 1652 kW<\/p>\n<p>Rango de aplica\u00e7\u00e3o: Adequado para condi\u00e7\u00f5es de refrigera\u00e7\u00e3o de alta, m\u00e9dia e baixa temperatura.<\/p>\n<div class=\"host-lopnbnfpjmgpbppclhclehhgafnifija\" style=\"position: relative; z-index: 2147483647;\"><\/div>","protected":false},"featured_media":5205,"comment_status":"closed","ping_status":"closed","template":"","meta":[],"product_brand":[],"product_cat":[15],"product_tag":[],"class_list":{"0":"post-4470","1":"product","2":"type-product","3":"status-publish","4":"has-post-thumbnail","6":"product_cat-screw-refrigeration-compressor-unit","8":"first","9":"instock","10":"shipping-taxable","11":"product-type-simple"},"_links":{"self":[{"href":"https:\/\/www.moonepc.com\/pt\/wp-json\/wp\/v2\/product\/4470","targetHints":{"allow":["GET"]}}],"collection":[{"href":"https:\/\/www.moonepc.com\/pt\/wp-json\/wp\/v2\/product"}],"about":[{"href":"https:\/\/www.moonepc.com\/pt\/wp-json\/wp\/v2\/types\/product"}],"replies":[{"embeddable":true,"href":"https:\/\/www.moonepc.com\/pt\/wp-json\/wp\/v2\/comments?post=4470"}],"wp:featuredmedia":[{"embeddable":true,"href":"https:\/\/www.moonepc.com\/pt\/wp-json\/wp\/v2\/media\/5205"}],"wp:attachment":[{"href":"https:\/\/www.moonepc.com\/pt\/wp-json\/wp\/v2\/media?parent=4470"}],"wp:term":[{"taxonomy":"product_brand","embeddable":true,"href":"https:\/\/www.moonepc.com\/pt\/wp-json\/wp\/v2\/product_brand?post=4470"},{"taxonomy":"product_cat","embeddable":true,"href":"https:\/\/www.moonepc.com\/pt\/wp-json\/wp\/v2\/product_cat?post=4470"},{"taxonomy":"product_tag","embeddable":true,"href":"https:\/\/www.moonepc.com\/pt\/wp-json\/wp\/v2\/product_tag?post=4470"}],"curies":[{"name":"wp","href":"https:\/\/api.w.org\/{rel}","templated":true}]}}