{"id":4475,"date":"2025-07-29T17:08:51","date_gmt":"2025-07-29T09:08:51","guid":{"rendered":"https:\/\/www.moonepc.com\/?post_type=product&#038;p=4475"},"modified":"2025-09-23T14:04:50","modified_gmt":"2025-09-23T06:04:50","slug":"flooded-low-temperature-brine-chiller","status":"publish","type":"product","link":"https:\/\/www.moonepc.com\/pt\/flooded-low-temperature-brine-chiller\/","title":{"rendered":"Colher de brincadeira de baixa temperatura inundado"},"content":{"rendered":"<table>\n<tbody>\n<tr>\n<td colspan=\"2\" width=\"189\">Elemento<\/td>\n<td width=\"56\">Unidade<\/td>\n<td width=\"118\">YS12MZMSA(B)<\/td>\n<td width=\"117\">YS16MZMSA(B)<\/td>\n<td width=\"120\">YS20MZMSA(B)<\/td>\n<\/tr>\n<tr>\n<td colspan=\"2\" width=\"189\">Capacidade de refrigera\u00e7\u00e3o<\/td>\n<td width=\"56\">kw<\/td>\n<td width=\"118\">168.2<\/td>\n<td width=\"117\">367<\/td>\n<td width=\"120\">704.4<\/td>\n<\/tr>\n<tr>\n<td colspan=\"2\" width=\"189\">Variedades de \u00e1gua fria<\/td>\n<td width=\"56\"><\/td>\n<td colspan=\"3\" width=\"357\">Solu\u00e7\u00e3o de \u00e1gua de etilenglicol e solu\u00e7\u00e3o de \u00e1gua de cloreto de c\u00e1lcio<\/td>\n<\/tr>\n<tr>\n<td colspan=\"2\" width=\"189\">Rango de controle da capacidade<\/td>\n<td width=\"56\">%<\/td>\n<td colspan=\"3\" width=\"357\">15 %.<\/td>\n<\/tr>\n<tr>\n<td rowspan=\"3\" width=\"69\">Refrigerante<\/td>\n<td width=\"120\">Variedades<\/td>\n<td width=\"56\"><\/td>\n<td colspan=\"3\" width=\"357\">R22<\/td>\n<\/tr>\n<tr>\n<td width=\"120\">Carga<\/td>\n<td width=\"56\">kg<\/td>\n<td width=\"118\">~\u00a0200\/200<\/td>\n<td width=\"117\">~\u00a0330\/330<\/td>\n<td width=\"120\">~\u00a0600\/530<\/td>\n<\/tr>\n<tr>\n<td width=\"120\">Normal<\/td>\n<td width=\"56\"><\/td>\n<td colspan=\"3\" width=\"357\">GB7373 Industrial[UNK]CHClF2[UNK](F22)<\/td>\n<\/tr>\n<tr>\n<td rowspan=\"3\" width=\"69\">Refrigerante<\/p>\n<p>petr\u00f3leo<\/td>\n<td width=\"120\">Marca<\/td>\n<td width=\"56\"><\/td>\n<td colspan=\"3\" width=\"357\">M-K4001<\/td>\n<\/tr>\n<tr>\n<td width=\"120\">Carga<\/td>\n<td width=\"56\">eu<\/td>\n<td width=\"118\">~\u00a0110<\/td>\n<td width=\"117\">~\u00a0160<\/td>\n<td width=\"120\">~\u00a0370<\/td>\n<\/tr>\n<tr>\n<td width=\"120\">Normal<\/td>\n<td width=\"56\"><\/td>\n<td colspan=\"3\" width=\"357\">\u00a0Q\/YB00J08.21.1\u201cPetr\u00f3leo congelado (tipo mineral)\u201d<\/td>\n<\/tr>\n<tr>\n<td colspan=\"2\" width=\"189\">Modelo de compressor<\/td>\n<td width=\"56\"><\/td>\n<td width=\"118\">LG12M<\/td>\n<td width=\"117\">LG16M<\/td>\n<td width=\"120\">LG20M<\/td>\n<\/tr>\n<tr>\n<td colspan=\"2\" width=\"189\">Pot\u00eancia estimada de motor<\/td>\n<td width=\"56\">kw<\/td>\n<td width=\"118\">65<\/td>\n<td width=\"117\">132<\/td>\n<td width=\"120\">250<\/td>\n<\/tr>\n<tr>\n<td colspan=\"2\" width=\"189\">Sistema el\u00e9trico<\/td>\n<td width=\"56\"><\/td>\n<td colspan=\"3\" width=\"357\">3P 380V 50HZ<\/td>\n<\/tr>\n<tr>\n<td rowspan=\"5\" width=\"69\">Condensador<\/td>\n<td width=\"120\">Tipo<\/td>\n<td width=\"56\"><\/td>\n<td colspan=\"3\" width=\"357\">Tubo de shell<\/td>\n<\/tr>\n<tr>\n<td width=\"120\">Temperatura da entrada da \u00e1gua<\/td>\n<td width=\"56\">\u2103<\/td>\n<td colspan=\"3\" width=\"357\">30<\/td>\n<\/tr>\n<tr>\n<td width=\"120\">Circula\u00e7\u00e3o de \u00e1gua refrigerante<\/p>\n<p>volume<\/td>\n<td width=\"56\">m3\/h<\/td>\n<td width=\"118\">40<\/td>\n<td width=\"117\">85<\/td>\n<td width=\"120\">155<\/td>\n<\/tr>\n<tr>\n<td width=\"120\">entrada de \u00e1gua refrigerante e<\/p>\n<p>di\u00e2metro do tubo de sa\u00edda<\/td>\n<td width=\"56\">&nbsp;<\/p>\n<p>mm<\/td>\n<td width=\"118\">&nbsp;<\/p>\n<p>DN80<\/td>\n<td width=\"117\">&nbsp;<\/p>\n<p>DN125<\/td>\n<td width=\"120\">&nbsp;<\/p>\n<p>DN150<\/td>\n<\/tr>\n<tr>\n<td width=\"120\">Press\u00e3o de design do lado da \u00e1gua refrigerante<\/td>\n<td width=\"56\">&nbsp;<\/p>\n<p>MPa<\/td>\n<td colspan=\"3\" width=\"357\">0.6<\/td>\n<\/tr>\n<\/tbody>\n<\/table>\n<p>&nbsp;<\/p>\n<table>\n<tbody>\n<tr>\n<td colspan=\"2\" width=\"189\">Elemento<\/td>\n<td width=\"56\">Unidade<\/td>\n<td width=\"118\">YS12MZMSA(B)<\/td>\n<td width=\"117\">YS16MZMSA(B)<\/td>\n<td width=\"120\">YS20MZMSA(B)<\/td>\n<\/tr>\n<tr>\n<td rowspan=\"5\" width=\"69\">&nbsp;<\/p>\n<p>&nbsp;<\/p>\n<p>&nbsp;<\/p>\n<p>&nbsp;<\/p>\n<p>&nbsp;<\/p>\n<p>Evaporador<\/td>\n<td width=\"120\">Tipo<\/td>\n<td width=\"56\"><\/td>\n<td colspan=\"3\" width=\"357\">Tipo inundado<\/td>\n<\/tr>\n<tr>\n<td width=\"120\">\u00c1gua de sa\u00edda<\/p>\n<p>temperatura<\/td>\n<td width=\"56\">\u2103<\/td>\n<td colspan=\"3\" width=\"357\">-5<\/td>\n<\/tr>\n<tr>\n<td width=\"120\">Circula\u00e7\u00e3o de \u00e1gua fria<\/p>\n<p>volume<\/td>\n<td width=\"56\">&nbsp;<\/p>\n<p>&nbsp;<\/td>\n<td width=\"118\">35\/36<\/td>\n<td width=\"117\">70\/75<\/td>\n<td width=\"120\">135\/140<\/td>\n<\/tr>\n<tr>\n<td width=\"120\">Di\u00e2metro de seca de entrada e sa\u00edda refrigerada de \u00e1gua<\/td>\n<td width=\"56\">&nbsp;<\/p>\n<p>mm<\/td>\n<td width=\"118\">&nbsp;<\/p>\n<p>DN80<\/td>\n<td width=\"117\">&nbsp;<\/p>\n<p>DN125<\/td>\n<td width=\"120\">&nbsp;<\/p>\n<p>DN150<\/td>\n<\/tr>\n<tr>\n<td width=\"120\">Press\u00e3o do design do lado da \u00e1gua fria<\/td>\n<td width=\"56\">&nbsp;<\/p>\n<p>MPa<\/td>\n<td colspan=\"3\" width=\"357\">0.6<\/td>\n<\/tr>\n<tr>\n<td colspan=\"2\" width=\"189\">Fator de fomento de \u00e1gua fria e refrigera\u00e7\u00e3o<\/p>\n<p>\u00e1gua<\/td>\n<td width=\"56\">m2.k\/kw<\/td>\n<td colspan=\"3\" width=\"357\">0.086<\/td>\n<\/tr>\n<tr>\n<td colspan=\"2\" width=\"189\">Resist\u00eancia do condensador e evaporador<\/p>\n<p>no caminho da \u00e1gua<\/td>\n<td width=\"56\">&nbsp;<\/p>\n<p>MPa<\/td>\n<td colspan=\"3\" width=\"357\">\u22640,1<\/td>\n<\/tr>\n<tr>\n<td colspan=\"2\" width=\"189\">Standard de qualidade da \u00e1gua de refrigera\u00e7\u00e3o<\/td>\n<td width=\"56\"><\/td>\n<td colspan=\"3\" width=\"357\">C\u00f3digo GB50050 para Design of Industrial Recirculating Cooling<\/td>\n<\/tr>\n<tr>\n<td colspan=\"2\" width=\"189\">Dimens\u00e3o cont\u00ednua<\/td>\n<td width=\"56\">mm<\/td>\n<td width=\"118\">~\u00a03049*1886*1912<\/td>\n<td width=\"117\">~\u00a03178*2265*2217<\/td>\n<td width=\"120\">~\u00a03836*2435*2398\/<\/p>\n<p>~\u00a03763*2374*2302<\/td>\n<\/tr>\n<tr>\n<td colspan=\"2\" width=\"189\">Peso l\u00edquido<\/td>\n<td width=\"56\">kg<\/td>\n<td width=\"118\">~\u00a03750<\/td>\n<td width=\"117\">~\u00a05000<\/td>\n<td width=\"120\">~\u00a07000<\/td>\n<\/tr>\n<\/tbody>\n<\/table>\n<p>Nota:<br \/>\nA temperatura de entrada e a temperatura de entrada da \u00e1gua s\u00e3o 5 &#8220; [UNK] ; a temperatura da sa\u00edda refrigerada da \u00e1gua \u00e9 -5 &#8220; [UNK] e a diferen\u00e7a entre a temperatura da entrada de \u00e1gua e a temperatura da entrada de \u00e1gua \u00e9 de 5c.<\/p>\n<p>\u2461 A taxa de fluxo secund\u00e1ria do refrigerante na tabela \u00e9 calculada de acordo com a concentra\u00e7\u00e3o de massa de 35% de solu\u00e7\u00e3o de \u00e1gua de etilenglicol e a concentra\u00e7\u00e3o de massa de 20,9% de solu\u00e7\u00e3o de \u00e1gua de cloreto de c\u00e1lcio.<\/p>\n<p>\u2462  Em[UNK]ca[UNK]seof[UNK]usando[UNK]outros[UNK]secund\u00e1rios[UNK]frigor\u00edficos, o[UNK]circula\u00e7\u00e3o[UNK]volume[UNK]de[UNK]refrigerado[UNK]\u00e1gua[UNK]shal[UNK]lbe[UNK]recalculado[UNK]de acordo com seus par\u00e2metros de propriedade f\u00edsica[UNK].<\/p>\n<p>\u2463 Nas tabelas acima, o item antes\/denota uma unidade de etilenglicol e o item depois\/denota uma unidade de cloreto de c\u00e1lcio.<\/p>\n<div class=\"host-lopnbnfpjmgpbppclhclehhgafnifija\" style=\"position: relative; z-index: 2147483647;\"><\/div>","protected":false},"excerpt":{"rendered":"<p>Tipo de condensador: condensador de bala e tubo refrigerado com \u00e1gua, condensador de trocador de calor de placa, condensador evaporador<\/p>\n<p>Tipo de evaporador: Tipo de inunda\u00e7\u00e3o<\/p>\n<p>Refrigerante: R134a, R507, etc.<\/p>\n<p>Temperatura da \u00e1gua de sa\u00edda: -5\u2014-35<\/p>\n<p>Coolante secund\u00e1rio: solu\u00e7\u00e3o de etilenglicol, solu\u00e7\u00e3o de cloreto de c\u00e1lcio, etc.<\/p>\n<p>Tipo de Compressor: Compressores de s\u00e9rie semi-h\u00e9rmetica, de tipo aberto, de tipo aberto, de tipo aberto, de tipo aberto<\/p>\n<div class=\"host-lopnbnfpjmgpbppclhclehhgafnifija\" style=\"position: relative; z-index: 2147483647;\"><\/div>","protected":false},"featured_media":5207,"comment_status":"closed","ping_status":"closed","template":"","meta":[],"product_brand":[],"product_cat":[74,76],"product_tag":[],"class_list":{"0":"post-4475","1":"product","2":"type-product","3":"status-publish","4":"has-post-thumbnail","6":"product_cat-chiller","7":"product_cat-low-temperature-brine-chiller","9":"first","10":"instock","11":"shipping-taxable","12":"product-type-simple"},"_links":{"self":[{"href":"https:\/\/www.moonepc.com\/pt\/wp-json\/wp\/v2\/product\/4475","targetHints":{"allow":["GET"]}}],"collection":[{"href":"https:\/\/www.moonepc.com\/pt\/wp-json\/wp\/v2\/product"}],"about":[{"href":"https:\/\/www.moonepc.com\/pt\/wp-json\/wp\/v2\/types\/product"}],"replies":[{"embeddable":true,"href":"https:\/\/www.moonepc.com\/pt\/wp-json\/wp\/v2\/comments?post=4475"}],"wp:featuredmedia":[{"embeddable":true,"href":"https:\/\/www.moonepc.com\/pt\/wp-json\/wp\/v2\/media\/5207"}],"wp:attachment":[{"href":"https:\/\/www.moonepc.com\/pt\/wp-json\/wp\/v2\/media?parent=4475"}],"wp:term":[{"taxonomy":"product_brand","embeddable":true,"href":"https:\/\/www.moonepc.com\/pt\/wp-json\/wp\/v2\/product_brand?post=4475"},{"taxonomy":"product_cat","embeddable":true,"href":"https:\/\/www.moonepc.com\/pt\/wp-json\/wp\/v2\/product_cat?post=4475"},{"taxonomy":"product_tag","embeddable":true,"href":"https:\/\/www.moonepc.com\/pt\/wp-json\/wp\/v2\/product_tag?post=4475"}],"curies":[{"name":"wp","href":"https:\/\/api.w.org\/{rel}","templated":true}]}}