{"id":4481,"date":"2025-07-29T17:19:16","date_gmt":"2025-07-29T09:19:16","guid":{"rendered":"https:\/\/www.moonepc.com\/?post_type=product&#038;p=4481"},"modified":"2025-09-23T13:45:22","modified_gmt":"2025-09-23T05:45:22","slug":"ls-series-screw-chiller","status":"publish","type":"product","link":"https:\/\/www.moonepc.com\/pt\/ls-series-screw-chiller\/","title":{"rendered":"LS-Series-Screw-Chiller"},"content":{"rendered":"<table>\n<tbody>\n<tr>\n<td colspan=\"2\" width=\"183\">Elemento<\/td>\n<td width=\"59\">Unidade<\/td>\n<td width=\"120\">LS20MMSA( B)<\/td>\n<td width=\"120\">LS20LMSA(B)<\/td>\n<td width=\"120\">LS25MMSA( B)<\/td>\n<\/tr>\n<tr>\n<td colspan=\"2\" width=\"183\">Capacidade de refrigera\u00e7\u00e3o<\/td>\n<td width=\"59\">kw<\/td>\n<td width=\"120\">1211<\/td>\n<td width=\"120\">1588<\/td>\n<td width=\"120\">2489<\/td>\n<\/tr>\n<tr>\n<td colspan=\"2\" width=\"183\">Variedades de \u00e1gua fria<\/td>\n<td width=\"59\"><\/td>\n<td colspan=\"3\" width=\"360\">\u00c1gua<\/td>\n<\/tr>\n<tr>\n<td colspan=\"2\" width=\"183\">Rango de controle da capacidade<\/td>\n<td width=\"59\">%<\/td>\n<td colspan=\"3\" width=\"360\">15 %.<\/td>\n<\/tr>\n<tr>\n<td rowspan=\"3\" width=\"69\">Refrigerante<\/td>\n<td width=\"114\">Variedades<\/td>\n<td width=\"59\"><\/td>\n<td colspan=\"3\" width=\"360\">R22<\/td>\n<\/tr>\n<tr>\n<td width=\"114\">Carga<\/td>\n<td width=\"59\">kg<\/td>\n<td width=\"120\">~\u00a0650<\/td>\n<td width=\"120\">~\u00a0750<\/td>\n<td width=\"120\">~\u00a01200<\/td>\n<\/tr>\n<tr>\n<td width=\"114\">Normal<\/td>\n<td width=\"59\"><\/td>\n<td colspan=\"3\" width=\"360\">GB7373 Industrial[UNK]CHClF2[UNK](F22)<\/td>\n<\/tr>\n<tr>\n<td rowspan=\"3\" width=\"69\">Petr\u00f3leo refrigerante<\/td>\n<td width=\"114\">Marca<\/td>\n<td width=\"59\"><\/td>\n<td colspan=\"3\" width=\"360\">M-K4001<\/td>\n<\/tr>\n<tr>\n<td width=\"114\">Carga<\/td>\n<td width=\"59\">eu<\/td>\n<td width=\"120\">~\u00a0370<\/td>\n<td width=\"120\">~\u00a0470<\/td>\n<td width=\"120\">~\u00a0760<\/td>\n<\/tr>\n<tr>\n<td width=\"114\">Normal<\/td>\n<td width=\"59\"><\/td>\n<td colspan=\"3\" width=\"360\">Q\/YB00J08.21.1Petr\u00f3leo de refrigera\u00e7\u00e3o (Tipo Mineral)<\/td>\n<\/tr>\n<tr>\n<td colspan=\"2\" width=\"183\">Modelo de compressor<\/td>\n<td width=\"59\"><\/td>\n<td width=\"120\">LG20M<\/td>\n<td width=\"120\">LG20L<\/td>\n<td width=\"120\">LG25M<\/td>\n<\/tr>\n<tr>\n<td colspan=\"2\" width=\"183\">Pot\u00eancia estimada de motor<\/td>\n<td width=\"59\">kw<\/td>\n<td width=\"120\">250<\/td>\n<td width=\"120\">315<\/td>\n<td width=\"120\">500<\/td>\n<\/tr>\n<tr>\n<td colspan=\"2\" width=\"183\">Sistema el\u00e9trico<\/td>\n<td width=\"59\"><\/td>\n<td width=\"120\">3N = 50Hz = 380V<\/td>\n<td colspan=\"2\" width=\"240\">3N 50Hz[UNK]10kV<\/td>\n<\/tr>\n<tr>\n<td rowspan=\"5\" width=\"69\">&nbsp;<\/p>\n<p>Condensador<\/td>\n<td width=\"114\">Tipo<\/td>\n<td width=\"59\"><\/td>\n<td colspan=\"3\" width=\"360\">Tipo de concha e tubo<\/td>\n<\/tr>\n<tr>\n<td width=\"114\">Temperatura da entrada da \u00e1gua<\/td>\n<td width=\"59\">\u2103<\/td>\n<td colspan=\"3\" width=\"360\">30<\/td>\n<\/tr>\n<tr>\n<td width=\"114\">Circula\u00e7\u00e3o de \u00e1gua refrigerante<\/p>\n<p>volume<\/td>\n<td width=\"59\">&nbsp;<\/p>\n<p>m3\/h<\/td>\n<td width=\"120\">&nbsp;<\/p>\n<p>240<\/td>\n<td width=\"120\">&nbsp;<\/p>\n<p>320<\/td>\n<td width=\"120\">&nbsp;<\/p>\n<p>500<\/td>\n<\/tr>\n<tr>\n<td width=\"114\">Di\u00e2metro do tubo de entrada e sa\u00edda de \u00e1gua refrigerante<\/td>\n<td width=\"59\">&nbsp;<\/p>\n<p>mm<\/td>\n<td width=\"120\">&nbsp;<\/p>\n<p>DN200<\/td>\n<td width=\"120\">&nbsp;<\/p>\n<p>DN250<\/td>\n<td width=\"120\">&nbsp;<\/p>\n<p>DN300<\/td>\n<\/tr>\n<tr>\n<td width=\"114\">Press\u00e3o de design do lado da \u00e1gua refrigerante<\/td>\n<td width=\"59\">&nbsp;<\/p>\n<p>MPa<\/td>\n<td colspan=\"3\" width=\"360\">&nbsp;<\/p>\n<p>0.6<\/td>\n<\/tr>\n<\/tbody>\n<\/table>\n<table>\n<tbody>\n<tr>\n<td colspan=\"2\" width=\"183\">Elemento<\/td>\n<td width=\"59\">Unidade<\/td>\n<td width=\"120\">LS20MMSA( B)<\/td>\n<td width=\"120\">LS20LMSA(B)<\/td>\n<td width=\"120\">LS25MMSA( B)<\/td>\n<\/tr>\n<tr>\n<td rowspan=\"5\" width=\"69\">&nbsp;<\/p>\n<p>&nbsp;<\/p>\n<p>&nbsp;<\/p>\n<p>Evaporador<\/td>\n<td width=\"114\">Tipo<\/td>\n<td width=\"59\"><\/td>\n<td colspan=\"3\" width=\"360\">Tipo inundado<\/td>\n<\/tr>\n<tr>\n<td width=\"114\">Temperatura da \u00e1gua de sa\u00edda<\/td>\n<td width=\"59\">&nbsp;<\/p>\n<p>\u2103<\/td>\n<td colspan=\"3\" width=\"360\">&nbsp;<\/p>\n<p>7<\/td>\n<\/tr>\n<tr>\n<td width=\"114\">Volume de circula\u00e7\u00e3o de \u00e1gua fria<\/td>\n<td width=\"59\">&nbsp;<\/p>\n<p>m3\/h<\/td>\n<td width=\"120\">&nbsp;<\/p>\n<p>210<\/td>\n<td width=\"120\">&nbsp;<\/p>\n<p>270<\/td>\n<td width=\"120\">&nbsp;<\/p>\n<p>430<\/td>\n<\/tr>\n<tr>\n<td width=\"114\">Di\u00e2metro de seca de entrada e sa\u00edda refrigerada de \u00e1gua<\/td>\n<td width=\"59\">&nbsp;<\/p>\n<p>mm<\/td>\n<td width=\"120\">&nbsp;<\/p>\n<p>DN200<\/td>\n<td width=\"120\">&nbsp;<\/p>\n<p>DN200<\/td>\n<td width=\"120\">&nbsp;<\/p>\n<p>DN250<\/td>\n<\/tr>\n<tr>\n<td width=\"114\">Press\u00e3o refrigerada do design do lado da \u00e1gua<\/td>\n<td width=\"59\">&nbsp;<\/p>\n<p>MPa<\/td>\n<td colspan=\"3\" width=\"360\">&nbsp;<\/p>\n<p>1.0<\/td>\n<\/tr>\n<tr>\n<td colspan=\"2\" width=\"183\">Fator de fouling de \u00e1gua fria e<\/p>\n<p>\u00e1gua refrigerante<\/td>\n<td width=\"59\">&nbsp;<\/p>\n<p>m2.k\/kw<\/td>\n<td colspan=\"3\" width=\"360\">&nbsp;<\/p>\n<p>0.086<\/td>\n<\/tr>\n<tr>\n<td colspan=\"2\" width=\"183\">Resist\u00eancia do condensador e evaporador<\/p>\n<p>no caminho da \u00e1gua<\/td>\n<td width=\"59\">&nbsp;<\/p>\n<p>MPa<\/td>\n<td colspan=\"3\" width=\"360\">&nbsp;<\/p>\n<p>\u22640,1<\/td>\n<\/tr>\n<tr>\n<td colspan=\"2\" width=\"183\">Standard de qualidade da \u00e1gua de refrigera\u00e7\u00e3o<\/td>\n<td width=\"59\"><\/td>\n<td colspan=\"3\" width=\"360\">C\u00f3digo GB50050 para Design of Industrial Recirculating Cooling<\/td>\n<\/tr>\n<tr>\n<td colspan=\"2\" width=\"183\">Dimens\u00e3o de contorno<\/td>\n<td width=\"59\">mm<\/td>\n<td width=\"120\">~\u00a03840*2720*2700<\/td>\n<td width=\"120\">~\u00a04198*3190*3279<\/td>\n<td width=\"120\">~\u00a04890*3400*3150<\/td>\n<\/tr>\n<tr>\n<td colspan=\"2\" width=\"183\">Peso l\u00edquido<\/td>\n<td width=\"59\">kg<\/td>\n<td width=\"120\">~\u00a08200<\/td>\n<td width=\"120\">~\u00a09700<\/td>\n<td width=\"120\">~\u00a015000<\/td>\n<\/tr>\n<\/tbody>\n<\/table>\n<p style=\"text-align: left;\">Nota:<\/p>\n<ol>\n<li style=\"text-align: left;\">As condi\u00e7\u00f5es de trabalho desenhadas na tabela:a temperatura de entrada de \u00e1gua refrigerante do condensador \u00e9 de 30,5,5 e a diferen\u00e7a entre a temperatura de entrada de \u00e1gua e a temperatura de entrada de \u00e1gua \u00e9 de 5,5,5; A temperatura de entrada da \u00e1gua e a temperatura de entrada da \u00e1gua s\u00e3o de 5%. Unidade sem economizador<\/li>\n<li style=\"text-align: left;\">Refere-se \u00e0 tabela de par\u00e2metros de desempenho das unidades para a capacidade de refrigera\u00e7\u00e3o em outras condi\u00e7\u00f5es de trabalho.<\/li>\n<\/ol>\n<div class=\"host-lopnbnfpjmgpbppclhclehhgafnifija\" style=\"position: relative; z-index: 2147483647;\"><\/div>","protected":false},"excerpt":{"rendered":"<p>Modelo:[UNK]LS20MMSA(B) \u2013 Serie LS32LMSA(B)<\/p>\n<p>Tipos de condensador:<\/p>\n<p>Tipos de evapora\u00e7\u00e3o: Flooded, siphon, plate heat exchanger, dry-type<\/p>\n<p>Temperatura de sa\u00edda de \u00e1gua fria: de 5\u00b0C a 10\u00b0C<\/p>\n<p>Temperatura de entrada de \u00e1gua refrigerante: de 19\u00b0C a 33\u00b0C<\/p>\n<div class=\"host-lopnbnfpjmgpbppclhclehhgafnifija\" style=\"position: relative; z-index: 2147483647;\"><\/div>","protected":false},"featured_media":4480,"comment_status":"closed","ping_status":"closed","template":"","meta":[],"product_brand":[],"product_cat":[74,76],"product_tag":[],"class_list":{"0":"post-4481","1":"product","2":"type-product","3":"status-publish","4":"has-post-thumbnail","6":"product_cat-chiller","7":"product_cat-low-temperature-brine-chiller","9":"first","10":"instock","11":"shipping-taxable","12":"product-type-simple"},"_links":{"self":[{"href":"https:\/\/www.moonepc.com\/pt\/wp-json\/wp\/v2\/product\/4481","targetHints":{"allow":["GET"]}}],"collection":[{"href":"https:\/\/www.moonepc.com\/pt\/wp-json\/wp\/v2\/product"}],"about":[{"href":"https:\/\/www.moonepc.com\/pt\/wp-json\/wp\/v2\/types\/product"}],"replies":[{"embeddable":true,"href":"https:\/\/www.moonepc.com\/pt\/wp-json\/wp\/v2\/comments?post=4481"}],"wp:featuredmedia":[{"embeddable":true,"href":"https:\/\/www.moonepc.com\/pt\/wp-json\/wp\/v2\/media\/4480"}],"wp:attachment":[{"href":"https:\/\/www.moonepc.com\/pt\/wp-json\/wp\/v2\/media?parent=4481"}],"wp:term":[{"taxonomy":"product_brand","embeddable":true,"href":"https:\/\/www.moonepc.com\/pt\/wp-json\/wp\/v2\/product_brand?post=4481"},{"taxonomy":"product_cat","embeddable":true,"href":"https:\/\/www.moonepc.com\/pt\/wp-json\/wp\/v2\/product_cat?post=4481"},{"taxonomy":"product_tag","embeddable":true,"href":"https:\/\/www.moonepc.com\/pt\/wp-json\/wp\/v2\/product_tag?post=4481"}],"curies":[{"name":"wp","href":"https:\/\/api.w.org\/{rel}","templated":true}]}}