{"id":4482,"date":"2025-07-29T17:24:11","date_gmt":"2025-07-29T09:24:11","guid":{"rendered":"https:\/\/www.moonepc.com\/?post_type=product&#038;p=4482"},"modified":"2025-09-23T13:48:16","modified_gmt":"2025-09-23T05:48:16","slug":"siphon-type-low-temperature-brine-chiller","status":"publish","type":"product","link":"https:\/\/www.moonepc.com\/pt\/siphon-type-low-temperature-brine-chiller\/","title":{"rendered":"Tipo Siphon Low-Temperature Brine Chiller"},"content":{"rendered":"<table style=\"width: 100%; height: 897px;\">\n<tbody>\n<tr style=\"height: 24px;\">\n<td style=\"width: 45.813%; height: 24px;\" colspan=\"3\" width=\"245\">Elemento<\/td>\n<td style=\"width: 12.2541%; height: 24px;\" width=\"47\">Unidade<\/td>\n<td style=\"width: 19.7745%; height: 24px;\" width=\"155\">YS16MZHSA(B)<\/td>\n<td style=\"width: 27.6768%; height: 24px;\" width=\"154\">YS20MZHSA(B)<\/td>\n<\/tr>\n<tr style=\"height: 24px;\">\n<td style=\"width: 45.813%; height: 24px;\" colspan=\"3\" width=\"245\">Capacidade de refrigera\u00e7\u00e3o<\/td>\n<td style=\"width: 12.2541%; height: 24px;\" width=\"47\">kW<\/td>\n<td style=\"width: 19.7745%; height: 24px;\" width=\"155\">377<\/td>\n<td style=\"width: 27.6768%; height: 24px;\" width=\"154\">732<\/td>\n<\/tr>\n<tr style=\"height: 72px;\">\n<td style=\"width: 45.813%; height: 72px;\" colspan=\"3\" width=\"245\">Variedades secund\u00e1rias de refrigerantes<\/td>\n<td style=\"width: 12.2541%; height: 72px;\" width=\"47\"><\/td>\n<td style=\"width: 47.4513%; height: 72px;\" colspan=\"2\" width=\"309\">Solu\u00e7\u00e3o de \u00e1gua de etilenglicol\/solu\u00e7\u00e3o de \u00e1gua de cloreto de c\u00e1lcio<\/td>\n<\/tr>\n<tr style=\"height: 48px;\">\n<td style=\"width: 45.813%; height: 48px;\" colspan=\"3\" width=\"245\">Modo de controle da capacidade<\/td>\n<td style=\"width: 12.2541%; height: 48px;\" width=\"47\"><\/td>\n<td style=\"width: 47.4513%; height: 48px;\" colspan=\"2\" width=\"309\">Autom\u00e1tico\/local remoto<\/td>\n<\/tr>\n<tr style=\"height: 24px;\">\n<td style=\"width: 45.813%; height: 24px;\" colspan=\"3\" width=\"245\">Controlo da capacidade<\/td>\n<td style=\"width: 12.2541%; height: 24px;\" width=\"47\">%<\/td>\n<td style=\"width: 47.4513%; height: 24px;\" colspan=\"2\" width=\"309\">15~100<\/td>\n<\/tr>\n<tr style=\"height: 24px;\">\n<td style=\"text-align: left; width: 23.5564%; height: 96px;\" colspan=\"2\" rowspan=\"3\" width=\"100\">Refrigerante<\/td>\n<td style=\"width: 22.2566%; height: 24px;\" width=\"111\">Variedades<\/td>\n<td style=\"width: 12.2541%; height: 24px;\" width=\"47\"><\/td>\n<td style=\"width: 47.4513%; height: 24px;\" colspan=\"2\" width=\"309\">R717<\/td>\n<\/tr>\n<tr style=\"height: 24px;\">\n<td style=\"width: 22.2566%; height: 24px;\" width=\"111\">Carga<\/td>\n<td style=\"width: 12.2541%; height: 24px;\" width=\"47\">kg<\/td>\n<td style=\"width: 19.7745%; height: 24px;\" width=\"155\">~220<\/td>\n<td style=\"width: 27.6768%; height: 24px;\" width=\"154\">~380<\/td>\n<\/tr>\n<tr style=\"height: 48px;\">\n<td style=\"width: 22.2566%; height: 48px;\" width=\"111\">Normal<\/td>\n<td style=\"width: 12.2541%; height: 48px;\" width=\"47\"><\/td>\n<td style=\"width: 47.4513%; height: 48px;\" colspan=\"2\" width=\"309\">GB536 Am\u00f4nia anidra l\u00edquida<\/td>\n<\/tr>\n<tr style=\"height: 24px;\">\n<td style=\"width: 23.5564%; height: 72px;\" colspan=\"2\" rowspan=\"3\" width=\"133\">Petr\u00f3leo refrigerante<\/td>\n<td style=\"width: 22.2566%; height: 24px;\" width=\"111\">Marca<\/td>\n<td style=\"width: 12.2541%; height: 24px;\" width=\"47\"><\/td>\n<td style=\"width: 47.4513%; height: 24px;\" colspan=\"2\" width=\"309\">M-K4001<\/td>\n<\/tr>\n<tr style=\"height: 24px;\">\n<td style=\"width: 22.2566%; height: 24px;\" width=\"111\">Carga<\/td>\n<td style=\"width: 12.2541%; height: 24px;\" width=\"47\">Eu<\/td>\n<td style=\"width: 19.7745%; height: 24px;\" width=\"155\">~160<\/td>\n<td style=\"width: 27.6768%; height: 24px;\" width=\"154\">~370<\/td>\n<\/tr>\n<tr style=\"height: 24px;\">\n<td style=\"width: 22.2566%; height: 24px;\" width=\"111\">Normal<\/td>\n<td style=\"width: 12.2541%; height: 24px;\" width=\"47\"><\/td>\n<td style=\"width: 47.4513%; height: 24px;\" colspan=\"2\" width=\"309\">Q\/YB00J08.21.1-2011<\/td>\n<\/tr>\n<tr style=\"height: 24px;\">\n<td style=\"width: 45.813%; height: 24px;\" colspan=\"3\" width=\"245\">Modelo de comprimidor<\/td>\n<td style=\"width: 12.2541%; height: 24px;\" width=\"47\"><\/td>\n<td style=\"width: 19.7745%; height: 24px;\" width=\"155\">LG16M<\/td>\n<td style=\"width: 27.6768%; height: 24px;\" width=\"154\">LG20M<\/td>\n<\/tr>\n<tr style=\"height: 24px;\">\n<td style=\"width: 45.813%; height: 24px;\" colspan=\"3\" width=\"245\">Economizador<\/td>\n<td style=\"width: 12.2541%; height: 24px;\" width=\"47\"><\/td>\n<td style=\"width: 47.4513%; height: 24px;\" colspan=\"2\" width=\"309\">N \u00e3o<\/td>\n<\/tr>\n<tr style=\"height: 24px;\">\n<td style=\"width: 45.813%; height: 24px;\" colspan=\"3\" width=\"245\">Pot\u00eancia estimada de motor<\/td>\n<td style=\"width: 12.2541%; height: 24px;\" width=\"47\">kW<\/td>\n<td style=\"width: 19.7745%; height: 24px;\" width=\"155\">132<\/td>\n<td style=\"width: 27.6768%; height: 24px;\" width=\"154\">250<\/td>\n<\/tr>\n<tr style=\"height: 24px;\">\n<td style=\"width: 45.813%; height: 24px;\" colspan=\"3\" width=\"245\">Sistema el\u00e9trico\/Classe de Prote\u00e7\u00e3o<\/td>\n<td style=\"width: 12.2541%; height: 24px;\" width=\"47\"><\/td>\n<td style=\"width: 47.4513%; height: 24px;\" colspan=\"2\" width=\"309\">3N 50Hz[UNK]380V\/IP23<\/td>\n<\/tr>\n<tr style=\"height: 24px;\">\n<td style=\"width: 45.813%; height: 24px;\" colspan=\"3\" width=\"245\">Tipo de condensador<\/td>\n<td style=\"width: 12.2541%; height: 24px;\" width=\"47\"><\/td>\n<td style=\"width: 47.4513%; height: 24px;\" colspan=\"2\" width=\"309\">Tubo de shell<\/td>\n<\/tr>\n<tr style=\"height: 24px;\">\n<td style=\"width: 14.0929%; height: 210px;\" rowspan=\"4\" width=\"59\">Condensador de concha-e-tubo<\/td>\n<td style=\"width: 31.7201%; height: 24px;\" colspan=\"2\" width=\"185\">Temperatura da entrada da \u00e1gua<\/td>\n<td style=\"width: 12.2541%; height: 24px;\" width=\"47\">\u2103<\/td>\n<td style=\"width: 47.4513%; height: 24px;\" colspan=\"2\" width=\"309\">30<\/td>\n<\/tr>\n<tr style=\"height: 48px;\">\n<td style=\"width: 31.7201%; height: 48px;\" colspan=\"2\" width=\"185\">Volume de circula\u00e7\u00e3o de \u00e1gua refrigerante<\/td>\n<td style=\"width: 12.2541%; height: 48px;\" width=\"47\">m \u00b3\/h<\/td>\n<td style=\"width: 19.7745%; height: 48px;\" width=\"155\">83<\/td>\n<td style=\"width: 27.6768%; height: 48px; text-align: left;\" width=\"154\">161<\/td>\n<\/tr>\n<tr style=\"height: 90px;\">\n<td style=\"width: 31.7201%; height: 90px;\" colspan=\"2\" width=\"185\">Entrada de \u00e1gua refrigerante e di\u00e2metro de tubo<\/td>\n<td style=\"width: 12.2541%; height: 90px;\" width=\"47\">&nbsp;<\/p>\n<p>mm<\/td>\n<td style=\"width: 19.7745%; height: 90px;\" width=\"155\">&nbsp;<\/p>\n<p>DN125<\/td>\n<td style=\"width: 27.6768%; height: 90px;\" width=\"154\">&nbsp;<\/p>\n<p>DN200<\/td>\n<\/tr>\n<tr style=\"height: 48px;\">\n<td style=\"width: 31.7201%; height: 48px;\" colspan=\"2\" width=\"185\">Press\u00e3o de design do lado da \u00e1gua refrigerante<\/td>\n<td style=\"width: 12.2541%; height: 48px;\" width=\"47\">MPa<\/td>\n<td style=\"width: 47.4513%; height: 48px;\" colspan=\"2\" width=\"309\">0.6<\/td>\n<\/tr>\n<tr style=\"height: 26px;\">\n<td style=\"width: 14.0929%; height: 78px;\" rowspan=\"3\" width=\"59\">Liquido<\/p>\n<p>receptor<\/td>\n<td style=\"width: 31.7201%; height: 26px;\" colspan=\"2\" width=\"185\">\u00a0Volume<\/td>\n<td style=\"width: 12.2541%; height: 26px;\" width=\"47\">m \u00b3unit description in lists<\/td>\n<td style=\"width: 19.7745%; height: 26px;\" width=\"155\">0.8<\/td>\n<td style=\"width: 27.6768%; height: 26px;\" width=\"154\">1.4<\/td>\n<\/tr>\n<tr style=\"height: 26px;\">\n<td style=\"width: 31.7201%; height: 26px;\" colspan=\"2\" width=\"185\">Di\u00e2metro de um tubo de entrada l\u00edquido<\/td>\n<td style=\"width: 12.2541%; height: 26px;\" width=\"47\">mm<\/td>\n<td style=\"width: 19.7745%; height: 26px;\" width=\"155\">DN50<\/td>\n<td style=\"width: 27.6768%; height: 26px;\" width=\"154\">DN65<\/td>\n<\/tr>\n<tr style=\"height: 26px;\">\n<td style=\"width: 31.7201%; height: 26px;\" colspan=\"2\" width=\"185\">Di\u00e2metro do tubo de sa\u00edda do g\u00e1s<\/td>\n<td style=\"width: 12.2541%; height: 26px;\" width=\"47\">mm<\/td>\n<td style=\"width: 19.7745%; height: 26px;\" width=\"155\">DN50<\/td>\n<td style=\"width: 27.6768%; height: 26px;\" width=\"154\">DN65<\/td>\n<\/tr>\n<\/tbody>\n<\/table>\n<p>&nbsp;<\/p>\n<table>\n<tbody>\n<tr>\n<td colspan=\"3\" width=\"245\">\u00a0ltem<\/td>\n<td width=\"48\">Unidade<\/td>\n<td width=\"155\">YS16MZHSA(B)<\/td>\n<td width=\"154\">YS20MZHSA(B)<\/td>\n<\/tr>\n<tr>\n<td rowspan=\"4\" width=\"59\">&nbsp;<\/p>\n<p>Evaporador<\/td>\n<td colspan=\"2\" width=\"185\">Tipo<\/td>\n<td width=\"48\"><\/td>\n<td colspan=\"2\" width=\"309\">Tipo de s\u00edfone<\/td>\n<\/tr>\n<tr>\n<td colspan=\"2\" width=\"185\">Volume de circula\u00e7\u00e3o do refrigerante secund\u00e1rio<\/td>\n<td width=\"48\">m \u00b3\/h<\/td>\n<td width=\"155\">78<\/td>\n<td width=\"154\">151<\/td>\n<\/tr>\n<tr>\n<td colspan=\"2\" width=\"185\">Di\u00e2metro de deriva do refrigerante secund\u00e1rio<\/td>\n<td width=\"48\">mm<\/td>\n<td width=\"155\">&nbsp;<\/p>\n<p>DN125<\/td>\n<td width=\"154\">&nbsp;<\/p>\n<p>DN150<\/td>\n<\/tr>\n<tr>\n<td colspan=\"2\" width=\"185\">Press\u00e3o secund\u00e1ria de design do lado refrigerante<\/td>\n<td width=\"48\">MPa<\/td>\n<td colspan=\"2\" width=\"309\">0.6<\/td>\n<\/tr>\n<tr>\n<td rowspan=\"2\" width=\"59\">&nbsp;<\/p>\n<p>Friador de petr\u00f3leo<\/td>\n<td colspan=\"2\" width=\"185\">\u00a0Tipo<\/td>\n<td width=\"48\"><\/td>\n<td colspan=\"2\" width=\"309\">Tubo de shell<\/td>\n<\/tr>\n<tr>\n<td width=\"59\">Refrigerante<\/td>\n<td width=\"126\">Di\u00e2metro de deriva da sa\u00edda de gases<\/td>\n<td width=\"48\">mm<\/td>\n<td width=\"155\">DN50<\/td>\n<td width=\"154\">DN65<\/td>\n<\/tr>\n<tr>\n<td colspan=\"3\" width=\"245\">Factor de inflama\u00e7\u00e3o do refrigerante secund\u00e1rio<\/td>\n<td width=\"48\">m \u00b2.k\/kW<\/td>\n<td colspan=\"2\" width=\"309\">0.086<\/td>\n<\/tr>\n<tr>\n<td colspan=\"3\" width=\"245\">Resist\u00eancia do condensador e do evaporador no caminho da \u00e1gua<\/td>\n<td width=\"48\">MPa<\/td>\n<td colspan=\"2\" width=\"309\">\u22640,1<\/td>\n<\/tr>\n<tr>\n<td colspan=\"3\" width=\"245\">Calidade da \u00e1gua refrigerante<\/td>\n<td width=\"48\"><\/td>\n<td colspan=\"2\" width=\"309\">GB50050 C\u00f3digo de Design de Industria<\/p>\n<p>Tratamento<\/td>\n<\/tr>\n<tr>\n<td colspan=\"3\" width=\"245\">Dimens\u00e3o de contorno (L*W*H)<\/td>\n<td width=\"48\">mm<\/td>\n<td width=\"155\">~4095*3250*2940<\/td>\n<td width=\"154\">~4600*3500*3400<\/td>\n<\/tr>\n<tr>\n<td colspan=\"3\" width=\"245\">Peso l\u00edquido<\/td>\n<td width=\"48\">kg<\/td>\n<td width=\"155\">~8500<\/td>\n<td width=\"154\">~11000<\/td>\n<\/tr>\n<\/tbody>\n<\/table>\n<p>Nota:<\/p>\n<p>1.As condi\u00e7\u00f5es de trabalho projetadas na mesa:a temperatura de entrada da \u00e1gua refrigerante<\/p>\n<p>o condensador \u00e9 de 30 %.E a diferen\u00e7a entre a temperatura da entrada da \u00e1gua e a temperatura da entrada da \u00e1gua \u00e9 de 5 %.<\/p>\n<p>a temperatura da sa\u00edda refrigerada da \u00e1gua \u00e9 de -5,000 e a diferen\u00e7a entre a temperatura da entrada da \u00e1gua e a sa\u00edda da \u00e1gua<\/p>\n<p>a temperatura \u00e9 de 5%.<\/p>\n<p>2.A taxa de fluxo de \u00e1gua dos evaporadores \u00e9 calculada de acordo com 29,4%concentra\u00e7\u00e3o de massa<\/p>\n<p>3.O refrigerador de petr\u00f3leo para a configura\u00e7\u00e3o padr\u00e3o do equipamento (equipamentos) \u00e9 refrigerado por refrigerantes.<\/p>\n<p>4.A distribui\u00e7\u00e3o de pot\u00eancia do equipamento deve considerar a pot\u00eancia auxiliar para a bomba de \u00f3leo, motor, sistema de controle, etc.<\/p>\n<p>5.O condensador evaporador n\u00e3o est\u00e1 montado na unidade.<\/p>\n<div class=\"host-lopnbnfpjmgpbppclhclehhgafnifija\" style=\"position: relative; z-index: 2147483647;\"><\/div>\n<div class=\"host-lopnbnfpjmgpbppclhclehhgafnifija\" style=\"position: relative; z-index: 2147483647;\"><\/div>","protected":false},"excerpt":{"rendered":"<p>Tipos de condensador: condensador de bala e tubo refrigerado com \u00e1gua, trocador de calor de placa, condensador evaporador<\/p>\n<p>Tipo de evaporador:<\/p>\n<p>Refrigeratores:[UNK]R134a, R507, etc.<\/p>\n<p>Temperatura da \u00e1gua de sa\u00edda:[UNK]-5\u00b0C a -35\u00b0C<\/p>\n<p>Coolantes secund\u00e1rios: solu\u00e7\u00e3o de etilenglicol, solu\u00e7\u00e3o de cloreto de c\u00e1lcio, etc.<\/p>\n<p>Tipos de comprimidor:[UNK]Compressores de s\u00e9ries semi-h\u00e9rmicas, de tipo aberto, de tipo aberto, de tipo aberto, de tipo aberto<\/p>\n<div class=\"host-lopnbnfpjmgpbppclhclehhgafnifija\" style=\"position: relative; z-index: 2147483647;\"><\/div>","protected":false},"featured_media":4483,"comment_status":"closed","ping_status":"closed","template":"","meta":[],"product_brand":[],"product_cat":[74,76],"product_tag":[],"class_list":{"0":"post-4482","1":"product","2":"type-product","3":"status-publish","4":"has-post-thumbnail","6":"product_cat-chiller","7":"product_cat-low-temperature-brine-chiller","9":"first","10":"instock","11":"shipping-taxable","12":"product-type-simple"},"_links":{"self":[{"href":"https:\/\/www.moonepc.com\/pt\/wp-json\/wp\/v2\/product\/4482","targetHints":{"allow":["GET"]}}],"collection":[{"href":"https:\/\/www.moonepc.com\/pt\/wp-json\/wp\/v2\/product"}],"about":[{"href":"https:\/\/www.moonepc.com\/pt\/wp-json\/wp\/v2\/types\/product"}],"replies":[{"embeddable":true,"href":"https:\/\/www.moonepc.com\/pt\/wp-json\/wp\/v2\/comments?post=4482"}],"wp:featuredmedia":[{"embeddable":true,"href":"https:\/\/www.moonepc.com\/pt\/wp-json\/wp\/v2\/media\/4483"}],"wp:attachment":[{"href":"https:\/\/www.moonepc.com\/pt\/wp-json\/wp\/v2\/media?parent=4482"}],"wp:term":[{"taxonomy":"product_brand","embeddable":true,"href":"https:\/\/www.moonepc.com\/pt\/wp-json\/wp\/v2\/product_brand?post=4482"},{"taxonomy":"product_cat","embeddable":true,"href":"https:\/\/www.moonepc.com\/pt\/wp-json\/wp\/v2\/product_cat?post=4482"},{"taxonomy":"product_tag","embeddable":true,"href":"https:\/\/www.moonepc.com\/pt\/wp-json\/wp\/v2\/product_tag?post=4482"}],"curies":[{"name":"wp","href":"https:\/\/api.w.org\/{rel}","templated":true}]}}