{"id":4487,"date":"2025-07-29T17:32:44","date_gmt":"2025-07-29T09:32:44","guid":{"rendered":"https:\/\/www.moonepc.com\/?post_type=product&#038;p=4487"},"modified":"2025-09-23T13:54:07","modified_gmt":"2025-09-23T05:54:07","slug":"dcl-series-centrifugal-chillers","status":"publish","type":"product","link":"https:\/\/www.moonepc.com\/pt\/dcl-series-centrifugal-chillers\/","title":{"rendered":"Refrigeratores centr\u00edfugos da s\u00e9rie DCL"},"content":{"rendered":"<p>&nbsp;<\/p>\n<div class=\"host-lopnbnfpjmgpbppclhclehhgafnifija\" style=\"position: relative; z-index: 2147483647;\"><\/div>","protected":false},"excerpt":{"rendered":"<p>MOON-TECH&#8217; s linha de produto de refrigerador centr\u00edfugo inclui refrigeradores centr\u00edfugos de um est\u00e1gio \u00fanico, de dois est\u00e1gios, de dois est\u00e1gios, de bearing magn\u00e9tico e de ar, oferecendo uma gama completa de solu\u00e7\u00f5es para atender \u00e0s diversas necessidades do cliente. Estes sistemas centr\u00edfugos de refrigerador e bomba de calor refrigerados pela \u00e1gua s\u00e3o amplamente utilizados em:sistemas de recupera\u00e7\u00e3o de calor refrigerados pelo ar[UNK]sistemas de bomba de calor de \u00e1gua\/fonte de solo[UNK]sistemas de bomba de calor de fonte de \u00e1gua do mar[UNK]sistemas de bomba de calor de fonte de \u00e1gua residual[UNK]sistemas de recupera\u00e7\u00e3o de calor de res\u00edduos<\/p>\n<div class=\"host-lopnbnfpjmgpbppclhclehhgafnifija\" style=\"position: relative; z-index: 2147483647;\"><\/div>","protected":false},"featured_media":4488,"comment_status":"closed","ping_status":"closed","template":"","meta":[],"product_brand":[],"product_cat":[82,37],"product_tag":[],"class_list":{"0":"post-4487","1":"product","2":"type-product","3":"status-publish","4":"has-post-thumbnail","6":"product_cat-centrifugal-chiller-heat-pump-unit","7":"product_cat-hvac-products","9":"first","10":"instock","11":"shipping-taxable","12":"product-type-simple"},"_links":{"self":[{"href":"https:\/\/www.moonepc.com\/pt\/wp-json\/wp\/v2\/product\/4487","targetHints":{"allow":["GET"]}}],"collection":[{"href":"https:\/\/www.moonepc.com\/pt\/wp-json\/wp\/v2\/product"}],"about":[{"href":"https:\/\/www.moonepc.com\/pt\/wp-json\/wp\/v2\/types\/product"}],"replies":[{"embeddable":true,"href":"https:\/\/www.moonepc.com\/pt\/wp-json\/wp\/v2\/comments?post=4487"}],"wp:featuredmedia":[{"embeddable":true,"href":"https:\/\/www.moonepc.com\/pt\/wp-json\/wp\/v2\/media\/4488"}],"wp:attachment":[{"href":"https:\/\/www.moonepc.com\/pt\/wp-json\/wp\/v2\/media?parent=4487"}],"wp:term":[{"taxonomy":"product_brand","embeddable":true,"href":"https:\/\/www.moonepc.com\/pt\/wp-json\/wp\/v2\/product_brand?post=4487"},{"taxonomy":"product_cat","embeddable":true,"href":"https:\/\/www.moonepc.com\/pt\/wp-json\/wp\/v2\/product_cat?post=4487"},{"taxonomy":"product_tag","embeddable":true,"href":"https:\/\/www.moonepc.com\/pt\/wp-json\/wp\/v2\/product_tag?post=4487"}],"curies":[{"name":"wp","href":"https:\/\/api.w.org\/{rel}","templated":true}]}}