{"id":4489,"date":"2025-07-29T17:42:30","date_gmt":"2025-07-29T09:42:30","guid":{"rendered":"https:\/\/www.moonepc.com\/?post_type=product&#038;p=4489"},"modified":"2025-09-23T14:06:32","modified_gmt":"2025-09-23T06:06:32","slug":"magnetic-suspension-centrifugal-chiller-heat-pump-unit","status":"publish","type":"product","link":"https:\/\/www.moonepc.com\/pt\/magnetic-suspension-centrifugal-chiller-heat-pump-unit\/","title":{"rendered":"Unidade de refrigerador centr\u00edfugo de suspens\u00e3o magn\u00e9tica (bomba de calor)"},"content":{"rendered":"<p>&nbsp;<\/p>\n<div class=\"host-lopnbnfpjmgpbppclhclehhgafnifija\" style=\"position: relative; z-index: 2147483647;\"><\/div>","protected":false},"excerpt":{"rendered":"<p>Capacidade de Enfriamento:<\/p>\n<p>Friador centr\u00edfugo de \u00e1gua em dois est\u00e1gios: 100-900 RT<\/p>\n<p>Temperatura de entrada\/sa\u00edda de \u00e1gua fria: 12\/7<\/p>\n<p>Temperatura de entrada\/sa\u00edda de \u00e1gua refrigerante: 30\/35<\/p>\n<p>Capacidade de aquecimento:<\/p>\n<p>A temperatura ambiente -30\u00b0, a temperatura da \u00e1gua de sa\u00edda atinge 75\u00b0,<\/p>\n<p>Unidade de bomba de calor centr\u00edfuga de frequ\u00eancia vari\u00e1vel de bearing magn\u00e9tico: 500-1934 kW<\/p>\n<div class=\"host-lopnbnfpjmgpbppclhclehhgafnifija\" style=\"position: relative; z-index: 2147483647;\"><\/div>","protected":false},"featured_media":5215,"comment_status":"closed","ping_status":"closed","template":"","meta":[],"product_brand":[],"product_cat":[82,37],"product_tag":[],"class_list":{"0":"post-4489","1":"product","2":"type-product","3":"status-publish","4":"has-post-thumbnail","6":"product_cat-centrifugal-chiller-heat-pump-unit","7":"product_cat-hvac-products","9":"first","10":"instock","11":"shipping-taxable","12":"product-type-simple"},"_links":{"self":[{"href":"https:\/\/www.moonepc.com\/pt\/wp-json\/wp\/v2\/product\/4489","targetHints":{"allow":["GET"]}}],"collection":[{"href":"https:\/\/www.moonepc.com\/pt\/wp-json\/wp\/v2\/product"}],"about":[{"href":"https:\/\/www.moonepc.com\/pt\/wp-json\/wp\/v2\/types\/product"}],"replies":[{"embeddable":true,"href":"https:\/\/www.moonepc.com\/pt\/wp-json\/wp\/v2\/comments?post=4489"}],"wp:featuredmedia":[{"embeddable":true,"href":"https:\/\/www.moonepc.com\/pt\/wp-json\/wp\/v2\/media\/5215"}],"wp:attachment":[{"href":"https:\/\/www.moonepc.com\/pt\/wp-json\/wp\/v2\/media?parent=4489"}],"wp:term":[{"taxonomy":"product_brand","embeddable":true,"href":"https:\/\/www.moonepc.com\/pt\/wp-json\/wp\/v2\/product_brand?post=4489"},{"taxonomy":"product_cat","embeddable":true,"href":"https:\/\/www.moonepc.com\/pt\/wp-json\/wp\/v2\/product_cat?post=4489"},{"taxonomy":"product_tag","embeddable":true,"href":"https:\/\/www.moonepc.com\/pt\/wp-json\/wp\/v2\/product_tag?post=4489"}],"curies":[{"name":"wp","href":"https:\/\/api.w.org\/{rel}","templated":true}]}}