{"id":4491,"date":"2025-07-29T17:46:35","date_gmt":"2025-07-29T09:46:35","guid":{"rendered":"https:\/\/www.moonepc.com\/?post_type=product&#038;p=4491"},"modified":"2025-09-23T14:08:36","modified_gmt":"2025-09-23T06:08:36","slug":"two-stage-compression-centrifugal-chiller-heat-pump-unit","status":"publish","type":"product","link":"https:\/\/www.moonepc.com\/pt\/two-stage-compression-centrifugal-chiller-heat-pump-unit\/","title":{"rendered":"Unidade de refrigerador centr\u00edfugo de compress\u00e3o de dois est\u00e1gios (bomba de calor)"},"content":{"rendered":"<p>&nbsp;<\/p>\n<div class=\"host-lopnbnfpjmgpbppclhclehhgafnifija\" style=\"position: relative; z-index: 2147483647;\"><\/div>","protected":false},"excerpt":{"rendered":"<p>Os produtos centr\u00edfugos MOON-TECH cobrem agora uma vasta gama de s\u00e9ries, incluindo modelos centr\u00edfugos de um est\u00e1gio \u00fanico, de dois est\u00e1gios, centr\u00edfugos de dois est\u00e1gios, de bearing magn\u00e9tico e de bearing a \u00e9reo - atendendo \u00e0s diversas necessidades dos usu\u00e1rios.<\/p>\n<p>Unidades centr\u00edfugas de refrigerador de \u00e1gua (bomba de calor) s\u00e3o amplamente utilizadas em sistemas de recupera\u00e7\u00e3o de calor refrigerado por ar, sistemas de bomba de calor de \u00e1gua\/fonte de solo, sistemas de bomba de calor de fonte de \u00e1gua do mar, sistemas de bomba de calor de fonte de \u00e1gua residual, sistemas de recupera\u00e7\u00e3o de calor de res\u00edduos e sistemas de bomba de calor de<\/p>\n<div class=\"host-lopnbnfpjmgpbppclhclehhgafnifija\" style=\"position: relative; z-index: 2147483647;\"><\/div>","protected":false},"featured_media":5216,"comment_status":"closed","ping_status":"closed","template":"","meta":[],"product_brand":[],"product_cat":[82,37],"product_tag":[],"class_list":{"0":"post-4491","1":"product","2":"type-product","3":"status-publish","4":"has-post-thumbnail","6":"product_cat-centrifugal-chiller-heat-pump-unit","7":"product_cat-hvac-products","9":"first","10":"instock","11":"shipping-taxable","12":"product-type-simple"},"_links":{"self":[{"href":"https:\/\/www.moonepc.com\/pt\/wp-json\/wp\/v2\/product\/4491","targetHints":{"allow":["GET"]}}],"collection":[{"href":"https:\/\/www.moonepc.com\/pt\/wp-json\/wp\/v2\/product"}],"about":[{"href":"https:\/\/www.moonepc.com\/pt\/wp-json\/wp\/v2\/types\/product"}],"replies":[{"embeddable":true,"href":"https:\/\/www.moonepc.com\/pt\/wp-json\/wp\/v2\/comments?post=4491"}],"wp:featuredmedia":[{"embeddable":true,"href":"https:\/\/www.moonepc.com\/pt\/wp-json\/wp\/v2\/media\/5216"}],"wp:attachment":[{"href":"https:\/\/www.moonepc.com\/pt\/wp-json\/wp\/v2\/media?parent=4491"}],"wp:term":[{"taxonomy":"product_brand","embeddable":true,"href":"https:\/\/www.moonepc.com\/pt\/wp-json\/wp\/v2\/product_brand?post=4491"},{"taxonomy":"product_cat","embeddable":true,"href":"https:\/\/www.moonepc.com\/pt\/wp-json\/wp\/v2\/product_cat?post=4491"},{"taxonomy":"product_tag","embeddable":true,"href":"https:\/\/www.moonepc.com\/pt\/wp-json\/wp\/v2\/product_tag?post=4491"}],"curies":[{"name":"wp","href":"https:\/\/api.w.org\/{rel}","templated":true}]}}