{"id":4494,"date":"2025-07-29T17:51:22","date_gmt":"2025-07-29T09:51:22","guid":{"rendered":"https:\/\/www.moonepc.com\/?post_type=product&#038;p=4494"},"modified":"2025-09-23T14:13:07","modified_gmt":"2025-09-23T06:13:07","slug":"absorption-type-large-temperature-difference-heat-exchange-equipment","status":"publish","type":"product","link":"https:\/\/www.moonepc.com\/pt\/absorption-type-large-temperature-difference-heat-exchange-equipment\/","title":{"rendered":"Tipo de absor\u00e7\u00e3o equipamento de troca de calor de grande diferen\u00e7a de temperatura"},"content":{"rendered":"<p>&nbsp;<\/p>\n<div class=\"host-lopnbnfpjmgpbppclhclehhgafnifija\" style=\"position: relative; z-index: 2147483647;\"><\/div>","protected":false},"excerpt":{"rendered":"<p>O equipamento de interc\u00e2mbio de calor de grande diferen\u00e7a de temperatura e tipo de absor\u00e7\u00e3o utiliza o circuito de \u00e1gua de aquecimento prim\u00e1rio como fonte de energia motora. Reduz a temperatura de retorno da \u00e1gua do circuito prim\u00e1rio para menos de 30\u00b0C, assegurando a qualidade de aquecimento do circuito secund\u00e1rio.<br \/>\nEste sistema inovador de troca de calor aumenta a capacidade de aquecimento das centrales t\u00e9rmicas em 30%, reduz o consumo de energia dos sistemas de aquecimento de cogenera\u00e7\u00e3o em 40%, e melhora a capacidade de circula\u00e7\u00e3o e transporte existente em 80%.<br \/>\nA unidade de interc\u00e2mbio de calor de absor\u00e7\u00e3o pode ser personalizada de acordo com os requisitos do cliente, com uma \u00fanica unidade que suporta uma \u00e1rea de aquecimento de 40.000 a 300.000 m \u00b2.<\/p>\n<div class=\"host-lopnbnfpjmgpbppclhclehhgafnifija\" style=\"position: relative; z-index: 2147483647;\"><\/div>","protected":false},"featured_media":5222,"comment_status":"closed","ping_status":"closed","template":"","meta":[],"product_brand":[],"product_cat":[36],"product_tag":[],"class_list":{"0":"post-4494","1":"product","2":"type-product","3":"status-publish","4":"has-post-thumbnail","6":"product_cat-absorption-unit","8":"first","9":"instock","10":"shipping-taxable","11":"product-type-simple"},"_links":{"self":[{"href":"https:\/\/www.moonepc.com\/pt\/wp-json\/wp\/v2\/product\/4494","targetHints":{"allow":["GET"]}}],"collection":[{"href":"https:\/\/www.moonepc.com\/pt\/wp-json\/wp\/v2\/product"}],"about":[{"href":"https:\/\/www.moonepc.com\/pt\/wp-json\/wp\/v2\/types\/product"}],"replies":[{"embeddable":true,"href":"https:\/\/www.moonepc.com\/pt\/wp-json\/wp\/v2\/comments?post=4494"}],"wp:featuredmedia":[{"embeddable":true,"href":"https:\/\/www.moonepc.com\/pt\/wp-json\/wp\/v2\/media\/5222"}],"wp:attachment":[{"href":"https:\/\/www.moonepc.com\/pt\/wp-json\/wp\/v2\/media?parent=4494"}],"wp:term":[{"taxonomy":"product_brand","embeddable":true,"href":"https:\/\/www.moonepc.com\/pt\/wp-json\/wp\/v2\/product_brand?post=4494"},{"taxonomy":"product_cat","embeddable":true,"href":"https:\/\/www.moonepc.com\/pt\/wp-json\/wp\/v2\/product_cat?post=4494"},{"taxonomy":"product_tag","embeddable":true,"href":"https:\/\/www.moonepc.com\/pt\/wp-json\/wp\/v2\/product_tag?post=4494"}],"curies":[{"name":"wp","href":"https:\/\/api.w.org\/{rel}","templated":true}]}}