{"id":4500,"date":"2025-07-29T17:59:21","date_gmt":"2025-07-29T09:59:21","guid":{"rendered":"https:\/\/www.moonepc.com\/?post_type=product&#038;p=4500"},"modified":"2025-09-23T14:18:15","modified_gmt":"2025-09-23T06:18:15","slug":"direct-fired-heating-unit","status":"publish","type":"product","link":"https:\/\/www.moonepc.com\/pt\/direct-fired-heating-unit\/","title":{"rendered":"Unidade de aquecimento direta"},"content":{"rendered":"<p>&nbsp;<\/p>\n<div class=\"host-lopnbnfpjmgpbppclhclehhgafnifija\" style=\"position: relative; z-index: 2147483647;\"><\/div>","protected":false},"excerpt":{"rendered":"<p>O g\u00e1s natural \u00e9 alimentado diretamente em uma unidade de aumento de calor direto para combust\u00e3o, reduzindo a temperatura do g\u00e1s de escape para menos de 30\u00b0C antes da descarga. Esse sistema recupera efetivamente o calor de condensa\u00e7\u00e3o do g\u00e1s de fumo sem aumentar o consumo de energia. Tamb\u00e9m extrai calor de fontes geot\u00e9rmicas de baixo grau (solo, \u00e1gua subterr\u00e2nea e \u00e1gua residual municipal) para fornecer aquecimento aos usu\u00e1rios. Esse sistema pode alcan\u00e7ar 40% de economia de energia e uma redu\u00e7\u00e3o de 40% das emiss\u00f5es de carbono. Condensado pode ser reciclado e reutilizado, eliminando fuma\u00e7a branca, resultando em benef\u00edcios ambientais significativos.<\/p>\n<div class=\"host-lopnbnfpjmgpbppclhclehhgafnifija\" style=\"position: relative; z-index: 2147483647;\"><\/div>","protected":false},"featured_media":5223,"comment_status":"closed","ping_status":"closed","template":"","meta":[],"product_brand":[],"product_cat":[91,36],"product_tag":[],"class_list":{"0":"post-4500","1":"product","2":"type-product","3":"status-publish","4":"has-post-thumbnail","6":"product_cat-absorption-heat-pump-equipment","7":"product_cat-absorption-unit","9":"first","10":"instock","11":"shipping-taxable","12":"product-type-simple"},"_links":{"self":[{"href":"https:\/\/www.moonepc.com\/pt\/wp-json\/wp\/v2\/product\/4500","targetHints":{"allow":["GET"]}}],"collection":[{"href":"https:\/\/www.moonepc.com\/pt\/wp-json\/wp\/v2\/product"}],"about":[{"href":"https:\/\/www.moonepc.com\/pt\/wp-json\/wp\/v2\/types\/product"}],"replies":[{"embeddable":true,"href":"https:\/\/www.moonepc.com\/pt\/wp-json\/wp\/v2\/comments?post=4500"}],"wp:featuredmedia":[{"embeddable":true,"href":"https:\/\/www.moonepc.com\/pt\/wp-json\/wp\/v2\/media\/5223"}],"wp:attachment":[{"href":"https:\/\/www.moonepc.com\/pt\/wp-json\/wp\/v2\/media?parent=4500"}],"wp:term":[{"taxonomy":"product_brand","embeddable":true,"href":"https:\/\/www.moonepc.com\/pt\/wp-json\/wp\/v2\/product_brand?post=4500"},{"taxonomy":"product_cat","embeddable":true,"href":"https:\/\/www.moonepc.com\/pt\/wp-json\/wp\/v2\/product_cat?post=4500"},{"taxonomy":"product_tag","embeddable":true,"href":"https:\/\/www.moonepc.com\/pt\/wp-json\/wp\/v2\/product_tag?post=4500"}],"curies":[{"name":"wp","href":"https:\/\/api.w.org\/{rel}","templated":true}]}}