{"id":4504,"date":"2025-07-29T18:06:32","date_gmt":"2025-07-29T10:06:32","guid":{"rendered":"https:\/\/www.moonepc.com\/?post_type=product&#038;p=4504"},"modified":"2025-09-23T14:21:59","modified_gmt":"2025-09-23T06:21:59","slug":"type-ll-absorption-heat-pump-unit","status":"publish","type":"product","link":"https:\/\/www.moonepc.com\/pt\/type-ll-absorption-heat-pump-unit\/","title":{"rendered":"Unidade de bomba de calor de absor\u00e7\u00e3o tipo II"},"content":{"rendered":"<p>&nbsp;<\/p>\n<div class=\"host-lopnbnfpjmgpbppclhclehhgafnifija\" style=\"position: relative; z-index: 2147483647;\"><\/div>","protected":false},"excerpt":{"rendered":"<p>A bomba de calor de absor\u00e7\u00e3o de segundo tipo, tamb\u00e9m conhecida como uma bomba de calor que refor\u00e7a a temperatura, utiliza uma grande quantidade de fonte de calor de temperatura m\u00e9dia para gerar uma pequena quantidade de energia de calor \u00fatil de alta temperatura. Ela funciona usando calor de temperatura m\u00e9dia e baixa como energia de motor, explorando a diferen\u00e7a t\u00e9rmica potencial entre fontes de temperatura m\u00e9dia e baixa. A quantidade de calor de sa\u00edda \u00e9 menor do que a entrada mas a uma temperatura mais alta do que a fonte de temperatura m\u00e9dia, actualizando efetivamente parte da energia t\u00e9rmica para um n\u00edvel de temperatura mais elevado, melhorando assim a utilidade da fonte de calor. O Coeficiente de Performance (COP) das bombas de calor de absor\u00e7\u00e3o de segundo tipo \u00e9 sempre menor que 1, tipicamente variando de 0,4 a 0,5. N\u00e3o requer fontes de calor de alta temperatura, mas requer \u00e1gua de refrigera\u00e7\u00e3o relativamente baixa.<\/p>\n<div class=\"host-lopnbnfpjmgpbppclhclehhgafnifija\" style=\"position: relative; z-index: 2147483647;\"><\/div>","protected":false},"featured_media":5224,"comment_status":"closed","ping_status":"closed","template":"","meta":[],"product_brand":[],"product_cat":[91,36],"product_tag":[],"class_list":{"0":"post-4504","1":"product","2":"type-product","3":"status-publish","4":"has-post-thumbnail","6":"product_cat-absorption-heat-pump-equipment","7":"product_cat-absorption-unit","9":"first","10":"instock","11":"shipping-taxable","12":"product-type-simple"},"_links":{"self":[{"href":"https:\/\/www.moonepc.com\/pt\/wp-json\/wp\/v2\/product\/4504","targetHints":{"allow":["GET"]}}],"collection":[{"href":"https:\/\/www.moonepc.com\/pt\/wp-json\/wp\/v2\/product"}],"about":[{"href":"https:\/\/www.moonepc.com\/pt\/wp-json\/wp\/v2\/types\/product"}],"replies":[{"embeddable":true,"href":"https:\/\/www.moonepc.com\/pt\/wp-json\/wp\/v2\/comments?post=4504"}],"wp:featuredmedia":[{"embeddable":true,"href":"https:\/\/www.moonepc.com\/pt\/wp-json\/wp\/v2\/media\/5224"}],"wp:attachment":[{"href":"https:\/\/www.moonepc.com\/pt\/wp-json\/wp\/v2\/media?parent=4504"}],"wp:term":[{"taxonomy":"product_brand","embeddable":true,"href":"https:\/\/www.moonepc.com\/pt\/wp-json\/wp\/v2\/product_brand?post=4504"},{"taxonomy":"product_cat","embeddable":true,"href":"https:\/\/www.moonepc.com\/pt\/wp-json\/wp\/v2\/product_cat?post=4504"},{"taxonomy":"product_tag","embeddable":true,"href":"https:\/\/www.moonepc.com\/pt\/wp-json\/wp\/v2\/product_tag?post=4504"}],"curies":[{"name":"wp","href":"https:\/\/api.w.org\/{rel}","templated":true}]}}