{"id":4511,"date":"2025-07-29T18:35:03","date_gmt":"2025-07-29T10:35:03","guid":{"rendered":"https:\/\/www.moonepc.com\/?post_type=product&#038;p=4511"},"modified":"2025-09-23T14:28:43","modified_gmt":"2025-09-23T06:28:43","slug":"mixed-refrigerant-compressor-mrc","status":"publish","type":"product","link":"https:\/\/www.moonepc.com\/pt\/mixed-refrigerant-compressor-mrc\/","title":{"rendered":"Compressor Refrigerante Misto (MRC)"},"content":{"rendered":"<p><img fetchpriority=\"high\" decoding=\"async\" class=\"aligncenter wp-image-5231\" src=\"https:\/\/www.moonepc.com\/wp-content\/uploads\/2025\/07\/MR-process-flow-diagram-with-pre-cooling-cycle.jpg\" alt=\"diagrama de fluxo de processo MR com ciclo de pr\u00e9-refrigera\u00e7\u00e3o\" width=\"1100\" height=\"1090\" srcset=\"https:\/\/www.moonepc.com\/wp-content\/uploads\/2025\/07\/MR-process-flow-diagram-with-pre-cooling-cycle.jpg 676w, https:\/\/www.moonepc.com\/wp-content\/uploads\/2025\/07\/MR-process-flow-diagram-with-pre-cooling-cycle-300x297.jpg 300w, https:\/\/www.moonepc.com\/wp-content\/uploads\/2025\/07\/MR-process-flow-diagram-with-pre-cooling-cycle-150x150.jpg 150w, https:\/\/www.moonepc.com\/wp-content\/uploads\/2025\/07\/MR-process-flow-diagram-with-pre-cooling-cycle-600x595.jpg 600w, https:\/\/www.moonepc.com\/wp-content\/uploads\/2025\/07\/MR-process-flow-diagram-with-pre-cooling-cycle-100x100.jpg 100w\" sizes=\"(max-width: 1100px) 100vw, 1100px\" \/><\/p>\n<p class=\"header-vfC6AV auto-hide-last-sibling-br\"><strong>Tabela de par\u00e2metros t\u00e9cnicos (compress\u00e3o em dois est\u00e1gios)<\/strong><\/p>\n<table style=\"width: 100%; height: 1911px;\">\n<tbody>\n<tr style=\"height: 52px;\">\n<td style=\"width: 25.2763%; height: 52px;\" colspan=\"2\" width=\"184\">Capacidade de liquefac\u00e7\u00e3o di\u00e1ria estimada<\/td>\n<td style=\"width: 11.9381%; height: 52px;\" width=\"184\">10\u2074 Nm \u00b3\/d<\/td>\n<td style=\"width: 12.4539%; height: 52px;\" width=\"184\">0.5<\/td>\n<td style=\"width: 11.9381%; height: 52px;\" width=\"184\">1<\/td>\n<td style=\"width: 12.675%; height: 52px;\" width=\"184\">2<\/td>\n<td style=\"width: 11.6433%; height: 52px;\" width=\"184\">5<\/td>\n<td style=\"width: 12.675%; height: 52px;\" width=\"184\">10<\/td>\n<\/tr>\n<tr style=\"height: 52px;\">\n<td style=\"width: 98.5997%; height: 52px;\" colspan=\"8\">\n<p style=\"text-align: center;\">Compressor Stage I<\/p>\n<\/td>\n<\/tr>\n<tr style=\"height: 52px;\">\n<td style=\"width: 12.7487%; height: 332px;\" rowspan=\"5\">&nbsp;<\/p>\n<p>&nbsp;<\/p>\n<p>Compressor<\/p>\n<p>&nbsp;<\/p>\n<p>&nbsp;<\/td>\n<td style=\"width: 12.5276%; height: 52px;\" width=\"184\">Modelo de compressor<\/td>\n<td style=\"width: 11.9381%; height: 52px;\" width=\"184\"><\/td>\n<td style=\"width: 12.4539%; height: 52px;\" width=\"184\">BF12B<\/td>\n<td style=\"width: 11.9381%; height: 52px;\" width=\"184\">BF16BM<\/td>\n<td style=\"width: 12.675%; height: 52px;\" width=\"184\">BF20BM<\/td>\n<td style=\"width: 11.6433%; height: 52px;\" width=\"184\">BF25BS<\/td>\n<td style=\"width: 12.675%; height: 52px;\" width=\"184\">BF32BS<\/td>\n<\/tr>\n<tr style=\"height: 76px;\">\n<td style=\"width: 12.5276%; height: 76px;\" width=\"184\">Press\u00e3o de entrada do comprimidor<\/td>\n<td style=\"width: 11.9381%; height: 76px;\" width=\"184\">MPa(G)<\/td>\n<td style=\"width: 61.3853%; height: 76px;\" colspan=\"5\" width=\"184\">\n<p style=\"text-align: center;\">0.3 &#8211; 0.5<\/p>\n<\/td>\n<\/tr>\n<tr style=\"height: 76px;\">\n<td style=\"width: 12.5276%; height: 76px;\" width=\"184\">Press\u00e3o de sa\u00edda do compressor<\/td>\n<td style=\"width: 11.9381%; height: 76px;\" width=\"184\">MPa(G)<\/td>\n<td style=\"width: 61.3853%; height: 76px;\" colspan=\"5\" width=\"184\">\n<p style=\"text-align: center;\">1.2 &#8211; 1.4<\/p>\n<\/td>\n<\/tr>\n<tr style=\"height: 76px;\">\n<td style=\"width: 12.5276%; height: 76px;\" width=\"184\">Pot\u00eancia de transmiss\u00e3o do shaft<\/td>\n<td style=\"width: 11.9381%; height: 76px;\" width=\"184\">kW<\/td>\n<td style=\"width: 12.4539%; height: 76px;\" width=\"184\">61<\/td>\n<td style=\"width: 11.9381%; height: 76px;\" width=\"184\">126<\/td>\n<td style=\"width: 12.675%; height: 76px;\" width=\"184\">244<\/td>\n<td style=\"width: 11.6433%; height: 76px;\" width=\"184\">393<\/td>\n<td style=\"width: 12.675%; height: 76px;\" width=\"184\">758<\/td>\n<\/tr>\n<tr style=\"height: 52px;\">\n<td style=\"width: 12.5276%; height: 52px;\" width=\"184\">Velocidade de rota\u00e7\u00e3o<\/td>\n<td style=\"width: 11.9381%; height: 52px;\" width=\"184\">rpm<\/td>\n<td style=\"width: 12.4539%; height: 52px;\" width=\"184\">2960<\/td>\n<td style=\"width: 11.9381%; height: 52px;\" width=\"184\">2960<\/td>\n<td style=\"width: 12.675%; height: 52px;\" width=\"184\">2960<\/td>\n<td style=\"width: 11.6433%; height: 52px;\" width=\"184\">2960<\/td>\n<td style=\"width: 12.675%; height: 52px;\" width=\"184\">2960<\/td>\n<\/tr>\n<tr style=\"height: 52px;\">\n<td style=\"width: 12.7487%; height: 284px;\" rowspan=\"5\" width=\"184\">&nbsp;<\/p>\n<p>&nbsp;<\/p>\n<p>Motor principal<\/p>\n<p>&nbsp;<\/p>\n<p>&nbsp;<\/p>\n<p>&nbsp;<\/td>\n<td style=\"width: 12.5276%; height: 52px;\" width=\"184\">Fornecimento de energia<\/td>\n<td style=\"width: 11.9381%; height: 52px;\" width=\"184\"><\/td>\n<td style=\"width: 37.067%; height: 52px;\" colspan=\"3\" width=\"184\">\n<p style=\"text-align: center;\">380V\/3PH\/50Hz<\/p>\n<\/td>\n<td style=\"width: 24.3183%; height: 52px;\" colspan=\"2\" width=\"184\">\n<p style=\"text-align: center;\">10kV\/3PH\/50Hz<\/p>\n<\/td>\n<\/tr>\n<tr style=\"height: 76px;\">\n<td style=\"width: 12.5276%; height: 76px;\" width=\"184\">Explos\u00e3o &#8211; - grau de prova do motor<\/td>\n<td style=\"width: 11.9381%; height: 76px;\" width=\"184\"><\/td>\n<td style=\"width: 61.3853%; height: 76px;\" colspan=\"5\" width=\"184\">\n<p style=\"text-align: center;\">EX dIIBT4<\/p>\n<\/td>\n<\/tr>\n<tr style=\"height: 52px;\">\n<td style=\"width: 12.5276%; height: 52px;\" width=\"184\">Pot\u00eancia estimada do motor<\/td>\n<td style=\"width: 11.9381%; height: 52px;\" width=\"184\">kW<\/td>\n<td style=\"width: 12.4539%; height: 52px;\" width=\"184\">75<\/td>\n<td style=\"width: 11.9381%; height: 52px;\" width=\"184\">160<\/td>\n<td style=\"width: 12.675%; height: 52px;\" width=\"184\">280<\/td>\n<td style=\"width: 11.6433%; height: 52px;\" width=\"184\">450<\/td>\n<td style=\"width: 12.675%; height: 52px;\" width=\"184\">900<\/td>\n<\/tr>\n<tr style=\"height: 52px;\">\n<td style=\"width: 12.5276%; height: 52px;\" width=\"184\">Modo inicial<\/td>\n<td style=\"width: 11.9381%; height: 52px;\" width=\"184\"><\/td>\n<td style=\"width: 37.067%; height: 52px;\" colspan=\"3\" width=\"184\">\n<p style=\"text-align: center;\">Estrela - delta come\u00e7ando<\/p>\n<\/td>\n<td style=\"width: 24.3183%; height: 52px;\" colspan=\"2\" width=\"184\">\n<p style=\"text-align: center;\">Come\u00e7o direto<\/p>\n<\/td>\n<\/tr>\n<tr style=\"height: 52px;\">\n<td style=\"width: 12.5276%; height: 52px;\" width=\"184\">Velocidade motora_;<\/td>\n<td style=\"width: 11.9381%; height: 52px;\" width=\"184\">r\/min<\/td>\n<td style=\"width: 12.4539%; height: 52px;\" width=\"184\">2960<\/td>\n<td style=\"width: 11.9381%; height: 52px;\" width=\"184\">2960<\/td>\n<td style=\"width: 12.675%; height: 52px;\" width=\"184\">2960<\/td>\n<td style=\"width: 11.6433%; height: 52px;\" width=\"184\">2960<\/td>\n<td style=\"width: 12.675%; height: 52px;\" width=\"184\">2960<\/td>\n<\/tr>\n<tr style=\"height: 53px;\">\n<td style=\"width: 12.7487%; height: 159px;\" rowspan=\"3\" width=\"184\">&nbsp;<\/p>\n<p>Depois de &#8211; - mais frio<\/p>\n<p>&nbsp;<\/p>\n<p>&nbsp;<\/td>\n<td style=\"width: 12.5276%; height: 53px;\" width=\"184\">Tipo<\/td>\n<td style=\"width: 11.9381%; height: 53px;\" width=\"184\"><\/td>\n<td style=\"width: 61.3853%; height: 53px;\" colspan=\"5\" width=\"184\">\n<p style=\"text-align: center;\">A\u00e9reo &#8211; - \u00e1gua refrigerada &#8211; - refrigerado<\/p>\n<\/td>\n<\/tr>\n<tr style=\"height: 53px;\">\n<td style=\"width: 12.5276%; height: 53px;\" width=\"184\">Temperatura de sa\u00edda<\/td>\n<td style=\"width: 11.9381%; height: 53px;\" width=\"184\">\u2103<\/td>\n<td style=\"width: 61.3853%; height: 53px;\" colspan=\"5\" width=\"184\">\n<p style=\"text-align: center;\">50<\/p>\n<\/td>\n<\/tr>\n<tr style=\"height: 53px;\">\n<td style=\"width: 12.5276%; height: 53px;\" width=\"184\">Temperatura do ar de entrada<\/td>\n<td style=\"width: 11.9381%; height: 53px;\" width=\"184\">\u2103<\/td>\n<td style=\"width: 61.3853%; height: 53px;\" colspan=\"5\" width=\"184\">\n<p style=\"text-align: center;\">40<\/p>\n<\/td>\n<\/tr>\n<tr style=\"height: 52px;\">\n<td style=\"width: 98.5997%; height: 52px;\" colspan=\"8\" width=\"184\">\n<p style=\"text-align: center;\">Compressor de est\u00e1gio II<\/p>\n<\/td>\n<\/tr>\n<tr style=\"height: 52px;\">\n<td style=\"width: 12.7487%; height: 332px;\" rowspan=\"5\" width=\"184\">Compressor<\/p>\n<p>&nbsp;<\/p>\n<p>&nbsp;<\/p>\n<p>&nbsp;<\/p>\n<p>&nbsp;<\/td>\n<td style=\"width: 12.5276%; height: 52px;\" width=\"184\">Modelo de compressor<\/td>\n<td style=\"width: 11.9381%; height: 52px;\" width=\"184\"><\/td>\n<td style=\"width: 12.4539%; height: 52px;\" width=\"184\">BF12R<\/td>\n<td style=\"width: 11.9381%; height: 52px;\" width=\"184\">BF16R<\/td>\n<td style=\"width: 12.675%; height: 52px;\" width=\"184\">BF20R<\/td>\n<td style=\"width: 11.6433%; height: 52px;\" width=\"184\">BF25R<\/td>\n<td style=\"width: 12.675%; height: 52px;\" width=\"184\">BF32R<\/td>\n<\/tr>\n<tr style=\"height: 76px;\">\n<td style=\"width: 12.5276%; height: 76px;\" width=\"184\">Press\u00e3o de entrada do comprimidor<\/td>\n<td style=\"width: 11.9381%; height: 76px;\" width=\"184\">MPa(G)<\/td>\n<td style=\"width: 61.3853%; height: 76px;\" colspan=\"5\" width=\"184\">\n<p style=\"text-align: center;\">1.2 &#8211; 1.4<\/p>\n<\/td>\n<\/tr>\n<tr style=\"height: 76px;\">\n<td style=\"width: 12.5276%; height: 76px;\" width=\"184\">Press\u00e3o de sa\u00edda do compressor<\/td>\n<td style=\"width: 11.9381%; height: 76px;\" width=\"184\">MPa(G)<\/td>\n<td style=\"width: 61.3853%; height: 76px;\" colspan=\"5\" width=\"184\">\n<p style=\"text-align: center;\">3.5 &#8211; 4.0<\/p>\n<\/td>\n<\/tr>\n<tr style=\"height: 76px;\">\n<td style=\"width: 12.5276%; height: 76px;\" width=\"184\">Pot\u00eancia de transmiss\u00e3o do shaft<\/td>\n<td style=\"width: 11.9381%; height: 76px;\" width=\"184\">kW<\/td>\n<td style=\"width: 12.4539%; height: 76px;\" width=\"184\">80<\/td>\n<td style=\"width: 11.9381%; height: 76px;\" width=\"184\">160<\/td>\n<td style=\"width: 12.675%; height: 76px;\" width=\"184\">322<\/td>\n<td style=\"width: 11.6433%; height: 76px;\" width=\"184\">519<\/td>\n<td style=\"width: 12.675%; height: 76px;\" width=\"184\">1002<\/td>\n<\/tr>\n<tr style=\"height: 52px;\">\n<td style=\"width: 12.5276%; height: 52px;\" width=\"184\">Velocidade de rota\u00e7\u00e3o<\/td>\n<td style=\"width: 11.9381%; height: 52px;\" width=\"184\">rpm<\/td>\n<td style=\"width: 12.4539%; height: 52px;\" width=\"184\">2960<\/td>\n<td style=\"width: 11.9381%; height: 52px;\" width=\"184\">2960<\/td>\n<td style=\"width: 12.675%; height: 52px;\" width=\"184\">2960<\/td>\n<td style=\"width: 11.6433%; height: 52px;\" width=\"184\">2960<\/td>\n<td style=\"width: 12.675%; height: 52px;\" width=\"184\">2960<\/td>\n<\/tr>\n<tr style=\"height: 132px;\">\n<td style=\"width: 12.7487%; height: 420px;\" rowspan=\"5\" width=\"184\">&nbsp;<\/p>\n<p>&nbsp;<\/p>\n<p>&nbsp;<\/p>\n<p>Motor principal<\/p>\n<p>&nbsp;<\/p>\n<p>&nbsp;<\/p>\n<p>&nbsp;<\/td>\n<td style=\"width: 12.5276%; height: 132px;\" width=\"184\">Fornecimento de energia<\/td>\n<td style=\"width: 11.9381%; height: 132px;\" width=\"184\"><\/td>\n<td style=\"width: 37.067%; height: 132px;\" colspan=\"3\" width=\"184\">\n<p style=\"text-align: center;\">380V\/3PH\/50Hz<\/p>\n<\/td>\n<td style=\"width: 24.3183%; height: 132px;\" colspan=\"2\" width=\"184\">10kV\/3PH\/50Hz<\/td>\n<\/tr>\n<tr style=\"height: 132px;\">\n<td style=\"width: 12.5276%; height: 132px;\" width=\"184\">Explos\u00e3o &#8211; - grau de prova do motor<\/td>\n<td style=\"width: 11.9381%; height: 132px;\" width=\"184\"><\/td>\n<td style=\"width: 61.3853%; height: 132px;\" colspan=\"5\" width=\"184\">\n<p style=\"text-align: center;\">EX dIIBT4<\/p>\n<\/td>\n<\/tr>\n<tr style=\"height: 52px;\">\n<td style=\"width: 12.5276%; height: 52px;\" width=\"184\">Pot\u00eancia estimada do motor<\/td>\n<td style=\"width: 11.9381%; height: 52px;\" width=\"184\">kW<\/td>\n<td style=\"width: 12.4539%; height: 52px;\" width=\"184\">90<\/td>\n<td style=\"width: 11.9381%; height: 52px;\" width=\"184\">180<\/td>\n<td style=\"width: 12.675%; height: 52px;\" width=\"184\">355<\/td>\n<td style=\"width: 11.6433%; height: 52px;\" width=\"184\">560<\/td>\n<td style=\"width: 12.675%; height: 52px;\" width=\"184\">1120<\/td>\n<\/tr>\n<tr style=\"height: 52px;\">\n<td style=\"width: 12.5276%; height: 52px;\" width=\"184\">Modo inicial<\/td>\n<td style=\"width: 11.9381%; height: 52px;\" width=\"184\"><\/td>\n<td style=\"width: 37.067%; height: 52px;\" colspan=\"3\" width=\"184\">\n<p style=\"text-align: center;\">Estrela - delta come\u00e7ando<\/p>\n<\/td>\n<td style=\"width: 24.3183%; height: 52px;\" colspan=\"2\" width=\"184\">\n<p style=\"text-align: center;\">Come\u00e7o direto<\/p>\n<\/td>\n<\/tr>\n<tr style=\"height: 52px;\">\n<td style=\"width: 12.5276%; height: 52px;\" width=\"184\">Velocidade motora<\/td>\n<td style=\"width: 11.9381%; height: 52px;\" width=\"184\">r\/min<\/td>\n<td style=\"width: 12.4539%; height: 52px;\" width=\"184\">1460<\/td>\n<td style=\"width: 48.9314%; height: 52px;\" colspan=\"4\" width=\"184\">\n<p style=\"text-align: center;\">2960<\/p>\n<\/td>\n<\/tr>\n<tr style=\"height: 76px;\">\n<td style=\"width: 12.7487%; height: 76px;\" rowspan=\"3\" width=\"184\">Depois de &#8211; - mais frio<\/p>\n<p>&nbsp;<\/p>\n<p>&nbsp;<\/td>\n<td style=\"width: 12.5276%; height: 76px;\" width=\"184\">Tipo<\/td>\n<td style=\"width: 11.9381%; height: 76px;\" width=\"184\"><\/td>\n<td style=\"width: 12.4539%; height: 76px;\" colspan=\"5\" width=\"184\">\n<p style=\"text-align: center;\">A\u00e9reo &#8211; - \u00e1gua refrigerada &#8211; - refrigerado<\/p>\n<\/td>\n<\/tr>\n<tr style=\"height: 76px;\">\n<td style=\"width: 12.5276%; height: 76px;\" width=\"184\">Temperatura de sa\u00edda<\/td>\n<td style=\"width: 11.9381%; height: 76px;\" width=\"184\">\u2103<\/td>\n<td style=\"width: 12.4539%; height: 76px;\" colspan=\"5\" width=\"184\">\n<p style=\"text-align: center;\">50<\/p>\n<\/td>\n<\/tr>\n<tr style=\"height: 76px;\">\n<td style=\"width: 12.5276%; height: 76px;\" width=\"184\">Temperatura do ar de entrada<\/td>\n<td style=\"width: 11.9381%; height: 76px;\" width=\"184\">\u2103<\/td>\n<td style=\"width: 12.4539%; height: 76px;\" colspan=\"5\" width=\"184\">\n<p style=\"text-align: center;\">40<\/p>\n<\/td>\n<\/tr>\n<\/tbody>\n<\/table>\n<div class=\"host-lopnbnfpjmgpbppclhclehhgafnifija\" style=\"position: relative; z-index: 2147483647;\"><\/div>","protected":false},"excerpt":{"rendered":"<p>Ciclo principal de refrigera\u00e7\u00e3o: O refrigerante misto de baixa press\u00e3o sai do usu\u00e1rio&#8217; \u00e9 uma caixa fria e \u00e9 desenhada no compressor principal de refrigera\u00e7\u00e3o. Depois da compress\u00e3o, se torna um g\u00e1s de alta temperatura e alta press\u00e3o. Ent\u00e3o entra em um separador de \u00f3leo para remover a maior parte do \u00f3leo lubrificante, ent\u00e3o entra em um graduador de alta efici\u00eancia para remover qualquer \u00f3leo lubrificante restante. Ent\u00e3o entra no sistema principal de refrigera\u00e7\u00e3o s aftercooler para troca de calor com ar\/\u00e1gua. O calor liberado \u00e9 transportado pelo ar\/\u00e1gua, e o frigor\u00edfico misto finalmente entra na caixa fria.<\/p>\n<p>Ciclo de pr\u00e9-refrigera\u00e7\u00e3o: Usar propano (R290) como refrigerante, de baixa temperatura e de baixa press\u00e3o sair do usu\u00e1rio&#8217; \u00e9 uma caixa fria e \u00e9 desenhada para o compressor de pr\u00e9-refrigera\u00e7\u00e3o. Depois da compress\u00e3o, se torna um g\u00e1s de alta temperatura e alta press\u00e3o. Ent\u00e3o entra em um separador de \u00f3leo para remover a maior parte do \u00f3leo lubrificante, ent\u00e3o entra em um graduador de alta efici\u00eancia para remover qualquer \u00f3leo lubrificante restante. Ent\u00e3o entra num condensador para troca de calor com ar\/\u00e1gua, onde o calor liberado \u00e9 transportado pelo ar\/\u00e1gua. Ap\u00f3s condensar em um l\u00edquido, o refrigerante entra na caixa fria.<\/p>\n<div class=\"host-lopnbnfpjmgpbppclhclehhgafnifija\" style=\"position: relative; z-index: 2147483647;\"><\/div>","protected":false},"featured_media":5230,"comment_status":"closed","ping_status":"closed","template":"","meta":[],"product_brand":[],"product_cat":[39],"product_tag":[],"class_list":{"0":"post-4511","1":"product","2":"type-product","3":"status-publish","4":"has-post-thumbnail","6":"product_cat-energy-gas-compression-equipment","8":"first","9":"instock","10":"shipping-taxable","11":"product-type-simple"},"_links":{"self":[{"href":"https:\/\/www.moonepc.com\/pt\/wp-json\/wp\/v2\/product\/4511","targetHints":{"allow":["GET"]}}],"collection":[{"href":"https:\/\/www.moonepc.com\/pt\/wp-json\/wp\/v2\/product"}],"about":[{"href":"https:\/\/www.moonepc.com\/pt\/wp-json\/wp\/v2\/types\/product"}],"replies":[{"embeddable":true,"href":"https:\/\/www.moonepc.com\/pt\/wp-json\/wp\/v2\/comments?post=4511"}],"wp:featuredmedia":[{"embeddable":true,"href":"https:\/\/www.moonepc.com\/pt\/wp-json\/wp\/v2\/media\/5230"}],"wp:attachment":[{"href":"https:\/\/www.moonepc.com\/pt\/wp-json\/wp\/v2\/media?parent=4511"}],"wp:term":[{"taxonomy":"product_brand","embeddable":true,"href":"https:\/\/www.moonepc.com\/pt\/wp-json\/wp\/v2\/product_brand?post=4511"},{"taxonomy":"product_cat","embeddable":true,"href":"https:\/\/www.moonepc.com\/pt\/wp-json\/wp\/v2\/product_cat?post=4511"},{"taxonomy":"product_tag","embeddable":true,"href":"https:\/\/www.moonepc.com\/pt\/wp-json\/wp\/v2\/product_tag?post=4511"}],"curies":[{"name":"wp","href":"https:\/\/api.w.org\/{rel}","templated":true}]}}