{"id":4535,"date":"2025-07-30T10:17:23","date_gmt":"2025-07-30T02:17:23","guid":{"rendered":"https:\/\/www.moonepc.com\/?post_type=product&#038;p=4535"},"modified":"2025-09-23T14:34:24","modified_gmt":"2025-09-23T06:34:24","slug":"coz-compressor","status":"publish","type":"product","link":"https:\/\/www.moonepc.com\/pt\/coz-compressor\/","title":{"rendered":"CO\u2082  Compressor"},"content":{"rendered":"<p style=\"text-align: center;\">Condi\u00e7\u00f5es aplic\u00e1veis ao produto<\/p>\n<table style=\"border-collapse: collapse; width: 100%;\">\n<tbody>\n<tr>\n<td style=\"width: 50%;\">Press\u00e3o de suc\u00e7\u00e3o<\/td>\n<td style=\"width: 50%;\">0,04-2,0 MPa(a)<\/td>\n<\/tr>\n<tr>\n<td style=\"width: 50%;\">Press\u00e3o de descarga<\/td>\n<td style=\"width: 50%;\">Max. 5,2 MPa(a)<\/td>\n<\/tr>\n<tr>\n<td style=\"width: 50%;\">Fase de Compress\u00e3o<\/td>\n<td style=\"width: 50%;\">Um est\u00e1gio \u00fanico, um est\u00e1gio duplo<\/td>\n<\/tr>\n<tr>\n<td style=\"width: 50%;\">Fluxo de volume<\/td>\n<td style=\"width: 50%;\">150-10000m\u00b3\/h<\/td>\n<\/tr>\n<tr>\n<td style=\"width: 50%;\">Temperatura da Suc\u00e7\u00e3o<\/td>\n<td style=\"width: 50%;\">-50~50[UNK]<\/td>\n<\/tr>\n<tr>\n<td style=\"width: 50%;\" rowspan=\"2\">Temperatura de descarga<\/td>\n<td style=\"width: 50%;\">\u2264 40[UNK] (\u00e1gua refrigerada)<\/td>\n<\/tr>\n<tr>\n<td style=\"width: 50%;\">Temperatura ambiente: 15\u00b0 (ar refrigerado)<\/td>\n<\/tr>\n<tr>\n<td style=\"width: 50%;\">M\u00e9todo de refrigera\u00e7\u00e3o<\/td>\n<td style=\"width: 50%;\">Refrigimento da \u00e1gua, refrigera\u00e7\u00e3o do ar<\/td>\n<\/tr>\n<tr>\n<td style=\"width: 50%;\" rowspan=\"3\">Axuste do fluxo de volume (opcional)<\/td>\n<td style=\"width: 50%;\">V\u00e1lvula de slide: 15~100%<\/td>\n<\/tr>\n<tr>\n<td style=\"width: 50%;\">V\u00e1lvula de deslizamento - bypass: 0~100%<\/td>\n<\/tr>\n<tr>\n<td style=\"width: 50%;\">V\u00e1lvula de deslizamento \u00b7 disposi\u00e7\u00e3o de frequ\u00eancia vari\u00e1vel: 10~100%<\/td>\n<\/tr>\n<tr>\n<td style=\"width: 50%;\">Grado de prova de explos\u00e3o<\/td>\n<td style=\"width: 50%;\">Exd IIBT4, Exd IICT4<\/td>\n<\/tr>\n<\/tbody>\n<\/table>\n<p style=\"text-align: center;\">Casos de Projeto<\/p>\n<p><img fetchpriority=\"high\" decoding=\"async\" class=\"wp-image-5244 aligncenter\" src=\"https:\/\/www.moonepc.com\/wp-content\/uploads\/2025\/07\/Project-Cases.jpg\" alt=\"Casos de Projeto\" width=\"1100\" height=\"1479\" srcset=\"https:\/\/www.moonepc.com\/wp-content\/uploads\/2025\/07\/Project-Cases.jpg 604w, https:\/\/www.moonepc.com\/wp-content\/uploads\/2025\/07\/Project-Cases-223x300.jpg 223w, https:\/\/www.moonepc.com\/wp-content\/uploads\/2025\/07\/Project-Cases-600x807.jpg 600w\" sizes=\"(max-width: 1100px) 100vw, 1100px\" \/><\/p>\n<div class=\"host-lopnbnfpjmgpbppclhclehhgafnifija\" style=\"position: relative; z-index: 2147483647;\"><\/div>","protected":false},"excerpt":{"rendered":"<p>Que se lixe o CO \u2082  compressores s\u00e3o amplamente utilizados nas ind\u00fastrias de petr\u00f3leo, petroqu\u00edmico, g\u00e1s natural, carv\u00e3o, qu\u00edmico, am\u00f4nia sint\u00e9tica, gera\u00e7\u00e3o de energia, a\u00e7o e fermenta\u00e7\u00e3o alimentar para a recupera\u00e7\u00e3o e compress\u00e3o de CO \u2082 gas. S\u00e3o equipamentos chave para produzir CO de classe industrial ou alimentar \u2082  e foram implementados com sucesso em m\u00faltiplos projetos CCUS.<br \/>\nPara satisfazer os estritos requisitos de qualidade dos lubrificantes da ind\u00fastria alimentar, os compressores est\u00e3o equipados com lubrificantes de qualidade alimentar e separadores de \u00f3leo de v\u00e1rios est\u00e1gios para reduzir efetivamente o teor de \u00f3leo no CO \u2082  produ\u00e7\u00e3o de g\u00e1s. Isso assegura o cumprimento dos padr\u00f5es de seguran\u00e7a alimentar ao mesmo tempo que mant\u00e9m uma opera\u00e7\u00e3o eficiente e confi\u00e1vel.<\/p>\n<div class=\"host-lopnbnfpjmgpbppclhclehhgafnifija\" style=\"position: relative; z-index: 2147483647;\"><\/div>","protected":false},"featured_media":5242,"comment_status":"closed","ping_status":"closed","template":"","meta":[],"product_brand":[],"product_cat":[35],"product_tag":[],"class_list":{"0":"post-4535","1":"product","2":"type-product","3":"status-publish","4":"has-post-thumbnail","6":"product_cat-non-energy-gas-compression-equipment","8":"first","9":"instock","10":"shipping-taxable","11":"product-type-simple"},"_links":{"self":[{"href":"https:\/\/www.moonepc.com\/pt\/wp-json\/wp\/v2\/product\/4535","targetHints":{"allow":["GET"]}}],"collection":[{"href":"https:\/\/www.moonepc.com\/pt\/wp-json\/wp\/v2\/product"}],"about":[{"href":"https:\/\/www.moonepc.com\/pt\/wp-json\/wp\/v2\/types\/product"}],"replies":[{"embeddable":true,"href":"https:\/\/www.moonepc.com\/pt\/wp-json\/wp\/v2\/comments?post=4535"}],"wp:featuredmedia":[{"embeddable":true,"href":"https:\/\/www.moonepc.com\/pt\/wp-json\/wp\/v2\/media\/5242"}],"wp:attachment":[{"href":"https:\/\/www.moonepc.com\/pt\/wp-json\/wp\/v2\/media?parent=4535"}],"wp:term":[{"taxonomy":"product_brand","embeddable":true,"href":"https:\/\/www.moonepc.com\/pt\/wp-json\/wp\/v2\/product_brand?post=4535"},{"taxonomy":"product_cat","embeddable":true,"href":"https:\/\/www.moonepc.com\/pt\/wp-json\/wp\/v2\/product_cat?post=4535"},{"taxonomy":"product_tag","embeddable":true,"href":"https:\/\/www.moonepc.com\/pt\/wp-json\/wp\/v2\/product_tag?post=4535"}],"curies":[{"name":"wp","href":"https:\/\/api.w.org\/{rel}","templated":true}]}}