{"id":4538,"date":"2025-07-30T10:21:55","date_gmt":"2025-07-30T02:21:55","guid":{"rendered":"https:\/\/www.moonepc.com\/?post_type=product&#038;p=4538"},"modified":"2025-09-23T14:35:49","modified_gmt":"2025-09-23T06:35:49","slug":"helium-compressor-unit","status":"publish","type":"product","link":"https:\/\/www.moonepc.com\/pt\/helium-compressor-unit\/","title":{"rendered":"Unidade de Compressor de H\u00e9lio"},"content":{"rendered":"<p style=\"text-align: center;\">Condi\u00e7\u00f5es aplic\u00e1veis ao produto<\/p>\n<table style=\"border-collapse: collapse; width: 100%; height: 264px;\">\n<tbody>\n<tr style=\"height: 24px;\">\n<td style=\"width: 50%; height: 24px;\">Press\u00e3o de suc\u00e7\u00e3o<\/td>\n<td style=\"width: 50%; height: 24px;\">0,04-1,6 MPa(a)<\/td>\n<\/tr>\n<tr style=\"height: 24px;\">\n<td style=\"width: 50%; height: 24px;\">Press\u00e3o de descarga<\/td>\n<td style=\"width: 50%; height: 24px;\">0,1-2,5 MPa(a)<\/td>\n<\/tr>\n<tr style=\"height: 24px;\">\n<td style=\"width: 50%; height: 24px;\">Fase de Compress\u00e3o<\/td>\n<td style=\"width: 50%; height: 24px;\">Um est\u00e1gio \u00fanico, um est\u00e1gio duplo<\/td>\n<\/tr>\n<tr style=\"height: 24px;\">\n<td style=\"width: 50%; height: 24px;\">Fluxo de volume<\/td>\n<td style=\"width: 50%; height: 24px;\">150-10000m\u00b3\/h<\/td>\n<\/tr>\n<tr style=\"height: 24px;\">\n<td style=\"width: 50%; height: 24px;\">Temperatura da Suc\u00e7\u00e3o<\/td>\n<td style=\"width: 50%; height: 24px;\">0~40<\/td>\n<\/tr>\n<tr style=\"height: 24px;\">\n<td style=\"width: 50%; height: 48px;\" rowspan=\"2\">Temperatura de descarga<\/td>\n<td style=\"width: 50%; height: 24px;\">\u2264 40[UNK] (\u00e1gua refrigerada)<\/td>\n<\/tr>\n<tr style=\"height: 24px;\">\n<td style=\"width: 50%; height: 24px;\">Temperatura ambiente: 15\u00b0 (ar refrigerado)<\/td>\n<\/tr>\n<tr style=\"height: 24px;\">\n<td style=\"width: 50%; height: 24px;\">M\u00e9todo de refrigera\u00e7\u00e3o<\/td>\n<td style=\"width: 50%; height: 24px;\">Refrigimento da \u00e1gua, refrigera\u00e7\u00e3o do ar<\/td>\n<\/tr>\n<tr style=\"height: 24px;\">\n<td style=\"width: 50%; height: 72px;\" rowspan=\"3\">Axuste do fluxo de volume (opcional)<\/td>\n<td style=\"width: 50%; height: 24px;\">V\u00e1lvula de slide: 15~100%<\/td>\n<\/tr>\n<tr style=\"height: 24px;\">\n<td style=\"width: 50%; height: 24px;\">V\u00e1lvula de deslizamento - bypass:0~100%<\/td>\n<\/tr>\n<tr style=\"height: 24px;\">\n<td style=\"width: 50%; height: 24px;\">V\u00e1lvula de deslizamento: 10~100%<\/td>\n<\/tr>\n<\/tbody>\n<\/table>\n<div class=\"host-lopnbnfpjmgpbppclhclehhgafnifija\" style=\"position: relative; z-index: 2147483647;\"><\/div>","protected":false},"excerpt":{"rendered":"<p>O compressor de h\u00e9lio \u00e9 usado na recupera\u00e7\u00e3o de h\u00e9lio a partir de g\u00e1s natural, pesquisa de supercondutividade crisog\u00eanica e produ\u00e7\u00e3o de hidrog\u00eanio l\u00edquido em processos crisog\u00eanicos. \u00c9 projetado para acomodar flutua\u00e7\u00f5es na press\u00e3o de suc\u00e7\u00e3o, press\u00e3o de descarga e fluxo de absor\u00e7\u00e3o durante a opera\u00e7\u00e3o.<\/p>\n<p>Dado h\u00e9lio com pequeno tamanho molecular e alto potencial de vazamento, o compressor \u00e9 especialmente projetado com caracter\u00edsticas avan\u00e7adas de design e t\u00e9cnicas de fabrica\u00e7\u00e3o especializadas. Esses asseguram que a unidade funciona eficientemente, conserva energia e minimiza o risco de fuga, tornando-a uma escolha confi\u00e1vel para exigir aplica\u00e7\u00f5es industriais e de pesquisa.<\/p>\n<div class=\"host-lopnbnfpjmgpbppclhclehhgafnifija\" style=\"position: relative; z-index: 2147483647;\"><\/div>","protected":false},"featured_media":4537,"comment_status":"closed","ping_status":"closed","template":"","meta":[],"product_brand":[],"product_cat":[35],"product_tag":[],"class_list":{"0":"post-4538","1":"product","2":"type-product","3":"status-publish","4":"has-post-thumbnail","6":"product_cat-non-energy-gas-compression-equipment","8":"first","9":"instock","10":"shipping-taxable","11":"product-type-simple"},"_links":{"self":[{"href":"https:\/\/www.moonepc.com\/pt\/wp-json\/wp\/v2\/product\/4538","targetHints":{"allow":["GET"]}}],"collection":[{"href":"https:\/\/www.moonepc.com\/pt\/wp-json\/wp\/v2\/product"}],"about":[{"href":"https:\/\/www.moonepc.com\/pt\/wp-json\/wp\/v2\/types\/product"}],"replies":[{"embeddable":true,"href":"https:\/\/www.moonepc.com\/pt\/wp-json\/wp\/v2\/comments?post=4538"}],"wp:featuredmedia":[{"embeddable":true,"href":"https:\/\/www.moonepc.com\/pt\/wp-json\/wp\/v2\/media\/4537"}],"wp:attachment":[{"href":"https:\/\/www.moonepc.com\/pt\/wp-json\/wp\/v2\/media?parent=4538"}],"wp:term":[{"taxonomy":"product_brand","embeddable":true,"href":"https:\/\/www.moonepc.com\/pt\/wp-json\/wp\/v2\/product_brand?post=4538"},{"taxonomy":"product_cat","embeddable":true,"href":"https:\/\/www.moonepc.com\/pt\/wp-json\/wp\/v2\/product_cat?post=4538"},{"taxonomy":"product_tag","embeddable":true,"href":"https:\/\/www.moonepc.com\/pt\/wp-json\/wp\/v2\/product_tag?post=4538"}],"curies":[{"name":"wp","href":"https:\/\/api.w.org\/{rel}","templated":true}]}}