{"id":4539,"date":"2025-07-30T10:26:26","date_gmt":"2025-07-30T02:26:26","guid":{"rendered":"https:\/\/www.moonepc.com\/?post_type=product&#038;p=4539"},"modified":"2025-09-23T14:38:28","modified_gmt":"2025-09-23T06:38:28","slug":"air-cooler","status":"publish","type":"product","link":"https:\/\/www.moonepc.com\/pt\/air-cooler\/","title":{"rendered":"Friador de ar"},"content":{"rendered":"<p>Sele\u00e7\u00e3o[UNK]ParameterTable and Standard Configuration<\/p>\n<table>\n<tbody>\n<tr>\n<td width=\"180\">Elemento<\/td>\n<td width=\"229\">Lista opcional<\/td>\n<td width=\"192\">Configura\u00e7\u00e3o padr\u00e3o<\/td>\n<\/tr>\n<tr>\n<td width=\"180\">Tipo<\/td>\n<td width=\"229\">Montados no limite,Montados no ch\u00e3o<\/td>\n<td width=\"192\">Montado no limite<\/td>\n<\/tr>\n<tr>\n<td rowspan=\"2\" width=\"180\">Spec.and Material of Heat Exchange Tube\/mm<\/td>\n<td width=\"229\">16X0.6\/S30403<\/td>\n<td rowspan=\"2\" width=\"192\">16X0.6\/S30403<\/td>\n<\/tr>\n<tr>\n<td width=\"229\">16X1.2\/6063T4<\/td>\n<\/tr>\n<tr>\n<td width=\"180\">Fins<\/td>\n<td width=\"229\">Fin de alum\u00ednio 8011\/Folha de alum\u00ednio hidrofilica P12-8011-0<\/td>\n<td width=\"192\">Aluminio[UNK]Fin[UNK]8011<\/td>\n<\/tr>\n<tr>\n<td width=\"180\">Refrigerante<\/td>\n<td width=\"229\">R717\/R744\/Etileno<\/td>\n<td width=\"192\">\/<\/td>\n<\/tr>\n<tr>\n<td width=\"180\">Material de[UNK]Casing<\/td>\n<td width=\"229\">Aluminiza\u00e7\u00e3o de placa de zinco\/placa de a\u00e7o inoxid\u00e1vel<\/td>\n<td width=\"192\">Plata de zinco aluminizada<\/td>\n<\/tr>\n<tr>\n<td width=\"180\">Prote\u00e7\u00e3o t\u00e9rmica dos ventiladores<\/td>\n<td width=\"229\">Com prote\u00e7\u00e3o t\u00e9rmica<\/td>\n<td width=\"192\">Com prote\u00e7\u00e3o t\u00e9rmica<\/td>\n<\/tr>\n<tr>\n<td width=\"180\">M\u00e9todo de Defrosto<\/td>\n<td width=\"229\">Defrosto de \u00e1gua\/am\u00f4nia quente\/am\u00f4nia quente<\/td>\n<td width=\"192\">&nbsp;<\/p>\n<p>\u00c1gua<\/td>\n<\/tr>\n<tr>\n<td width=\"180\">Bandexa<\/td>\n<td width=\"229\">Com Insula\u00e7\u00e3o t\u00e9rmica\/Sem Insula\u00e7\u00e3o t\u00e9rmica<\/td>\n<td width=\"192\">Sem Insula\u00e7\u00e3o t\u00e9rmica<\/td>\n<\/tr>\n<tr>\n<td width=\"180\">Baffle de \u00e1gua<\/td>\n<td width=\"229\">Com\/Sem<\/td>\n<td width=\"192\">Com<\/td>\n<\/tr>\n<tr>\n<td width=\"180\">aquecimento el\u00e9trico da refrigera\u00e7\u00e3o<\/td>\n<td width=\"229\">Com\/Sem<\/td>\n<td width=\"192\">Sem<\/td>\n<\/tr>\n<tr>\n<td width=\"180\">Modo de sopramento<\/td>\n<td width=\"229\">\u00c1rio induzido<\/td>\n<td width=\"192\">\u00c1rio induzido<\/td>\n<\/tr>\n<tr>\n<td width=\"180\">Modo de abastecimento l\u00edquido<\/td>\n<td width=\"229\">Fornecimento de bomba\/Gravidade<\/td>\n<td width=\"192\">Fornecimento de bomba<\/td>\n<\/tr>\n<tr>\n<td width=\"180\">Dire\u00e7\u00e3o do Fluxo do M\u00e9dio de Trabalho<\/td>\n<td width=\"229\">Abaixo, Top[UNK]out\/Side[UNK]in,Side[UNK]out<\/td>\n<td width=\"192\">Para baixo, para cima<\/td>\n<\/tr>\n<tr>\n<td width=\"180\">Tipo de Fan<\/td>\n<td width=\"229\">Tipo de tampa\/cobertura de malla<\/td>\n<td width=\"192\">Tipo de Drum<\/td>\n<\/tr>\n<tr>\n<td width=\"180\">Dire\u00e7\u00e3o do abastecimento l\u00edquido<\/td>\n<td width=\"229\">Esquerda\/Dereita<\/td>\n<td width=\"192\">Certo<\/td>\n<\/tr>\n<tr>\n<td width=\"180\">Tubo[UNK]Placing[UNK]Pattern(mm)<\/td>\n<td width=\"229\">55X47.63<\/td>\n<td width=\"192\">55X47.63<\/td>\n<\/tr>\n<tr>\n<td width=\"180\">Espa\u00e7o fino (mm)<\/td>\n<td width=\"229\">612\/816<\/td>\n<td width=\"192\">\/<\/td>\n<\/tr>\n<\/tbody>\n<\/table>\n<p>Nota:Recomenda-se que a bandeja de gota de gota seja tamb\u00e9m isolada quando o m\u00e9todo de desfrosto \u00e9&#8221; Em\u00f4nia quente Defrosting.<\/p>\n<div class=\"host-lopnbnfpjmgpbppclhclehhgafnifija\" style=\"position: relative; z-index: 2147483647;\"><\/div>","protected":false},"excerpt":{"rendered":"<p>O refrigerador de ar serve como evaporador em um sistema de refrigera\u00e7\u00e3o e \u00e9 um componente chave de troca de calor usado em armazenamento de frio log\u00edstico, ve\u00edculos de cadeia fria e sistemas de ar condicionado na oficina. \u00c9 dispon\u00edvel em v\u00e1rios materiais, incluindo tubo de a\u00e7o inoxid\u00e1vel com fins de alum\u00ednio, tubo de alum\u00ednio com fins de alum\u00ednio, tubo de cobre com fins de alum\u00ednio e tubo de a\u00e7o com fins de a\u00e7o.<\/p>\n<div class=\"host-lopnbnfpjmgpbppclhclehhgafnifija\" style=\"position: relative; z-index: 2147483647;\"><\/div>","protected":false},"featured_media":4540,"comment_status":"closed","ping_status":"closed","template":"","meta":[],"product_brand":[],"product_cat":[84],"product_tag":[],"class_list":{"0":"post-4539","1":"product","2":"type-product","3":"status-publish","4":"has-post-thumbnail","6":"product_cat-heat-exchanger","8":"first","9":"instock","10":"shipping-taxable","11":"product-type-simple"},"_links":{"self":[{"href":"https:\/\/www.moonepc.com\/pt\/wp-json\/wp\/v2\/product\/4539","targetHints":{"allow":["GET"]}}],"collection":[{"href":"https:\/\/www.moonepc.com\/pt\/wp-json\/wp\/v2\/product"}],"about":[{"href":"https:\/\/www.moonepc.com\/pt\/wp-json\/wp\/v2\/types\/product"}],"replies":[{"embeddable":true,"href":"https:\/\/www.moonepc.com\/pt\/wp-json\/wp\/v2\/comments?post=4539"}],"wp:featuredmedia":[{"embeddable":true,"href":"https:\/\/www.moonepc.com\/pt\/wp-json\/wp\/v2\/media\/4540"}],"wp:attachment":[{"href":"https:\/\/www.moonepc.com\/pt\/wp-json\/wp\/v2\/media?parent=4539"}],"wp:term":[{"taxonomy":"product_brand","embeddable":true,"href":"https:\/\/www.moonepc.com\/pt\/wp-json\/wp\/v2\/product_brand?post=4539"},{"taxonomy":"product_cat","embeddable":true,"href":"https:\/\/www.moonepc.com\/pt\/wp-json\/wp\/v2\/product_cat?post=4539"},{"taxonomy":"product_tag","embeddable":true,"href":"https:\/\/www.moonepc.com\/pt\/wp-json\/wp\/v2\/product_tag?post=4539"}],"curies":[{"name":"wp","href":"https:\/\/api.w.org\/{rel}","templated":true}]}}