{"id":4548,"date":"2025-07-30T10:36:17","date_gmt":"2025-07-30T02:36:17","guid":{"rendered":"https:\/\/www.moonepc.com\/?post_type=product&#038;p=4548"},"modified":"2025-09-23T14:43:19","modified_gmt":"2025-09-23T06:43:19","slug":"evaporative-condenser","status":"publish","type":"product","link":"https:\/\/www.moonepc.com\/pt\/evaporative-condenser\/","title":{"rendered":"Condensador de Evapora\u00e7\u00e3o"},"content":{"rendered":"<p>&nbsp;<\/p>\n<div class=\"host-lopnbnfpjmgpbppclhclehhgafnifija\" style=\"position: relative; z-index: 2147483647;\"><\/div>","protected":false},"excerpt":{"rendered":"<p>Condensadores evaporativos s\u00e3o projetados para sistemas de refrigera\u00e7\u00e3o e ar condicionado, principalmente para condensar e liqueficar refrigerantes. Este sistema de refrigera\u00e7\u00e3o evaporativo integra componentes essenciais como um tanque de \u00e1gua, bobina de troca de calor, bomba de \u00e1gua, ventilador axial e tubos de circula\u00e7\u00e3o. Comparado aos sistemas tradicionais de torres de refrigera\u00e7\u00e3o, \u00e9 mais compacto e simplificado no design, assegurando instala\u00e7\u00e3o, funcionamento e manuten\u00e7\u00e3o f\u00e1cil.<\/p>\n<div class=\"host-lopnbnfpjmgpbppclhclehhgafnifija\" style=\"position: relative; z-index: 2147483647;\"><\/div>","protected":false},"featured_media":4549,"comment_status":"closed","ping_status":"closed","template":"","meta":[],"product_brand":[],"product_cat":[90,84],"product_tag":[],"class_list":{"0":"post-4548","1":"product","2":"type-product","3":"status-publish","4":"has-post-thumbnail","6":"product_cat-evaporative-condensercooler-wet-air-cooler","7":"product_cat-heat-exchanger","9":"first","10":"instock","11":"shipping-taxable","12":"product-type-simple"},"_links":{"self":[{"href":"https:\/\/www.moonepc.com\/pt\/wp-json\/wp\/v2\/product\/4548","targetHints":{"allow":["GET"]}}],"collection":[{"href":"https:\/\/www.moonepc.com\/pt\/wp-json\/wp\/v2\/product"}],"about":[{"href":"https:\/\/www.moonepc.com\/pt\/wp-json\/wp\/v2\/types\/product"}],"replies":[{"embeddable":true,"href":"https:\/\/www.moonepc.com\/pt\/wp-json\/wp\/v2\/comments?post=4548"}],"wp:featuredmedia":[{"embeddable":true,"href":"https:\/\/www.moonepc.com\/pt\/wp-json\/wp\/v2\/media\/4549"}],"wp:attachment":[{"href":"https:\/\/www.moonepc.com\/pt\/wp-json\/wp\/v2\/media?parent=4548"}],"wp:term":[{"taxonomy":"product_brand","embeddable":true,"href":"https:\/\/www.moonepc.com\/pt\/wp-json\/wp\/v2\/product_brand?post=4548"},{"taxonomy":"product_cat","embeddable":true,"href":"https:\/\/www.moonepc.com\/pt\/wp-json\/wp\/v2\/product_cat?post=4548"},{"taxonomy":"product_tag","embeddable":true,"href":"https:\/\/www.moonepc.com\/pt\/wp-json\/wp\/v2\/product_tag?post=4548"}],"curies":[{"name":"wp","href":"https:\/\/api.w.org\/{rel}","templated":true}]}}