{"id":4550,"date":"2025-07-30T10:43:30","date_gmt":"2025-07-30T02:43:30","guid":{"rendered":"https:\/\/www.moonepc.com\/?post_type=product&#038;p=4550"},"modified":"2025-09-23T14:44:34","modified_gmt":"2025-09-23T06:44:34","slug":"industrial-composite-air-cooler","status":"publish","type":"product","link":"https:\/\/www.moonepc.com\/pt\/industrial-composite-air-cooler\/","title":{"rendered":"Cooler A\u00e9reo Composito Industrial"},"content":{"rendered":"<p>&nbsp;<\/p>\n<div class=\"host-lopnbnfpjmgpbppclhclehhgafnifija\" style=\"position: relative; z-index: 2147483647;\"><\/div>","protected":false},"excerpt":{"rendered":"<p>O refrigerador industrial composto oferece uma solu\u00e7\u00e3o de refrigera\u00e7\u00e3o multifuncional e eficiente integrando tecnologias de refrigera\u00e7\u00e3o seca e h\u00famida. Este sistema \u00e9 amplamente utilizado em v\u00e1rias ind\u00fastrias para aplica\u00e7\u00f5es de refrigera\u00e7\u00e3o e condensa\u00e7\u00e3o, tornando-o ideal para processos que requerem regula\u00e7\u00e3o t\u00e9rmica precisa e troca de calor eficiente.<\/p>\n<div class=\"host-lopnbnfpjmgpbppclhclehhgafnifija\" style=\"position: relative; z-index: 2147483647;\"><\/div>","protected":false},"featured_media":5249,"comment_status":"closed","ping_status":"closed","template":"","meta":[],"product_brand":[],"product_cat":[90,84],"product_tag":[],"class_list":{"0":"post-4550","1":"product","2":"type-product","3":"status-publish","4":"has-post-thumbnail","6":"product_cat-evaporative-condensercooler-wet-air-cooler","7":"product_cat-heat-exchanger","9":"first","10":"instock","11":"shipping-taxable","12":"product-type-simple"},"_links":{"self":[{"href":"https:\/\/www.moonepc.com\/pt\/wp-json\/wp\/v2\/product\/4550","targetHints":{"allow":["GET"]}}],"collection":[{"href":"https:\/\/www.moonepc.com\/pt\/wp-json\/wp\/v2\/product"}],"about":[{"href":"https:\/\/www.moonepc.com\/pt\/wp-json\/wp\/v2\/types\/product"}],"replies":[{"embeddable":true,"href":"https:\/\/www.moonepc.com\/pt\/wp-json\/wp\/v2\/comments?post=4550"}],"wp:featuredmedia":[{"embeddable":true,"href":"https:\/\/www.moonepc.com\/pt\/wp-json\/wp\/v2\/media\/5249"}],"wp:attachment":[{"href":"https:\/\/www.moonepc.com\/pt\/wp-json\/wp\/v2\/media?parent=4550"}],"wp:term":[{"taxonomy":"product_brand","embeddable":true,"href":"https:\/\/www.moonepc.com\/pt\/wp-json\/wp\/v2\/product_brand?post=4550"},{"taxonomy":"product_cat","embeddable":true,"href":"https:\/\/www.moonepc.com\/pt\/wp-json\/wp\/v2\/product_cat?post=4550"},{"taxonomy":"product_tag","embeddable":true,"href":"https:\/\/www.moonepc.com\/pt\/wp-json\/wp\/v2\/product_tag?post=4550"}],"curies":[{"name":"wp","href":"https:\/\/api.w.org\/{rel}","templated":true}]}}