{"id":4557,"date":"2025-07-30T10:45:52","date_gmt":"2025-07-30T02:45:52","guid":{"rendered":"https:\/\/www.moonepc.com\/?post_type=product&#038;p=4557"},"modified":"2025-09-23T15:18:45","modified_gmt":"2025-09-23T07:18:45","slug":"vacuum-freeze-drying-equipment","status":"publish","type":"product","link":"https:\/\/www.moonepc.com\/pt\/vacuum-freeze-drying-equipment\/","title":{"rendered":"Equipamento de secagem congelada em vazio"},"content":{"rendered":"<p>&nbsp;<\/p>\n<div class=\"host-lopnbnfpjmgpbppclhclehhgafnifija\" style=\"position: relative; z-index: 2147483647;\"><\/div>","protected":false},"excerpt":{"rendered":"<p>Confiando numa investiga\u00e7\u00e3o e desenvolvimento maduros, D e platplatplatD e de fabrica e fabrica platplatplatplate e guida pela filosofiada da \u201cUtUtUtUtUtUtUtUtUtPrecPrecPrecPrecPrecPrece e InteInteInteInteInteInteInteInteInteInteIntea para VidVidVida\u201d, MOON-TECHMOMOMOON-TECH se se compromcompromse a avanavanavana a a localilocalilocalilocalilocalilocalia fabricfabricfabrico equipequipmedimedimedimedimedimedimedimedimedimedimedimedimedimedimedimedimedimedida s\u00e9riLYOMINI series (secasecasecasecasecasecalaborlaborlaborlaborlaborlaborlaborlaborlaborlaborlaborlaborlaborlaborlaborlaborlaborlaborpilotpilotpilotfreezfreezfreezfreezfreezfreezfreezfreezfreezfreezfreezfreezfreezfreezfreezfreezdriedriedriedriedriedriedriedriedriedriedriedriedriedriedriedriedriedriedriedriedriedriedriedriedriedriedriedriedriedriedrieservem o processo completo de investiga\u00e7\u00e3o e desenvolvimento farmac\u00eauticos, D e fabrica\u00e7\u00e3o.<\/p>\n<p>Modelo: S\u00e9rie LYOMINI4~100<\/p>\n<p>Superf\u00edcie de prateleira: 0,2 m \u00b2 ~ 5 m\u00b2<\/p>\n<p>Capacidade de produ\u00e7\u00e3o: frascos de 816 ~ 21.374 frascos de \u00d822 mm: 419 ~ 11.229 frascos<\/p>\n<p>Capacidade de Solu\u00e7\u00e3o Hulk: 3 ~ 75 L<\/p>\n<p>Espa\u00e7o na prateleira: Ajustable baseado nos requisitos do usu\u00e1rio<\/p>\n<p>Temperatura do condensador: \u2264 -75\u00b0C<\/p>\n<div class=\"host-lopnbnfpjmgpbppclhclehhgafnifija\" style=\"position: relative; z-index: 2147483647;\"><\/div>","protected":false},"featured_media":5255,"comment_status":"closed","ping_status":"closed","template":"","meta":[],"product_brand":[],"product_cat":[86,85],"product_tag":[],"class_list":{"0":"post-4557","1":"product","2":"type-product","3":"status-publish","4":"has-post-thumbnail","6":"product_cat-food-freeze-dryer","7":"product_cat-quick-freezer-and-freeze-dryer","9":"first","10":"instock","11":"shipping-taxable","12":"product-type-simple"},"_links":{"self":[{"href":"https:\/\/www.moonepc.com\/pt\/wp-json\/wp\/v2\/product\/4557","targetHints":{"allow":["GET"]}}],"collection":[{"href":"https:\/\/www.moonepc.com\/pt\/wp-json\/wp\/v2\/product"}],"about":[{"href":"https:\/\/www.moonepc.com\/pt\/wp-json\/wp\/v2\/types\/product"}],"replies":[{"embeddable":true,"href":"https:\/\/www.moonepc.com\/pt\/wp-json\/wp\/v2\/comments?post=4557"}],"wp:featuredmedia":[{"embeddable":true,"href":"https:\/\/www.moonepc.com\/pt\/wp-json\/wp\/v2\/media\/5255"}],"wp:attachment":[{"href":"https:\/\/www.moonepc.com\/pt\/wp-json\/wp\/v2\/media?parent=4557"}],"wp:term":[{"taxonomy":"product_brand","embeddable":true,"href":"https:\/\/www.moonepc.com\/pt\/wp-json\/wp\/v2\/product_brand?post=4557"},{"taxonomy":"product_cat","embeddable":true,"href":"https:\/\/www.moonepc.com\/pt\/wp-json\/wp\/v2\/product_cat?post=4557"},{"taxonomy":"product_tag","embeddable":true,"href":"https:\/\/www.moonepc.com\/pt\/wp-json\/wp\/v2\/product_tag?post=4557"}],"curies":[{"name":"wp","href":"https:\/\/api.w.org\/{rel}","templated":true}]}}