{"id":4558,"date":"2025-07-30T10:51:03","date_gmt":"2025-07-30T02:51:03","guid":{"rendered":"https:\/\/www.moonepc.com\/?post_type=product&#038;p=4558"},"modified":"2025-09-23T14:49:47","modified_gmt":"2025-09-23T06:49:47","slug":"spiral-quick-freezers","status":"publish","type":"product","link":"https:\/\/www.moonepc.com\/pt\/spiral-quick-freezers\/","title":{"rendered":"Congeladores espirais r\u00e1pidos"},"content":{"rendered":"<p>congelador duplo-espiral<\/p>\n<table>\n<tbody>\n<tr>\n<td width=\"124\">Modelo<\/td>\n<td width=\"67\">LSS2012<\/td>\n<td width=\"67\">LSD2516<\/td>\n<td width=\"68\">LSD3014<\/td>\n<\/tr>\n<tr>\n<td width=\"124\">Ingredientes<\/td>\n<td colspan=\"3\" width=\"204\">Coxas de galinha bruta<\/td>\n<\/tr>\n<tr>\n<td width=\"124\">Peso<\/td>\n<td colspan=\"3\" width=\"204\">120\u00b110g<\/td>\n<\/tr>\n<tr>\n<td width=\"124\">Temperatura de entrada<\/td>\n<td colspan=\"3\" width=\"204\">15[UNK]<\/td>\n<\/tr>\n<tr>\n<td width=\"124\">Temperatura de sa\u00edda<\/td>\n<td colspan=\"3\" width=\"204\">-18<\/td>\n<\/tr>\n<tr>\n<td width=\"124\">Congelamento projetado<\/p>\n<p>temperatura<\/td>\n<td colspan=\"3\" width=\"204\">-35<\/td>\n<\/tr>\n<tr>\n<td width=\"124\">Di\u00e2metro da Cage Rotary<\/td>\n<td width=\"67\">2000mm<\/td>\n<td width=\"67\">2530mm<\/td>\n<td width=\"68\">3000mm<\/td>\n<\/tr>\n<tr>\n<td width=\"124\">Capas<\/td>\n<td width=\"67\">12<\/td>\n<td width=\"67\">16<\/td>\n<td width=\"68\">14<\/td>\n<\/tr>\n<tr>\n<td width=\"124\">Largura do cinto de malla<\/td>\n<td width=\"67\">650mm<\/td>\n<td width=\"67\">710mm<\/td>\n<td width=\"68\">1000mm<\/td>\n<\/tr>\n<tr>\n<td width=\"124\">Produ\u00e7\u00e3o padr\u00e3o<\/td>\n<td width=\"67\">1000kg\/h<\/td>\n<td width=\"67\">2000 kg\/h<\/td>\n<td width=\"68\">3000kg\/h<\/td>\n<\/tr>\n<tr>\n<td width=\"124\">Capacidade<\/td>\n<td width=\"67\">31.8kW<\/td>\n<td width=\"67\">48.8kW<\/td>\n<td width=\"68\">64.8kW<\/td>\n<\/tr>\n<\/tbody>\n<\/table>\n<p>congelador de espiral \u00fanico<\/p>\n<table>\n<tbody>\n<tr>\n<td width=\"124\">Modelo<\/td>\n<td width=\"67\">LSS2012<\/td>\n<td width=\"67\">LSS2514<\/td>\n<td width=\"68\">LSS3022<\/td>\n<\/tr>\n<tr>\n<td width=\"124\">Ingredientes<\/td>\n<td colspan=\"3\" width=\"203\">Coxas de galinha bruta<\/td>\n<\/tr>\n<tr>\n<td width=\"124\">Peso<\/td>\n<td colspan=\"3\" width=\"203\">120\u00b110g<\/td>\n<\/tr>\n<tr>\n<td width=\"124\">Temperatura de entrada<\/td>\n<td colspan=\"3\" width=\"203\">15[UNK]<\/td>\n<\/tr>\n<tr>\n<td width=\"124\">Temperatura de sa\u00edda<\/td>\n<td colspan=\"3\" width=\"203\">-18<\/td>\n<\/tr>\n<tr>\n<td width=\"124\">Congelamento projetado<\/p>\n<p>temperatura<\/td>\n<td colspan=\"3\" width=\"203\">-35<\/td>\n<\/tr>\n<tr>\n<td width=\"124\">Di\u00e2metro da Cage Rotary<\/td>\n<td width=\"67\">2000mm<\/td>\n<td width=\"67\">2530mm<\/td>\n<td width=\"68\">3000mm<\/td>\n<\/tr>\n<tr>\n<td width=\"124\">Capas<\/td>\n<td width=\"67\">12<\/td>\n<td width=\"67\">14<\/td>\n<td width=\"68\">22<\/td>\n<\/tr>\n<tr>\n<td width=\"124\">Largura do cinto de malla<\/td>\n<td width=\"67\">650mm<\/td>\n<td width=\"67\">800mm<\/td>\n<td width=\"68\">850mm<\/td>\n<\/tr>\n<tr>\n<td width=\"124\">Produ\u00e7\u00e3o padr\u00e3o<\/td>\n<td width=\"67\">500 kg\/h<\/td>\n<td width=\"67\">1000kg\/h<\/td>\n<td width=\"68\">2000 kg\/h<\/td>\n<\/tr>\n<tr>\n<td width=\"124\">Capacidade<\/td>\n<td width=\"67\">16.8kW<\/td>\n<td width=\"67\">25.3kW<\/td>\n<td width=\"68\">45.3kW<\/td>\n<\/tr>\n<\/tbody>\n<\/table>\n<div class=\"host-lopnbnfpjmgpbppclhclehhgafnifija\" style=\"position: relative; z-index: 2147483647;\"><\/div>","protected":false},"excerpt":{"rendered":"<p>O congelador espiral auto-pilhador adota um design de cinto auto-pilhador interbloqueador, que automaticamente pilha camada por camada em uma cadeia est\u00e1vel de movimento. O cinto, composto por malha de metal e placas laterais auto-suportadoras, forma uma zona congelada selada ap\u00f3s a montagem e funciona cont\u00ednuamente em um ciclo espiral. O fluxo de ar frio for\u00e7ado circula verticalmente de cima para baixo dentro da zona pilhada, assegurando contato completo com os produtos. Isso resulta em alta efici\u00eancia de troca de calor, reduzindo significativamente tanto tempo de congela\u00e7\u00e3o como perda de desidrata\u00e7\u00e3o de produtos.<\/p>\n<div class=\"host-lopnbnfpjmgpbppclhclehhgafnifija\" style=\"position: relative; z-index: 2147483647;\"><\/div>","protected":false},"featured_media":5262,"comment_status":"closed","ping_status":"closed","template":"","meta":[],"product_brand":[],"product_cat":[87,85],"product_tag":[],"class_list":{"0":"post-4558","1":"product","2":"type-product","3":"status-publish","4":"has-post-thumbnail","6":"product_cat-quick-freezer","7":"product_cat-quick-freezer-and-freeze-dryer","9":"first","10":"instock","11":"shipping-taxable","12":"product-type-simple"},"_links":{"self":[{"href":"https:\/\/www.moonepc.com\/pt\/wp-json\/wp\/v2\/product\/4558","targetHints":{"allow":["GET"]}}],"collection":[{"href":"https:\/\/www.moonepc.com\/pt\/wp-json\/wp\/v2\/product"}],"about":[{"href":"https:\/\/www.moonepc.com\/pt\/wp-json\/wp\/v2\/types\/product"}],"replies":[{"embeddable":true,"href":"https:\/\/www.moonepc.com\/pt\/wp-json\/wp\/v2\/comments?post=4558"}],"wp:featuredmedia":[{"embeddable":true,"href":"https:\/\/www.moonepc.com\/pt\/wp-json\/wp\/v2\/media\/5262"}],"wp:attachment":[{"href":"https:\/\/www.moonepc.com\/pt\/wp-json\/wp\/v2\/media?parent=4558"}],"wp:term":[{"taxonomy":"product_brand","embeddable":true,"href":"https:\/\/www.moonepc.com\/pt\/wp-json\/wp\/v2\/product_brand?post=4558"},{"taxonomy":"product_cat","embeddable":true,"href":"https:\/\/www.moonepc.com\/pt\/wp-json\/wp\/v2\/product_cat?post=4558"},{"taxonomy":"product_tag","embeddable":true,"href":"https:\/\/www.moonepc.com\/pt\/wp-json\/wp\/v2\/product_tag?post=4558"}],"curies":[{"name":"wp","href":"https:\/\/api.w.org\/{rel}","templated":true}]}}