{"id":4561,"date":"2025-07-30T10:56:57","date_gmt":"2025-07-30T02:56:57","guid":{"rendered":"https:\/\/www.moonepc.com\/?post_type=product&#038;p=4561"},"modified":"2025-09-23T14:50:54","modified_gmt":"2025-09-23T06:50:54","slug":"plate-quick-freezers","status":"publish","type":"product","link":"https:\/\/www.moonepc.com\/pt\/plate-quick-freezers\/","title":{"rendered":"Geladores r\u00e1pidos de placas"},"content":{"rendered":"<p>Os produtos congeladores cont\u00ednuos do ambiente das rodas de gelo incluem quatro grandes s\u00e9ries de produtos:<\/p>\n<p>dispositivos de congela\u00e7\u00e3o r\u00e1pida de s\u00e9ries de t\u00faneis, dispositivos de congela\u00e7\u00e3o r\u00e1pida de s\u00e9ries espirais, dispositivos de congela\u00e7\u00e3o r\u00e1pida fluidizados e dispositivos de congela\u00e7\u00e3o r\u00e1pida de t\u00faneis inteligentes. Eles compartilham as seguintes caracter\u00edsticas comuns significativas.<\/p>\n<table>\n<tbody>\n<tr>\n<td>10<\/td>\n<td colspan=\"4\"><\/td>\n<\/tr>\n<tr>\n<td width=\"159\">Espaciamento efetivo de<\/p>\n<p>camadas (mm)<\/td>\n<td colspan=\"4\" width=\"481\">55~105<\/td>\n<\/tr>\n<tr>\n<td width=\"159\">Inlet &amp; - temperaturas nucleares da carga de sa\u00edda<\/td>\n<td colspan=\"4\" width=\"481\">+20\/-18<\/td>\n<\/tr>\n<tr>\n<td width=\"159\">Refrigerante<\/td>\n<td width=\"117\">R717<\/td>\n<td width=\"118\">R22<\/td>\n<td width=\"120\">R717<\/td>\n<td width=\"126\">R22<\/td>\n<\/tr>\n<tr>\n<td width=\"159\">Condi\u00e7\u00f5es de trabalho refrigerantes<\/td>\n<td colspan=\"4\" width=\"481\">\u00b135<\/td>\n<\/tr>\n<tr>\n<td width=\"159\">Alimenta\u00e7\u00e3o l\u00edquida<\/p>\n<p>interface(mm)<\/td>\n<td width=\"117\">\u03a638<\/td>\n<td width=\"118\">11\/8<\/td>\n<td width=\"120\">\u03a645<\/td>\n<td width=\"126\">11\/8<\/td>\n<\/tr>\n<tr>\n<td width=\"159\">Interface de retorno a\u00e9reo (mm)<\/td>\n<td width=\"117\">\u03a676<\/td>\n<td width=\"118\">\u03a676<\/td>\n<td width=\"120\">\u03a689<\/td>\n<td width=\"126\">\u03a676<\/td>\n<\/tr>\n<tr>\n<td width=\"159\">Consumo de refrigera\u00e7\u00e3o<\/p>\n<p>(kw)<\/td>\n<td colspan=\"2\" width=\"235\">26<\/td>\n<td colspan=\"2\" width=\"246\">33<\/td>\n<\/tr>\n<tr>\n<td width=\"159\">Capacidade nominal de congelamento (kg\/turno)<\/td>\n<td colspan=\"2\" width=\"235\">960<\/td>\n<td colspan=\"2\" width=\"246\">1200<\/td>\n<\/tr>\n<tr>\n<td width=\"159\">Pot\u00eancia instalada(kW)<\/td>\n<td colspan=\"4\" width=\"481\">1.5<\/td>\n<\/tr>\n<tr>\n<td width=\"159\">Peso (t)<\/td>\n<td width=\"117\">3.1<\/td>\n<td width=\"118\">3.0<\/td>\n<td width=\"120\">3.4<\/td>\n<td width=\"126\">3.2<\/td>\n<\/tr>\n<\/tbody>\n<\/table>\n<table>\n<tbody>\n<tr>\n<td width=\"159\">Modelo<\/td>\n<td colspan=\"2\" width=\"235\">MPF1500<\/td>\n<td colspan=\"2\" width=\"246\">MPF1800<\/td>\n<\/tr>\n<tr>\n<td width=\"159\">Outline<\/p>\n<p>dimens\u00e3o L*W*H(mm)<\/td>\n<td width=\"117\">3750*1680*3050<\/td>\n<td width=\"118\">3550*1680*3050<\/td>\n<td width=\"120\">3750*1680*3300<\/td>\n<td width=\"126\">3550*1680*3300<\/td>\n<\/tr>\n<tr>\n<td width=\"159\">Tamanho da placa congeladora (mm)<\/td>\n<td colspan=\"4\" width=\"481\">2060*1261<\/td>\n<\/tr>\n<tr>\n<td width=\"159\">Capas efetivas de placas congeladoras<\/td>\n<td colspan=\"2\" width=\"235\">10<\/td>\n<td colspan=\"2\" width=\"246\">12<\/td>\n<\/tr>\n<tr>\n<td width=\"159\">Espaciamento efetivo de<\/p>\n<p>camadas (mm)<\/td>\n<td colspan=\"4\" width=\"481\">55~105<\/td>\n<\/tr>\n<tr>\n<td width=\"159\">Inlet &amp; - temperaturas nucleares da carga de sa\u00edda<\/td>\n<td colspan=\"4\" width=\"481\">+20\/-18<\/td>\n<\/tr>\n<tr>\n<td width=\"159\">Refrigerante<\/td>\n<td width=\"117\">R717<\/td>\n<td width=\"118\">R22<\/td>\n<td width=\"120\">R717<\/td>\n<td width=\"126\">R22<\/td>\n<\/tr>\n<tr>\n<td width=\"159\">Condi\u00e7\u00f5es de trabalho refrigerantes<\/td>\n<td colspan=\"4\" width=\"481\">\u00b135<\/td>\n<\/tr>\n<tr>\n<td width=\"159\">Alimenta\u00e7\u00e3o l\u00edquida<\/p>\n<p>interface(mm)<\/td>\n<td width=\"117\">\u03a645<\/td>\n<td width=\"118\">13\/8in<\/td>\n<td width=\"120\">\u03a645<\/td>\n<td width=\"126\">15\/8in<\/td>\n<\/tr>\n<tr>\n<td width=\"159\">Interface de retorno a\u00e9reo (mm)<\/td>\n<td width=\"117\">\u03a689<\/td>\n<td width=\"118\">\u03a676<\/td>\n<td width=\"120\">\u03a689<\/td>\n<td width=\"126\">\u03a689<\/td>\n<\/tr>\n<tr>\n<td width=\"159\">Consumo de refrigera\u00e7\u00e3o<\/p>\n<p>(kw)<\/td>\n<td colspan=\"2\" width=\"235\">41<\/td>\n<td colspan=\"2\" width=\"246\">49<\/td>\n<\/tr>\n<tr>\n<td width=\"159\">Capacidade nominal de congelamento (kg\/turno)<\/td>\n<td colspan=\"2\" width=\"235\">1500<\/td>\n<td colspan=\"2\" width=\"246\">1800<\/td>\n<\/tr>\n<tr>\n<td width=\"159\">Pot\u00eancia instalada(kW)<\/td>\n<td colspan=\"4\" width=\"481\">1.5<\/td>\n<\/tr>\n<tr>\n<td width=\"159\">Peso (t)<\/td>\n<td width=\"117\">3.7<\/td>\n<td width=\"118\">3.6<\/td>\n<td width=\"120\">4.0<\/td>\n<td width=\"126\">3.8<\/td>\n<\/tr>\n<\/tbody>\n<\/table>\n<p>Nota: A capacidade de congela\u00e7\u00e3o \u00e9 baseada na bandeja de peixe de cauda de cabelo, com dimens\u00f5es de 600*400*80 mm, 15kg por bandeja.<\/p>\n<div class=\"host-lopnbnfpjmgpbppclhclehhgafnifija\" style=\"position: relative; z-index: 2147483647;\"><\/div>","protected":false},"excerpt":{"rendered":"<p>O congelador de placas permite o congelamento r\u00e1pido atrav\u00e9s do contato de dois lados entre a comida e as placas met\u00e1licas. As placas met\u00e1licas funcionam como evaporadores, contatando estreitamente tanto as superf\u00edcies superiores quanto inferiores da comida, e transferindo diretamente energia fria para ela. Como a condutividade t\u00e9rmica do metal \u00e9 dezenas de vezes maior que a dos sistemas de troca de calor baseados no ar, essa configura\u00e7\u00e3o alcan\u00e7a um congelamento altamente eficiente e r\u00e1pido.<\/p>\n<div class=\"host-lopnbnfpjmgpbppclhclehhgafnifija\" style=\"position: relative; z-index: 2147483647;\"><\/div>","protected":false},"featured_media":5258,"comment_status":"closed","ping_status":"closed","template":"","meta":[],"product_brand":[],"product_cat":[87,85],"product_tag":[],"class_list":{"0":"post-4561","1":"product","2":"type-product","3":"status-publish","4":"has-post-thumbnail","6":"product_cat-quick-freezer","7":"product_cat-quick-freezer-and-freeze-dryer","9":"first","10":"instock","11":"shipping-taxable","12":"product-type-simple"},"_links":{"self":[{"href":"https:\/\/www.moonepc.com\/pt\/wp-json\/wp\/v2\/product\/4561","targetHints":{"allow":["GET"]}}],"collection":[{"href":"https:\/\/www.moonepc.com\/pt\/wp-json\/wp\/v2\/product"}],"about":[{"href":"https:\/\/www.moonepc.com\/pt\/wp-json\/wp\/v2\/types\/product"}],"replies":[{"embeddable":true,"href":"https:\/\/www.moonepc.com\/pt\/wp-json\/wp\/v2\/comments?post=4561"}],"wp:featuredmedia":[{"embeddable":true,"href":"https:\/\/www.moonepc.com\/pt\/wp-json\/wp\/v2\/media\/5258"}],"wp:attachment":[{"href":"https:\/\/www.moonepc.com\/pt\/wp-json\/wp\/v2\/media?parent=4561"}],"wp:term":[{"taxonomy":"product_brand","embeddable":true,"href":"https:\/\/www.moonepc.com\/pt\/wp-json\/wp\/v2\/product_brand?post=4561"},{"taxonomy":"product_cat","embeddable":true,"href":"https:\/\/www.moonepc.com\/pt\/wp-json\/wp\/v2\/product_cat?post=4561"},{"taxonomy":"product_tag","embeddable":true,"href":"https:\/\/www.moonepc.com\/pt\/wp-json\/wp\/v2\/product_tag?post=4561"}],"curies":[{"name":"wp","href":"https:\/\/api.w.org\/{rel}","templated":true}]}}