{"id":4564,"date":"2025-07-30T11:23:00","date_gmt":"2025-07-30T03:23:00","guid":{"rendered":"https:\/\/www.moonepc.com\/?post_type=product&#038;p=4564"},"modified":"2025-09-23T14:52:54","modified_gmt":"2025-09-23T06:52:54","slug":"intelligent-tunnel-quick-freezers","status":"publish","type":"product","link":"https:\/\/www.moonepc.com\/pt\/intelligent-tunnel-quick-freezers\/","title":{"rendered":"Geladores r\u00e1pidos de t\u00fanel inteligentes"},"content":{"rendered":"<p>Par\u00e2metros de desempenho<\/p>\n<table>\n<tbody>\n<tr>\n<td width=\"198\">Modelo de produto<\/td>\n<td width=\"43\">MTS250<\/td>\n<td width=\"39\">MTS500<\/td>\n<td width=\"37\">MTS600<\/td>\n<td width=\"40\">MTS750<\/td>\n<td width=\"38\">MTS800<\/td>\n<td width=\"38\">*MTS800<\/td>\n<td width=\"40\">*MTS1000<\/td>\n<td width=\"41\">*MTS1200<\/td>\n<td width=\"42\">*MTS1500<\/td>\n<\/tr>\n<tr>\n<td width=\"198\">Capacidade nominal de congelamento (kg\/h)<\/td>\n<td width=\"43\">250<\/td>\n<td width=\"39\">500<\/td>\n<td width=\"37\">600<\/td>\n<td width=\"40\">750<\/td>\n<td width=\"38\">800<\/td>\n<td width=\"38\">800<\/td>\n<td width=\"40\">1000<\/td>\n<td width=\"41\">1200<\/td>\n<td width=\"42\">1500<\/td>\n<\/tr>\n<tr>\n<td width=\"198\">Consumo frio em condi\u00e7\u00f5es de trabalho nominais (kW)<\/td>\n<td width=\"43\">45<\/td>\n<td width=\"39\">80<\/td>\n<td width=\"37\">90<\/td>\n<td width=\"40\">110<\/td>\n<td width=\"38\">120<\/td>\n<td width=\"38\">130<\/td>\n<td width=\"40\">150<\/td>\n<td width=\"41\">180<\/td>\n<td width=\"42\">220<\/td>\n<\/tr>\n<\/tbody>\n<\/table>\n<p>Par\u00e2metros de desempenho<\/p>\n<table>\n<tbody>\n<tr>\n<td width=\"274\">Modelo de produto<\/td>\n<td width=\"142\">MES500<\/td>\n<td width=\"142\">MES750<\/td>\n<\/tr>\n<tr>\n<td width=\"274\">Capacidade nominal de congelamento (kg\/h)<\/td>\n<td width=\"142\">500<\/td>\n<td width=\"142\">750<\/td>\n<\/tr>\n<tr>\n<td width=\"274\">Consumo frio em condi\u00e7\u00f5es de trabalho nominais (kW)<\/td>\n<td width=\"142\">100<\/td>\n<td width=\"142\">145<\/td>\n<\/tr>\n<\/tbody>\n<\/table>\n<p>Par\u00e2metros de desempenho<\/p>\n<table>\n<tbody>\n<tr>\n<td width=\"63\">Modelo de produto<\/td>\n<td width=\"32\">MTN<\/p>\n<p>250<\/p>\n<p>-1220<\/td>\n<td width=\"32\">MTN<\/p>\n<p>500<\/p>\n<p>-1220<\/td>\n<td width=\"32\">MTN<\/p>\n<p>500<\/p>\n<p>-1530<\/td>\n<td width=\"32\">MTN<\/p>\n<p>750<\/p>\n<p>-1530<\/td>\n<td width=\"32\">MTN<\/p>\n<p>1000<\/p>\n<p>-1530<\/td>\n<td width=\"32\">MTN<\/p>\n<p>500<\/p>\n<p>-2030<\/td>\n<td width=\"32\">MTN<\/p>\n<p>750<\/p>\n<p>-2030<\/td>\n<td width=\"32\">MTN<\/p>\n<p>1000<\/p>\n<p>-2030<\/td>\n<td width=\"32\">MTN<\/p>\n<p>1500<\/p>\n<p>-2030<\/td>\n<td width=\"32\">MTN<\/p>\n<p>2000<\/p>\n<p>-2030<\/td>\n<td width=\"32\">MTN<\/p>\n<p>500<\/p>\n<p>-2200<\/td>\n<td width=\"32\">MTN<\/p>\n<p>750<\/p>\n<p>-2200<\/td>\n<td width=\"32\">MTN<\/p>\n<p>1000<\/p>\n<p>-2200<\/td>\n<td width=\"32\">MTN<\/p>\n<p>1200<\/p>\n<p>-2200<\/td>\n<td width=\"33\">MTN<\/p>\n<p>1500<\/p>\n<p>-2200<\/td>\n<\/tr>\n<tr>\n<td width=\"63\">Capacidade nominal de congelamento (kg\/h)<\/td>\n<td width=\"32\">250<\/td>\n<td width=\"32\">500<\/td>\n<td width=\"32\">500<\/td>\n<td width=\"32\">750<\/td>\n<td width=\"32\">1000<\/td>\n<td width=\"32\">500<\/td>\n<td width=\"32\">750<\/td>\n<td width=\"32\">1000<\/td>\n<td width=\"32\">1500<\/td>\n<td width=\"32\">2000<\/td>\n<td width=\"32\">500<\/td>\n<td width=\"32\">750<\/td>\n<td width=\"32\">1000<\/td>\n<td width=\"32\">1200<\/td>\n<td width=\"33\">1500<\/td>\n<\/tr>\n<tr>\n<td width=\"63\">Consumo frio em condi\u00e7\u00f5es de trabalho nominais (kW)<\/td>\n<td width=\"32\">&nbsp;<\/p>\n<p>45<\/td>\n<td width=\"32\">&nbsp;<\/p>\n<p>80<\/td>\n<td width=\"32\">&nbsp;<\/p>\n<p>80<\/td>\n<td width=\"32\">&nbsp;<\/p>\n<p>110<\/td>\n<td width=\"32\">&nbsp;<\/p>\n<p>160<\/td>\n<td width=\"32\">&nbsp;<\/p>\n<p>80<\/td>\n<td width=\"32\">&nbsp;<\/p>\n<p>110<\/td>\n<td width=\"32\">&nbsp;<\/p>\n<p>150<\/td>\n<td width=\"32\">&nbsp;<\/p>\n<p>220<\/td>\n<td width=\"32\">&nbsp;<\/p>\n<p>300<\/td>\n<td width=\"32\">&nbsp;<\/p>\n<p>80<\/td>\n<td width=\"32\">&nbsp;<\/p>\n<p>110<\/td>\n<td width=\"32\">&nbsp;<\/p>\n<p>150<\/td>\n<td width=\"32\">&nbsp;<\/p>\n<p>180<\/td>\n<td width=\"33\">&nbsp;<\/p>\n<p>220<\/td>\n<\/tr>\n<\/tbody>\n<\/table>\n<p>&nbsp;<\/p>\n<table>\n<tbody>\n<tr>\n<td width=\"68\">Modelo de produto<\/td>\n<td width=\"35\">MTN<\/p>\n<p>1500<\/p>\n<p>-2200<\/td>\n<td width=\"35\">MTN<\/p>\n<p>2000<\/p>\n<p>-2200<\/td>\n<td width=\"35\">MTN<\/p>\n<p>750<\/p>\n<p>-2650<\/td>\n<td width=\"35\">MTN<\/p>\n<p>1000<\/p>\n<p>-2650<\/td>\n<td width=\"35\">MTN<\/p>\n<p>1200<\/p>\n<p>-2650<\/td>\n<td width=\"35\">MTN<\/p>\n<p>1500<\/p>\n<p>-2650<\/td>\n<td width=\"35\">MTN<\/p>\n<p>1000<\/p>\n<p>-3030<\/td>\n<td width=\"35\">MTN<\/p>\n<p>1200<\/p>\n<p>-3030<\/td>\n<td width=\"35\">MTN<\/p>\n<p>1500<\/p>\n<p>-3030<\/td>\n<td width=\"35\">MTN<\/p>\n<p>2000<\/p>\n<p>-3030<\/td>\n<td width=\"35\">MTN<\/p>\n<p>1200<\/p>\n<p>-3200<\/td>\n<td width=\"35\">MTN<\/p>\n<p>1500<\/p>\n<p>-3200<\/td>\n<td width=\"35\">MTN<\/p>\n<p>2000<\/p>\n<p>-3200<\/td>\n<td width=\"35\">MTN<\/p>\n<p>2500<\/p>\n<p>-3200<\/td>\n<\/tr>\n<tr>\n<td width=\"68\">Capacidade nominal de congelamento (kg\/h)<\/td>\n<td width=\"35\">1500<\/td>\n<td width=\"35\">2000<\/td>\n<td width=\"35\">750<\/td>\n<td width=\"35\">1000<\/td>\n<td width=\"35\">1200<\/td>\n<td width=\"35\">1500<\/td>\n<td width=\"35\">1000<\/td>\n<td width=\"35\">1200<\/td>\n<td width=\"35\">1500<\/td>\n<td width=\"35\">2000<\/td>\n<td width=\"35\">1200<\/td>\n<td width=\"35\">1500<\/td>\n<td width=\"35\">2000<\/td>\n<td width=\"35\">2500<\/td>\n<\/tr>\n<tr>\n<td width=\"68\">Consumo frio em condi\u00e7\u00f5es de trabalho nominais (kW)<\/td>\n<td width=\"35\">230<\/td>\n<td width=\"35\">300<\/td>\n<td width=\"35\">110<\/td>\n<td width=\"35\">155<\/td>\n<td width=\"35\">180<\/td>\n<td width=\"35\">220<\/td>\n<td width=\"35\">160<\/td>\n<td width=\"35\">180<\/td>\n<td width=\"35\">220<\/td>\n<td width=\"35\">300<\/td>\n<td width=\"35\">180<\/td>\n<td width=\"35\">220<\/td>\n<td width=\"35\">300<\/td>\n<td width=\"35\">380<\/td>\n<\/tr>\n<\/tbody>\n<\/table>\n<p>&nbsp;<\/p>\n<div class=\"host-lopnbnfpjmgpbppclhclehhgafnifija\" style=\"position: relative; z-index: 2147483647;\"><\/div>","protected":false},"excerpt":{"rendered":"<p>O t\u00fanel de congela\u00e7\u00e3o vertical inteligente \u00e9 uma solu\u00e7\u00e3o avan\u00e7ada projetada para o congelamento r\u00e1pido de grandes produtos de carne e aves de capoeira embalados em bandejas ou caixas. Ela oferece uma alternativa inteligente e de alta efici\u00eancia aos congeladores autom\u00e1ticos tradicionais (ABF).<\/p>\n<div class=\"host-lopnbnfpjmgpbppclhclehhgafnifija\" style=\"position: relative; z-index: 2147483647;\"><\/div>","protected":false},"featured_media":5267,"comment_status":"closed","ping_status":"closed","template":"","meta":[],"product_brand":[],"product_cat":[87,85],"product_tag":[],"class_list":{"0":"post-4564","1":"product","2":"type-product","3":"status-publish","4":"has-post-thumbnail","6":"product_cat-quick-freezer","7":"product_cat-quick-freezer-and-freeze-dryer","9":"first","10":"instock","11":"shipping-taxable","12":"product-type-simple"},"_links":{"self":[{"href":"https:\/\/www.moonepc.com\/pt\/wp-json\/wp\/v2\/product\/4564","targetHints":{"allow":["GET"]}}],"collection":[{"href":"https:\/\/www.moonepc.com\/pt\/wp-json\/wp\/v2\/product"}],"about":[{"href":"https:\/\/www.moonepc.com\/pt\/wp-json\/wp\/v2\/types\/product"}],"replies":[{"embeddable":true,"href":"https:\/\/www.moonepc.com\/pt\/wp-json\/wp\/v2\/comments?post=4564"}],"wp:featuredmedia":[{"embeddable":true,"href":"https:\/\/www.moonepc.com\/pt\/wp-json\/wp\/v2\/media\/5267"}],"wp:attachment":[{"href":"https:\/\/www.moonepc.com\/pt\/wp-json\/wp\/v2\/media?parent=4564"}],"wp:term":[{"taxonomy":"product_brand","embeddable":true,"href":"https:\/\/www.moonepc.com\/pt\/wp-json\/wp\/v2\/product_brand?post=4564"},{"taxonomy":"product_cat","embeddable":true,"href":"https:\/\/www.moonepc.com\/pt\/wp-json\/wp\/v2\/product_cat?post=4564"},{"taxonomy":"product_tag","embeddable":true,"href":"https:\/\/www.moonepc.com\/pt\/wp-json\/wp\/v2\/product_tag?post=4564"}],"curies":[{"name":"wp","href":"https:\/\/api.w.org\/{rel}","templated":true}]}}