{"id":4572,"date":"2025-07-30T11:58:33","date_gmt":"2025-07-30T03:58:33","guid":{"rendered":"https:\/\/www.moonepc.com\/?post_type=product&#038;p=4572"},"modified":"2025-09-23T14:45:58","modified_gmt":"2025-09-23T06:45:58","slug":"customized-vacuum-freeze-drying-equipment-2","status":"publish","type":"product","link":"https:\/\/www.moonepc.com\/pt\/customized-vacuum-freeze-drying-equipment-2\/","title":{"rendered":"Equipamento personalizado de secagem em v\u00e1cuo"},"content":{"rendered":"<p><strong><b>T\u00e9cnico<\/b><\/strong><strong><b>\u00a0<\/b><\/strong><strong><b>Tabela de Par\u00e2metros<\/b><\/strong><\/p>\n<table>\n<tbody>\n<tr>\n<td colspan=\"2\" width=\"147\">Elemento\\\\ Modelo<\/td>\n<td width=\"97\">MTFD0.2-5L<\/td>\n<td width=\"129\">MTFD2.2-50L<\/td>\n<td width=\"103\">MTFD15-180L<\/td>\n<td width=\"126\">MTFD25-300L<\/td>\n<\/tr>\n<tr>\n<td colspan=\"2\" width=\"147\">Capacidade de carga de \u00e1gua<\/p>\n<p>(L\/turno)<\/td>\n<td width=\"97\">5<\/td>\n<td width=\"129\">50<\/td>\n<td width=\"103\">180<\/td>\n<td width=\"126\">300<\/td>\n<\/tr>\n<tr>\n<td colspan=\"2\" width=\"147\">Capacidade padr\u00e3o de alimenta\u00e7\u00e3o<\/p>\n<p>(kg\/turno)<\/td>\n<td width=\"97\">2.5<\/td>\n<td width=\"129\">30<\/td>\n<td width=\"103\">200<\/td>\n<td width=\"126\">320<\/td>\n<\/tr>\n<tr>\n<td rowspan=\"6\" width=\"54\">&nbsp;<\/p>\n<p>&nbsp;<\/p>\n<p>&nbsp;<\/p>\n<p>&nbsp;<\/p>\n<p>Liofilizador<\/td>\n<td width=\"92\">Material<\/td>\n<td width=\"97\"><\/td>\n<td colspan=\"3\" width=\"359\">SUS304,Tratamento de Passiva\u00e7\u00e3o da Superf\u00edcie Interna e Externa<\/td>\n<\/tr>\n<tr>\n<td width=\"92\">Dimens\u00e3o externa<\/p>\n<p>(mm)<\/td>\n<td width=\"97\">1000\u00d71000\u00d71400<\/td>\n<td width=\"129\">3000\u00d72000\u00d7<u>210<\/u>0<\/td>\n<td width=\"103\">4000\u00d71800\u00d72400<\/td>\n<td width=\"126\">\u03c62200\u00d77500<\/td>\n<\/tr>\n<tr>\n<td width=\"92\">ChamberDoor<\/td>\n<td width=\"97\">Quadrado, Single Open<\/td>\n<td width=\"129\">Forma Circular,Single Open<\/td>\n<td width=\"103\">Quadrado, Single Open<\/td>\n<td width=\"126\">Forma Circular,Single Open<\/td>\n<\/tr>\n<tr>\n<td width=\"92\">Trampa fria<\/td>\n<td colspan=\"2\" width=\"227\">Sub o Tipo Montado<\/td>\n<td colspan=\"2\" width=\"230\">Tipo montado atr\u00e1s<\/td>\n<\/tr>\n<tr>\n<td width=\"92\">Tipo de refrigera\u00e7\u00e3o<\/td>\n<td colspan=\"4\" width=\"457\">Alimenta\u00e7\u00e3o de Expans\u00e3o Direta,Refrigerante:R404A\/R507A<\/td>\n<\/tr>\n<tr>\n<td width=\"92\">Temperatura Evaporativa<\/td>\n<td colspan=\"2\" width=\"227\">\u2264-50[UNK]<\/td>\n<td colspan=\"2\" width=\"230\">\u2264-70[UNK]<\/td>\n<\/tr>\n<tr>\n<td rowspan=\"7\" width=\"54\">&nbsp;<\/p>\n<p>&nbsp;<\/p>\n<p>&nbsp;<\/p>\n<p>&nbsp;<\/p>\n<p>&nbsp;<\/p>\n<p>&nbsp;<\/p>\n<p>&nbsp;<\/p>\n<p>&nbsp;<\/p>\n<p>Plataforma\/Bandexa<\/td>\n<td width=\"92\">N\u00e3o de Product Shelf<\/td>\n<td width=\"97\">3<\/td>\n<td width=\"129\">7<\/td>\n<td width=\"103\">14<\/td>\n<td width=\"126\">11<\/td>\n<\/tr>\n<tr>\n<td width=\"92\">\u00c1rea total da Plataforma<\/td>\n<td width=\"97\">0,2m\u00b2<\/td>\n<td width=\"129\">2,2m\u00b2<\/td>\n<td width=\"103\">15m\u00b2<\/td>\n<td width=\"126\">25m\u00b2<\/td>\n<\/tr>\n<tr>\n<td width=\"92\">&nbsp;<\/p>\n<p>Modo de transfer\u00eancia de calor<\/td>\n<td width=\"97\">Calor el\u00e9trico<\/td>\n<td width=\"129\">Radia\u00e7\u00e3o de Circula\u00e7\u00e3o<\/p>\n<p>aquecimento, troca de aquecimento para<\/p>\n<p>Pipa de aquecimento el\u00e9trico<\/td>\n<td colspan=\"2\" width=\"230\">Bandexa: Contacto: aquecimento,<\/p>\n<p>Troca de Calor para o Sul\u00edcio<\/td>\n<\/tr>\n<tr>\n<td width=\"92\">Regular<\/p>\n<p>Rango de temperatura<\/p>\n<p>das prateleiras<\/td>\n<td colspan=\"2\" width=\"227\">&nbsp;<\/p>\n<p>Sala[UNK]Temperatura~ 100[UNK]<\/td>\n<td colspan=\"2\" width=\"230\">&nbsp;<\/p>\n<p>-60[UNK]~ 100[UNK]<\/td>\n<\/tr>\n<tr>\n<td width=\"92\">Tamanho da bandexa (mm)<\/td>\n<td width=\"97\">360\u00d7280\u00d732<\/td>\n<td width=\"129\">680x550x32<\/td>\n<td width=\"103\">680\u00d7550\u00d735<\/td>\n<td width=\"126\">700\u00d7600\u00d735<\/td>\n<\/tr>\n<tr>\n<td width=\"92\">QTY[UNK]ofTray<\/td>\n<td width=\"97\">2<\/td>\n<td width=\"129\">6<\/td>\n<td width=\"103\">40<\/td>\n<td width=\"126\">120<\/td>\n<\/tr>\n<tr>\n<td width=\"92\">Cargando Tipo<\/td>\n<td colspan=\"4\" width=\"457\">Carga e Descarga Manual<\/td>\n<\/tr>\n<tr>\n<td rowspan=\"2\" width=\"54\">&nbsp;<\/p>\n<p>Vacuo<\/p>\n<p>Sistema<\/td>\n<td width=\"92\">Limite est\u00e1tico do Vacuo<\/td>\n<td colspan=\"4\" width=\"457\">&nbsp;<\/p>\n<p>13Pa<\/td>\n<\/tr>\n<tr>\n<td width=\"92\">Press\u00e3o de trabalho<\/p>\n<p>Bandexa<\/td>\n<td colspan=\"4\" width=\"457\">30~133Pa<\/td>\n<\/tr>\n<tr>\n<td rowspan=\"4\" width=\"54\">&nbsp;<\/p>\n<p>&nbsp;<\/p>\n<p>Controlo<\/td>\n<td width=\"92\">Cabinete de Controlo<\/td>\n<td colspan=\"4\" width=\"457\">Todos em um, controle PLC<\/td>\n<\/tr>\n<tr>\n<td width=\"92\">Temperatura<\/td>\n<td colspan=\"4\" width=\"457\">Programa\u00e7\u00e3o[UNK]Control<\/td>\n<\/tr>\n<tr>\n<td width=\"92\">Vacuo<\/td>\n<td colspan=\"4\" width=\"457\">Controlo da Gauge Vacuum<\/td>\n<\/tr>\n<tr>\n<td width=\"92\">Volta\u00e7\u00e3o<\/td>\n<td colspan=\"2\" width=\"227\">AC\/220V\/50HZ<\/td>\n<td colspan=\"2\" width=\"230\">AC\/380V\/50HZ<\/td>\n<\/tr>\n<\/tbody>\n<\/table>\n<p>&nbsp;<\/p>\n<p><strong><b>T\u00e9cnico<\/b><\/strong><strong><b>\u00a0<\/b><\/strong><strong><b>Tabela de Par\u00e2metros<\/b><\/strong><\/p>\n<table>\n<tbody>\n<tr>\n<td colspan=\"2\" width=\"148\">Elemento\\\\ Modelo<\/td>\n<td width=\"67\">MTFD25-300L<\/td>\n<td width=\"71\">MTFD50-600L<\/td>\n<td width=\"79\">MTFD100-1200L<\/td>\n<td width=\"78\">MTFD120-1500L<\/td>\n<td width=\"80\">MTFD200-2500<\/td>\n<td width=\"79\">L[UNK]MTFD240-3000L<\/td>\n<\/tr>\n<tr>\n<td colspan=\"2\" width=\"148\">Capacidade de carga de \u00e1gua<\/p>\n<p>(L\/turno)<\/td>\n<td width=\"67\">300<\/td>\n<td width=\"71\">600<\/td>\n<td width=\"79\">1200<\/td>\n<td width=\"78\">1500<\/td>\n<td width=\"80\">2500<\/td>\n<td width=\"79\">3000<\/td>\n<\/tr>\n<tr>\n<td colspan=\"2\" width=\"148\">Capacidade padr\u00e3o de alimenta\u00e7\u00e3o<\/p>\n<p>(kg\/turno)<\/td>\n<td width=\"67\">320<\/td>\n<td width=\"71\">640<\/td>\n<td width=\"79\">1280<\/td>\n<td width=\"78\">1520<\/td>\n<td width=\"80\">2660<\/td>\n<td width=\"79\">3200<\/td>\n<\/tr>\n<tr>\n<td rowspan=\"6\" width=\"54\">&nbsp;<\/p>\n<p>&nbsp;<\/p>\n<p>&nbsp;<\/p>\n<p>&nbsp;<\/p>\n<p>&nbsp;<\/p>\n<p>Liofilizador<\/td>\n<td width=\"93\">Material<\/td>\n<td width=\"67\">SS400,Metal S<\/td>\n<td colspan=\"5\" width=\"389\">rezar na superf\u00edcie interior e pintura na superf\u00edcie externa\/SUS304,Passiva\u00e7\u00e3o<\/td>\n<\/tr>\n<tr>\n<td width=\"93\">Dimens\u00e3o externa<\/p>\n<p>(mm)<\/td>\n<td width=\"67\">\u03c61800\u00d76800<\/td>\n<td width=\"71\">\u03c62300\u00d76900<\/td>\n<td colspan=\"2\" width=\"158\">\u00a0\u03c62300\u00d79600<\/td>\n<td colspan=\"2\" width=\"160\">\u03c62500\u00d711700<\/td>\n<\/tr>\n<tr>\n<td width=\"93\">ChamberDoor<\/td>\n<td colspan=\"2\" width=\"139\"><\/td>\n<td colspan=\"4\" width=\"318\">Forma Circular,Single[UNK]Open<\/td>\n<\/tr>\n<tr>\n<td width=\"93\">Trampa fria<\/td>\n<td colspan=\"2\" width=\"139\">Tipo montado atr\u00e1s<\/td>\n<td colspan=\"4\" width=\"318\">Tipo\/lado montado atr\u00e1s<\/td>\n<\/tr>\n<tr>\n<td width=\"93\">Tipo de refrigera\u00e7\u00e3o<\/td>\n<td colspan=\"6\" width=\"457\">Directo \u2082\/R717<\/td>\n<\/tr>\n<tr>\n<td width=\"93\">Temperatura Evaporativa<\/td>\n<td colspan=\"6\" width=\"457\">\u2264-40[UNK]<\/td>\n<\/tr>\n<tr>\n<td rowspan=\"7\" width=\"54\">&nbsp;<\/p>\n<p>&nbsp;<\/p>\n<p>&nbsp;<\/p>\n<p>&nbsp;<\/p>\n<p>&nbsp;<\/p>\n<p>&nbsp;<\/p>\n<p>Plataforma\/Bandexa<\/td>\n<td width=\"93\">N\u00e3o de Product Shelf<\/td>\n<td width=\"67\">11<\/td>\n<td width=\"71\">17<\/td>\n<td width=\"79\">17<\/td>\n<td width=\"78\">20<\/td>\n<td width=\"80\">20<\/td>\n<td width=\"79\">21<\/td>\n<\/tr>\n<tr>\n<td width=\"93\">\u00c1rea total da Plataforma<\/td>\n<td width=\"67\">25m\u00b2<\/td>\n<td width=\"71\">50m\u00b2<\/td>\n<td width=\"79\">100m\u00b2<\/td>\n<td width=\"78\">120m\u00b2<\/td>\n<td width=\"80\">200 m\u00b2<\/td>\n<td width=\"79\">240m\u00b2<\/td>\n<\/tr>\n<tr>\n<td width=\"93\">Modo de transfer\u00eancia de calor<\/td>\n<td colspan=\"6\" width=\"457\">Circular Radiation Heating,Heat Exchange for 0.5MPa Saturated Steam<\/td>\n<\/tr>\n<tr>\n<td width=\"93\">Regular<\/p>\n<p>Rango de temperatura<\/p>\n<p>das prateleiras<\/td>\n<td colspan=\"6\" width=\"457\">&nbsp;<\/p>\n<p>Sala[UNK]Temperatura~ 120[UNK]<\/td>\n<\/tr>\n<tr>\n<td width=\"93\">Tamanho da bandexa (mm)<\/td>\n<td width=\"67\">415x515x32<\/td>\n<td width=\"71\">680x550x32<\/td>\n<td width=\"79\">680x550x32<\/td>\n<td width=\"78\">680x550x32<\/td>\n<td width=\"80\">680x550x32<\/td>\n<td width=\"79\">680x550x32<\/td>\n<\/tr>\n<tr>\n<td width=\"93\">QTY[UNK]ofTray<\/td>\n<td width=\"67\">120<\/td>\n<td width=\"71\">128<\/td>\n<td width=\"79\">256<\/td>\n<td width=\"78\">304<\/td>\n<td width=\"80\">532<\/td>\n<td width=\"79\">640<\/td>\n<\/tr>\n<tr>\n<td width=\"93\">Cargando Tipo<\/td>\n<td colspan=\"6\" width=\"457\">Suspension Rail Type<\/td>\n<\/tr>\n<tr>\n<td rowspan=\"2\" width=\"54\">&nbsp;<\/p>\n<p>Vacuo<\/p>\n<p>Sistema<\/td>\n<td width=\"93\">Limite est\u00e1tico do Vacuo<\/td>\n<td colspan=\"6\" width=\"457\">13Pa<\/td>\n<\/tr>\n<tr>\n<td width=\"93\">Press\u00e3o de trabalho<\/p>\n<p>Bandexa<\/td>\n<td colspan=\"6\" width=\"457\">30~133Pa<\/td>\n<\/tr>\n<tr>\n<td rowspan=\"4\" width=\"54\">&nbsp;<\/p>\n<p>&nbsp;<\/p>\n<p>&nbsp;<\/p>\n<p>Controlo<\/td>\n<td width=\"93\">Cabinete de Controlo<\/td>\n<td colspan=\"6\" width=\"457\">Dividir<\/td>\n<\/tr>\n<tr>\n<td width=\"93\">Temperatura<\/td>\n<td colspan=\"6\" width=\"457\">Controlador de Temperatura<\/td>\n<\/tr>\n<tr>\n<td width=\"93\">Vacuo<\/td>\n<td colspan=\"6\" width=\"457\">Controlo da Gauge Vacuum<\/td>\n<\/tr>\n<tr>\n<td width=\"93\">Volta\u00e7\u00e3o<\/td>\n<td colspan=\"6\" width=\"457\">AC\/380V\/50HZ<\/td>\n<\/tr>\n<\/tbody>\n<\/table>\n<div class=\"host-lopnbnfpjmgpbppclhclehhgafnifija\" style=\"position: relative; z-index: 2147483647;\"><\/div>","protected":false},"excerpt":{"rendered":"<p>Diversos alimentos contendo umidade s\u00e3o processados de acordo com suas caracter\u00edsticas e ent\u00e3o sujeitos a condi\u00e7\u00f5es de baixa temperatura e alto v\u00e1cuo. Nestas condi\u00e7\u00f5es, a umidade nos alimentos pr\u00e9-congelados sublima diretamente do gelo para vapor de \u00e1gua sem derreter, deshidratando e secando a comida. A comida conserva sua cor original, aroma, sabor, conte\u00fado nutricional e apar\u00eancia, e mostra excelentes propriedades de rehidrata\u00e7\u00e3o, tornando-a um produto alimentar natural e higi\u00e9nico ideal.<\/p>\n<div class=\"host-lopnbnfpjmgpbppclhclehhgafnifija\" style=\"position: relative; z-index: 2147483647;\"><\/div>","protected":false},"featured_media":5252,"comment_status":"closed","ping_status":"closed","template":"","meta":[],"product_brand":[],"product_cat":[86,85],"product_tag":[],"class_list":{"0":"post-4572","1":"product","2":"type-product","3":"status-publish","4":"has-post-thumbnail","6":"product_cat-food-freeze-dryer","7":"product_cat-quick-freezer-and-freeze-dryer","9":"first","10":"instock","11":"shipping-taxable","12":"product-type-simple"},"_links":{"self":[{"href":"https:\/\/www.moonepc.com\/pt\/wp-json\/wp\/v2\/product\/4572","targetHints":{"allow":["GET"]}}],"collection":[{"href":"https:\/\/www.moonepc.com\/pt\/wp-json\/wp\/v2\/product"}],"about":[{"href":"https:\/\/www.moonepc.com\/pt\/wp-json\/wp\/v2\/types\/product"}],"replies":[{"embeddable":true,"href":"https:\/\/www.moonepc.com\/pt\/wp-json\/wp\/v2\/comments?post=4572"}],"wp:featuredmedia":[{"embeddable":true,"href":"https:\/\/www.moonepc.com\/pt\/wp-json\/wp\/v2\/media\/5252"}],"wp:attachment":[{"href":"https:\/\/www.moonepc.com\/pt\/wp-json\/wp\/v2\/media?parent=4572"}],"wp:term":[{"taxonomy":"product_brand","embeddable":true,"href":"https:\/\/www.moonepc.com\/pt\/wp-json\/wp\/v2\/product_brand?post=4572"},{"taxonomy":"product_cat","embeddable":true,"href":"https:\/\/www.moonepc.com\/pt\/wp-json\/wp\/v2\/product_cat?post=4572"},{"taxonomy":"product_tag","embeddable":true,"href":"https:\/\/www.moonepc.com\/pt\/wp-json\/wp\/v2\/product_tag?post=4572"}],"curies":[{"name":"wp","href":"https:\/\/api.w.org\/{rel}","templated":true}]}}