{"id":4577,"date":"2025-07-30T12:00:42","date_gmt":"2025-07-30T04:00:42","guid":{"rendered":"https:\/\/www.moonepc.com\/?post_type=product&#038;p=4577"},"modified":"2025-09-23T14:55:35","modified_gmt":"2025-09-23T06:55:35","slug":"automated-storage-integration","status":"publish","type":"product","link":"https:\/\/www.moonepc.com\/pt\/automated-storage-integration\/","title":{"rendered":"Integra\u00e7\u00e3o Autom\u00e1tica da Almofagem"},"content":{"rendered":"<p>&nbsp;<\/p>\n<div class=\"host-lopnbnfpjmgpbppclhclehhgafnifija\" style=\"position: relative; z-index: 2147483647;\"><\/div>","protected":false},"excerpt":{"rendered":"<p>O sistema de armazenamento automatizado consiste em racking, paletas\/recipientes, cranes de pilha\/carros de navega\u00e7\u00e3o, sistemas de transporte, sistemas AGV e software WCS\/WMS. N\u00f3s nos especializamos na integra\u00e7\u00e3o de sistemas de armazenamento automatizados, bem como na R&amp;D; D, produ\u00e7\u00e3o e vendas de equipamentos relacionados. Fornecemos servi\u00e7os de fim a fim, incluindo planejamento de projetos, fabrica\u00e7\u00e3o de equipamentos, desenvolvimento de software e instala\u00e7\u00e3o no local.<\/p>\n<div class=\"host-lopnbnfpjmgpbppclhclehhgafnifija\" style=\"position: relative; z-index: 2147483647;\"><\/div>","protected":false},"featured_media":5271,"comment_status":"closed","ping_status":"closed","template":"","meta":[],"product_brand":[],"product_cat":[40],"product_tag":[],"class_list":{"0":"post-4577","1":"product","2":"type-product","3":"status-publish","4":"has-post-thumbnail","6":"product_cat-others-and-spare-parts","8":"first","9":"instock","10":"shipping-taxable","11":"product-type-simple"},"_links":{"self":[{"href":"https:\/\/www.moonepc.com\/pt\/wp-json\/wp\/v2\/product\/4577","targetHints":{"allow":["GET"]}}],"collection":[{"href":"https:\/\/www.moonepc.com\/pt\/wp-json\/wp\/v2\/product"}],"about":[{"href":"https:\/\/www.moonepc.com\/pt\/wp-json\/wp\/v2\/types\/product"}],"replies":[{"embeddable":true,"href":"https:\/\/www.moonepc.com\/pt\/wp-json\/wp\/v2\/comments?post=4577"}],"wp:featuredmedia":[{"embeddable":true,"href":"https:\/\/www.moonepc.com\/pt\/wp-json\/wp\/v2\/media\/5271"}],"wp:attachment":[{"href":"https:\/\/www.moonepc.com\/pt\/wp-json\/wp\/v2\/media?parent=4577"}],"wp:term":[{"taxonomy":"product_brand","embeddable":true,"href":"https:\/\/www.moonepc.com\/pt\/wp-json\/wp\/v2\/product_brand?post=4577"},{"taxonomy":"product_cat","embeddable":true,"href":"https:\/\/www.moonepc.com\/pt\/wp-json\/wp\/v2\/product_cat?post=4577"},{"taxonomy":"product_tag","embeddable":true,"href":"https:\/\/www.moonepc.com\/pt\/wp-json\/wp\/v2\/product_tag?post=4577"}],"curies":[{"name":"wp","href":"https:\/\/api.w.org\/{rel}","templated":true}]}}