{"id":4585,"date":"2025-07-30T12:07:45","date_gmt":"2025-07-30T04:07:45","guid":{"rendered":"https:\/\/www.moonepc.com\/?post_type=product&#038;p=4585"},"modified":"2025-09-23T14:57:31","modified_gmt":"2025-09-23T06:57:31","slug":"lce-making-machine","status":"publish","type":"product","link":"https:\/\/www.moonepc.com\/pt\/lce-making-machine\/","title":{"rendered":"M\u00e1quina para fazer gelo"},"content":{"rendered":"<table>\n<tbody>\n<tr>\n<td width=\"14\">modelo<\/td>\n<td width=\"121\">Modelo<\/td>\n<td width=\"102\">ICB-1T<\/td>\n<td width=\"102\">ICB-3T<\/td>\n<\/tr>\n<tr>\n<td width=\"14\">Produ\u00e7\u00e3o di\u00e1ria<\/td>\n<td width=\"121\">Dalyoutput<\/td>\n<td width=\"102\">1t\/24h<\/td>\n<td width=\"102\">3t\/24h<\/td>\n<\/tr>\n<tr>\n<td width=\"14\">Capacidade de refrigera\u00e7\u00e3o<\/td>\n<td width=\"121\">Capacidade de refrigera\u00e7\u00e3o<\/td>\n<td width=\"102\">9.5k<\/td>\n<td width=\"102\">25kw<\/td>\n<\/tr>\n<tr>\n<td width=\"14\">Pot\u00eancia total<\/td>\n<td width=\"121\">Pot\u00eancia total<\/td>\n<td width=\"102\">5kw<\/td>\n<td width=\"102\">12kw<\/td>\n<\/tr>\n<tr>\n<td width=\"14\">Peso do gelo<\/td>\n<td width=\"121\">keweight<\/td>\n<td width=\"102\">25kg<\/td>\n<td width=\"102\">25kg<\/td>\n<\/tr>\n<tr>\n<td width=\"14\">N\u00famero de moldes de gelo<\/td>\n<td width=\"121\">N\u00famero de fontes<\/td>\n<td width=\"102\">20pcs<\/td>\n<td width=\"102\">65pcs<\/td>\n<\/tr>\n<tr>\n<td width=\"14\">Hora de congela\u00e7\u00e3o<\/td>\n<td width=\"121\">Freczingtime<\/td>\n<td width=\"102\">8h<\/td>\n<td width=\"102\">8h<\/td>\n<\/tr>\n<tr>\n<td width=\"14\">M\u00e9todo de refrigera\u00e7\u00e3o<\/td>\n<td width=\"121\">m\u00e9todo de refrigera\u00e7\u00e3o<\/td>\n<td width=\"102\">A\u00e9reo refrigerado OLED<\/td>\n<td width=\"102\">A\u00e9reo refrigerado OLED<\/td>\n<\/tr>\n<tr>\n<td width=\"14\">Press\u00e3o de abastecimento de \u00e1gua<\/td>\n<td width=\"121\">Press\u00e3o de abastecimento de \u00e1gua<\/td>\n<td width=\"102\">0.1Mp-0.5Mp<\/td>\n<td width=\"102\">0.1Mp-0.5Mp<\/td>\n<\/tr>\n<tr>\n<td width=\"14\">Tamanho da unidade<\/td>\n<td width=\"121\">Tamanho da unidade<\/td>\n<td width=\"102\">3300x14802000mm<\/td>\n<td width=\"102\">4700x2100x2000mm<\/td>\n<\/tr>\n<tr>\n<td colspan=\"4\" width=\"341\"><\/td>\n<\/tr>\n<tr>\n<td width=\"14\">modelo<\/td>\n<td width=\"121\">Modelo<\/td>\n<td width=\"102\">ICB-5T<\/td>\n<td width=\"102\">ICB-8T<\/td>\n<\/tr>\n<tr>\n<td width=\"14\">Produ\u00e7\u00e3o di\u00e1ria<\/td>\n<td width=\"121\">Dalyoutput<\/td>\n<td width=\"102\">5t\/24h<\/td>\n<td width=\"102\">8t\/24h<\/td>\n<\/tr>\n<tr>\n<td width=\"14\">Capacidade de refrigera\u00e7\u00e3o<\/td>\n<td width=\"121\">Capacidade de refrigera\u00e7\u00e3o<\/td>\n<td width=\"102\">44kw<\/td>\n<td width=\"102\">81kw<\/td>\n<\/tr>\n<tr>\n<td width=\"14\">Pot\u00eancia total<\/td>\n<td width=\"121\">Pot\u00eancia total<\/td>\n<td width=\"102\">20kw<\/td>\n<td width=\"102\">35kw<\/td>\n<\/tr>\n<tr>\n<td width=\"14\">Peso do gelo<\/td>\n<td width=\"121\">Peso de gelo<\/td>\n<td width=\"102\">25kg<\/td>\n<td width=\"102\">25kg<\/td>\n<\/tr>\n<tr>\n<td width=\"14\">N\u00famero de moldes de gelo<\/td>\n<td width=\"121\">N\u00famerofcemoks<\/td>\n<td width=\"102\">99pcs<\/td>\n<td width=\"102\">160pcs<\/td>\n<\/tr>\n<tr>\n<td width=\"14\">Hora de congela\u00e7\u00e3o<\/td>\n<td width=\"121\">Freeangtime<\/td>\n<td width=\"102\">8h<\/td>\n<td width=\"102\">8h<\/td>\n<\/tr>\n<tr>\n<td width=\"14\">M\u00e9todo de refrigera\u00e7\u00e3o<\/td>\n<td width=\"121\">m\u00e9todo de refrigera\u00e7\u00e3o<\/td>\n<td width=\"102\">Enfriamento de \u00e1gua\/evaporador<\/td>\n<td width=\"102\">Enfriamento de \u00e1gua\/evaporador<\/td>\n<\/tr>\n<tr>\n<td width=\"14\">Press\u00e3o de abastecimento de \u00e1gua<\/td>\n<td width=\"121\">Press\u00e3o do abastecimento de \u00e1gua<\/td>\n<td width=\"102\">0.1Mp-0.5Mp<\/td>\n<td width=\"102\">0.1Mp-0.5Mp<\/td>\n<\/tr>\n<tr>\n<td width=\"14\">Tamanho da unidade<\/td>\n<td width=\"121\">Tamanho da unidade<\/td>\n<td width=\"102\">5500x2100x2000mm<\/td>\n<td width=\"102\">7500x25402350mm<\/td>\n<\/tr>\n<\/tbody>\n<\/table>\n<p>*10t,15t,20t,30t\/24h<\/p>\n<table>\n<tbody>\n<tr>\n<td width=\"14\">modelo<\/td>\n<td width=\"121\">Modelo<\/td>\n<td width=\"102\">ICB-10T<\/td>\n<td width=\"102\">ICB-15T<\/td>\n<td width=\"109\">ICB-20T<\/td>\n<td width=\"102\">ICB-30T<\/td>\n<\/tr>\n<tr>\n<td width=\"14\">Produ\u00e7\u00e3o di\u00e1ria<\/td>\n<td width=\"121\">Produ\u00e7\u00e3o di\u00e1ria<\/td>\n<td width=\"102\">10t\/24h<\/td>\n<td width=\"102\">15t\/24h<\/td>\n<td width=\"109\">201\/24 horas<\/td>\n<td width=\"102\">30t\/24h<\/td>\n<\/tr>\n<tr>\n<td width=\"14\">Capacidade de refrigera\u00e7\u00e3o<\/td>\n<td width=\"121\">Capacidade de refrigera\u00e7\u00e3o<\/td>\n<td width=\"102\">95kw<\/td>\n<td width=\"102\">150kw<\/td>\n<td width=\"109\">180kw<\/td>\n<td width=\"102\">295kw<\/td>\n<\/tr>\n<tr>\n<td width=\"14\">Pot\u00eancia total<\/td>\n<td width=\"121\">Pot\u00eancia total<\/td>\n<td width=\"102\">45kw<\/td>\n<td width=\"102\">68kw<\/td>\n<td width=\"109\">83kw<\/td>\n<td width=\"102\">123kw<\/td>\n<\/tr>\n<tr>\n<td width=\"14\">Peso do gelo<\/td>\n<td width=\"121\">keweight<\/td>\n<td width=\"102\">25kg<\/td>\n<td width=\"102\">50 kg<\/td>\n<td width=\"109\">50 kg<\/td>\n<td width=\"102\">50 kg<\/td>\n<\/tr>\n<tr>\n<td width=\"14\">N\u00famero de moldes de gelo<\/td>\n<td width=\"121\">N\u00famero de m\u00e9todos<\/td>\n<td width=\"102\">204pcs<\/td>\n<td width=\"102\">165pcs<\/td>\n<td width=\"109\">204pcs<\/td>\n<td width=\"102\">308pcs<\/td>\n<\/tr>\n<tr>\n<td width=\"14\">Hora de congela\u00e7\u00e3o<\/td>\n<td width=\"121\">Tempos frequentes<\/td>\n<td width=\"102\">8h<\/td>\n<td width=\"102\">9h<\/td>\n<td width=\"109\"><\/td>\n<td width=\"102\">9h<\/td>\n<\/tr>\n<tr>\n<td width=\"14\">M\u00e9todo de refrigera\u00e7\u00e3o<\/td>\n<td width=\"121\">m\u00e9todo de refrigera\u00e7\u00e3o<\/td>\n<td width=\"102\">Enfriamento de \u00e1gua\/evaporador<\/td>\n<td width=\"102\">Enfriamento de \u00e1gua\/evaporador<\/td>\n<td width=\"109\">Enfriamento de \u00e1gua\/evaporador<\/td>\n<td width=\"102\">Enfriamento de \u00e1gua\/evaporador<\/td>\n<\/tr>\n<tr>\n<td width=\"14\">Press\u00e3o de abastecimento de \u00e1gua<\/td>\n<td width=\"121\">Press\u00e3o de \u00e1gua<\/td>\n<td width=\"102\">0.1Mp-0.5Mp<\/td>\n<td width=\"102\">0.1Mp-0.5Mp<\/td>\n<td width=\"109\">0.1Mp-0.5Mp<\/td>\n<td width=\"102\">0.1Mp-0.5Mp<\/td>\n<\/tr>\n<tr>\n<td width=\"14\">Tamanho da unidade<\/td>\n<td width=\"121\">Unidades<\/td>\n<td width=\"102\">7900x28002450mm<\/td>\n<td width=\"102\">8800x3100x2600mm<\/td>\n<td width=\"109\">10500x3100x2700mm<\/td>\n<td width=\"102\">13200x35002700mm<\/td>\n<\/tr>\n<\/tbody>\n<\/table>\n<div class=\"host-lopnbnfpjmgpbppclhclehhgafnifija\" style=\"position: relative; z-index: 2147483647;\"><\/div>","protected":false},"excerpt":{"rendered":"<p>Comparado \u00e0s m\u00e1quinas de gelo tradicionais de bloco de salmura, a m\u00e1quina de gelo de bloco de refrigera\u00e7\u00e3o direto produz bloco de gelo atrav\u00e9s de um m\u00e9todo de refrigera\u00e7\u00e3o direto e se destaca com sua opera\u00e7\u00e3o automatizada, assegurando maior efici\u00eancia, e produ\u00e7\u00e3o de gelo higi\u00e9nico, tornando-a ideal para aplica\u00e7\u00f5es que requerem gelo limpo e fresco. Seu design duradouro resiste \u00e0 corros\u00e3o e uso, proporcionando uma vida de servi\u00e7o mais longa ao mesmo tempo oferecendo uma solu\u00e7\u00e3o ecol\u00f3gica e eficiente em energia. Essas vantagens tornaram as m\u00e1quinas de gelo de bloco uma tend\u00eancia crescente na tecnologia de fabrica\u00e7\u00e3o de gelo para ind\u00fastrias que requerem gelo confi\u00e1vel e de alta qualidade globalmente.<\/p>\n<div class=\"host-lopnbnfpjmgpbppclhclehhgafnifija\" style=\"position: relative; z-index: 2147483647;\"><\/div>","protected":false},"featured_media":5274,"comment_status":"closed","ping_status":"closed","template":"","meta":[],"product_brand":[],"product_cat":[40],"product_tag":[],"class_list":{"0":"post-4585","1":"product","2":"type-product","3":"status-publish","4":"has-post-thumbnail","6":"product_cat-others-and-spare-parts","8":"first","9":"instock","10":"shipping-taxable","11":"product-type-simple"},"_links":{"self":[{"href":"https:\/\/www.moonepc.com\/pt\/wp-json\/wp\/v2\/product\/4585","targetHints":{"allow":["GET"]}}],"collection":[{"href":"https:\/\/www.moonepc.com\/pt\/wp-json\/wp\/v2\/product"}],"about":[{"href":"https:\/\/www.moonepc.com\/pt\/wp-json\/wp\/v2\/types\/product"}],"replies":[{"embeddable":true,"href":"https:\/\/www.moonepc.com\/pt\/wp-json\/wp\/v2\/comments?post=4585"}],"wp:featuredmedia":[{"embeddable":true,"href":"https:\/\/www.moonepc.com\/pt\/wp-json\/wp\/v2\/media\/5274"}],"wp:attachment":[{"href":"https:\/\/www.moonepc.com\/pt\/wp-json\/wp\/v2\/media?parent=4585"}],"wp:term":[{"taxonomy":"product_brand","embeddable":true,"href":"https:\/\/www.moonepc.com\/pt\/wp-json\/wp\/v2\/product_brand?post=4585"},{"taxonomy":"product_cat","embeddable":true,"href":"https:\/\/www.moonepc.com\/pt\/wp-json\/wp\/v2\/product_cat?post=4585"},{"taxonomy":"product_tag","embeddable":true,"href":"https:\/\/www.moonepc.com\/pt\/wp-json\/wp\/v2\/product_tag?post=4585"}],"curies":[{"name":"wp","href":"https:\/\/api.w.org\/{rel}","templated":true}]}}