{"id":4591,"date":"2025-07-30T12:09:25","date_gmt":"2025-07-30T04:09:25","guid":{"rendered":"https:\/\/www.moonepc.com\/?post_type=product&#038;p=4591"},"modified":"2025-09-23T14:59:02","modified_gmt":"2025-09-23T06:59:02","slug":"dynamic-ice-slurry-unit-disu","status":"publish","type":"product","link":"https:\/\/www.moonepc.com\/pt\/dynamic-ice-slurry-unit-disu\/","title":{"rendered":"Unidade Dynamic Ice-Slurry Unit (DISU)"},"content":{"rendered":"<table style=\"border-collapse: collapse; width: 100%;\">\n<tbody>\n<tr>\n<td style=\"width: 50%;\">Produtos din\u00e2micos de borracha de gelo<\/p>\n<p>Produto 1: Am\u00f4nia de Evapora\u00e7\u00e3o Direta e Unidade de Fluidos de Trabalho R507<br \/>\nUtilizando fluidos de trabalho ecol\u00f3gicos am\u00f4nia e R507, essa unidade integrada de evapora\u00e7\u00e3o direta de gelo<\/td>\n<td style=\"width: 50%;\"><\/td>\n<\/tr>\n<tr>\n<td style=\"width: 50%;\"><img fetchpriority=\"high\" decoding=\"async\" class=\"aligncenter size-full wp-image-5279\" src=\"https:\/\/www.moonepc.com\/wp-content\/uploads\/2025\/07\/lce-Slurry-Water-Generating-Units11.jpg\" alt=\"Unidades geradoras de esgoto de gelo (\u00e1gua)1\" width=\"583\" height=\"446\" srcset=\"https:\/\/www.moonepc.com\/wp-content\/uploads\/2025\/07\/lce-Slurry-Water-Generating-Units11.jpg 583w, https:\/\/www.moonepc.com\/wp-content\/uploads\/2025\/07\/lce-Slurry-Water-Generating-Units11-300x230.jpg 300w\" sizes=\"(max-width: 583px) 100vw, 583px\" \/><\/td>\n<td style=\"width: 50%;\"><img decoding=\"async\" class=\"aligncenter size-full wp-image-5280\" src=\"https:\/\/www.moonepc.com\/wp-content\/uploads\/2025\/07\/lce-Slurry-Water-Generating-Units13.jpg\" alt=\"Unidades geradoras de esgoto de gelo (\u00e1gua)1\" width=\"526\" height=\"497\" srcset=\"https:\/\/www.moonepc.com\/wp-content\/uploads\/2025\/07\/lce-Slurry-Water-Generating-Units13.jpg 526w, https:\/\/www.moonepc.com\/wp-content\/uploads\/2025\/07\/lce-Slurry-Water-Generating-Units13-300x283.jpg 300w\" sizes=\"(max-width: 526px) 100vw, 526px\" \/><\/td>\n<\/tr>\n<tr>\n<td style=\"width: 50%;\">Produto 2: Unidade integrada de armazenamento frio sem sala de m\u00e1quinas<\/td>\n<td style=\"width: 50%;\"><\/td>\n<\/tr>\n<tr>\n<td style=\"width: 50%;\"><img decoding=\"async\" class=\"aligncenter size-full wp-image-5281\" src=\"https:\/\/www.moonepc.com\/wp-content\/uploads\/2025\/07\/lce-Slurry-Water-Generating-Units12.jpg\" alt=\"Unidades geradoras de esgoto de gelo (\u00e1gua)12\" width=\"433\" height=\"517\" srcset=\"https:\/\/www.moonepc.com\/wp-content\/uploads\/2025\/07\/lce-Slurry-Water-Generating-Units12.jpg 433w, https:\/\/www.moonepc.com\/wp-content\/uploads\/2025\/07\/lce-Slurry-Water-Generating-Units12-251x300.jpg 251w\" sizes=\"(max-width: 433px) 100vw, 433px\" \/><\/td>\n<td style=\"width: 50%;\"><img loading=\"lazy\" decoding=\"async\" class=\"aligncenter size-full wp-image-5282\" src=\"https:\/\/www.moonepc.com\/wp-content\/uploads\/2025\/07\/lce-Slurry-Water-Generating-Units124.jpg\" alt=\"\" width=\"771\" height=\"511\" srcset=\"https:\/\/www.moonepc.com\/wp-content\/uploads\/2025\/07\/lce-Slurry-Water-Generating-Units124.jpg 771w, https:\/\/www.moonepc.com\/wp-content\/uploads\/2025\/07\/lce-Slurry-Water-Generating-Units124-300x199.jpg 300w, https:\/\/www.moonepc.com\/wp-content\/uploads\/2025\/07\/lce-Slurry-Water-Generating-Units124-768x509.jpg 768w, https:\/\/www.moonepc.com\/wp-content\/uploads\/2025\/07\/lce-Slurry-Water-Generating-Units124-600x398.jpg 600w\" sizes=\"(max-width: 771px) 100vw, 771px\" \/><\/td>\n<\/tr>\n<tr>\n<td style=\"width: 50%;\">Produto 3: M\u00e1quina de neve de quatro temporadas<\/td>\n<td style=\"width: 50%;\"><\/td>\n<\/tr>\n<tr>\n<td style=\"width: 50%;\"><img loading=\"lazy\" decoding=\"async\" class=\"aligncenter size-full wp-image-5283\" src=\"https:\/\/www.moonepc.com\/wp-content\/uploads\/2025\/07\/lce-Slurry-Water-Generating-Units1245.jpg\" alt=\"\" width=\"486\" height=\"601\" srcset=\"https:\/\/www.moonepc.com\/wp-content\/uploads\/2025\/07\/lce-Slurry-Water-Generating-Units1245.jpg 486w, https:\/\/www.moonepc.com\/wp-content\/uploads\/2025\/07\/lce-Slurry-Water-Generating-Units1245-243x300.jpg 243w\" sizes=\"(max-width: 486px) 100vw, 486px\" \/><\/td>\n<td style=\"width: 50%;\"><img loading=\"lazy\" decoding=\"async\" class=\"aligncenter size-full wp-image-5284\" src=\"https:\/\/www.moonepc.com\/wp-content\/uploads\/2025\/07\/lce-Slurry-Water-Generating-Units1247.jpg\" alt=\"Ice Slurry (\u00e1gua) Generating Units124\" width=\"478\" height=\"556\" srcset=\"https:\/\/www.moonepc.com\/wp-content\/uploads\/2025\/07\/lce-Slurry-Water-Generating-Units1247.jpg 478w, https:\/\/www.moonepc.com\/wp-content\/uploads\/2025\/07\/lce-Slurry-Water-Generating-Units1247-258x300.jpg 258w\" sizes=\"(max-width: 478px) 100vw, 478px\" \/><\/td>\n<\/tr>\n<tr>\n<td style=\"width: 50%;\">Produto 4: M\u00e1quina de gelo l\u00edquido de alta concentra\u00e7\u00e3o<br \/>\nO torrente com uma concentra\u00e7\u00e3o inferior a 30% pode ser bombeado em longas dist\u00e2ncias usando uma bomba de \u00e1gua limpa padr\u00e3o.<\/td>\n<td style=\"width: 50%;\"><\/td>\n<\/tr>\n<tr>\n<td style=\"width: 50%;\"><img loading=\"lazy\" decoding=\"async\" class=\"aligncenter size-full wp-image-5285\" src=\"https:\/\/www.moonepc.com\/wp-content\/uploads\/2025\/07\/7lce-Slurry-Water-Generating-Units124.jpg\" alt=\"7lce Slurry (\u00e1gua) Generating Units124\" width=\"557\" height=\"737\" srcset=\"https:\/\/www.moonepc.com\/wp-content\/uploads\/2025\/07\/7lce-Slurry-Water-Generating-Units124.jpg 557w, https:\/\/www.moonepc.com\/wp-content\/uploads\/2025\/07\/7lce-Slurry-Water-Generating-Units124-227x300.jpg 227w\" sizes=\"(max-width: 557px) 100vw, 557px\" \/><\/td>\n<td style=\"width: 50%;\"><img loading=\"lazy\" decoding=\"async\" class=\"aligncenter size-full wp-image-5286\" src=\"https:\/\/www.moonepc.com\/wp-content\/uploads\/2025\/07\/lce-Slurry-Water-Generating-Units1124.jpg\" alt=\"Ice Slurry (\u00e1gua) Generating Units1124\" width=\"457\" height=\"343\" srcset=\"https:\/\/www.moonepc.com\/wp-content\/uploads\/2025\/07\/lce-Slurry-Water-Generating-Units1124.jpg 457w, https:\/\/www.moonepc.com\/wp-content\/uploads\/2025\/07\/lce-Slurry-Water-Generating-Units1124-300x225.jpg 300w\" sizes=\"(max-width: 457px) 100vw, 457px\" \/><\/td>\n<\/tr>\n<\/tbody>\n<\/table>\n<p>&nbsp;<\/p>\n<div class=\"host-lopnbnfpjmgpbppclhclehhgafnifija\" style=\"position: relative; z-index: 2147483647;\"><\/div>","protected":false},"excerpt":{"rendered":"<p>A Unidade Dynamic Ice-Slurry Unit (DISU), tamb\u00e9m conhecida como Multi-Refrigerant Broad-Spectrum High-Efficiency Supercooled Water Ice Maker, \u00e9 um sistema de refrigera\u00e7\u00e3o eficiente em energia recentemente desenvolvido pela MOON-TECH. A unidade adota tecnologia avan\u00e7ada dom\u00e9stica de fabrica\u00e7\u00e3o de superrefrigerado de \u00e1gua com evapora\u00e7\u00e3o direta, resolvendo eficazmente a quest\u00e3o da inefici\u00eancia de troca de calor dos fabricantes tradicionais de gelo, cujo desempenho geralmente diminui drasticamente ao longo do tempo. Ela apresenta um consumo excepcionalmente baixo de energia por tonelada de gelo produzido.<br \/>\nCondi\u00e7\u00f5es de funcionamento: Tk = 30~45\u00b0C, Te = -3 ~ -4,5\u00b0C<br \/>\nConsumo de energia: \u226443 kWh\/tonelada de gelo<\/p>\n<div class=\"host-lopnbnfpjmgpbppclhclehhgafnifija\" style=\"position: relative; z-index: 2147483647;\"><\/div>","protected":false},"featured_media":5276,"comment_status":"closed","ping_status":"closed","template":"","meta":[],"product_brand":[],"product_cat":[40],"product_tag":[],"class_list":{"0":"post-4591","1":"product","2":"type-product","3":"status-publish","4":"has-post-thumbnail","6":"product_cat-others-and-spare-parts","8":"first","9":"instock","10":"shipping-taxable","11":"product-type-simple"},"_links":{"self":[{"href":"https:\/\/www.moonepc.com\/pt\/wp-json\/wp\/v2\/product\/4591","targetHints":{"allow":["GET"]}}],"collection":[{"href":"https:\/\/www.moonepc.com\/pt\/wp-json\/wp\/v2\/product"}],"about":[{"href":"https:\/\/www.moonepc.com\/pt\/wp-json\/wp\/v2\/types\/product"}],"replies":[{"embeddable":true,"href":"https:\/\/www.moonepc.com\/pt\/wp-json\/wp\/v2\/comments?post=4591"}],"wp:featuredmedia":[{"embeddable":true,"href":"https:\/\/www.moonepc.com\/pt\/wp-json\/wp\/v2\/media\/5276"}],"wp:attachment":[{"href":"https:\/\/www.moonepc.com\/pt\/wp-json\/wp\/v2\/media?parent=4591"}],"wp:term":[{"taxonomy":"product_brand","embeddable":true,"href":"https:\/\/www.moonepc.com\/pt\/wp-json\/wp\/v2\/product_brand?post=4591"},{"taxonomy":"product_cat","embeddable":true,"href":"https:\/\/www.moonepc.com\/pt\/wp-json\/wp\/v2\/product_cat?post=4591"},{"taxonomy":"product_tag","embeddable":true,"href":"https:\/\/www.moonepc.com\/pt\/wp-json\/wp\/v2\/product_tag?post=4591"}],"curies":[{"name":"wp","href":"https:\/\/api.w.org\/{rel}","templated":true}]}}