{"id":4597,"date":"2025-07-30T12:17:50","date_gmt":"2025-07-30T04:17:50","guid":{"rendered":"https:\/\/www.moonepc.com\/?post_type=product&#038;p=4597"},"modified":"2025-09-23T15:01:16","modified_gmt":"2025-09-23T07:01:16","slug":"regulating-valves","status":"publish","type":"product","link":"https:\/\/www.moonepc.com\/pt\/regulating-valves\/","title":{"rendered":"V\u00e1lvulas reguladoras"},"content":{"rendered":"<p>&nbsp;<\/p>\n<div class=\"host-lopnbnfpjmgpbppclhclehhgafnifija\" style=\"position: relative; z-index: 2147483647;\"><\/div>","protected":false},"excerpt":{"rendered":"<p>As v\u00e1lvulas est\u00e3o dispon\u00edveis em duas vers\u00f5es diferentes &#8211; REG-SA e REG-SB projetados para fins de regula\u00e7\u00e3o em linhas l\u00edquidas e de expans\u00e3o.<\/p>\n<p>As v\u00e1lvulas s\u00e3o concebidas para satisfazer os estritos requisitos de qualidade em instala\u00e7\u00f5es de refrigera\u00e7\u00e3o especificadas pelas sociedades internacionais de classifica\u00e7\u00e3o e s\u00e3o cuidadosamente concebidas para apresentar condi\u00e7\u00f5es favor\u00e1veis de fluxo e caracter\u00edsticas lineares precisas.<\/p>\n<p>REG-SA e REG-SB est\u00e3o equipados com tampa ventilada e assentos internos permitem substituir o selo da espinha enquanto a v\u00e1lvula est\u00e1 ativa, ou seja, sob press\u00e3o.<\/p>\n<div class=\"host-lopnbnfpjmgpbppclhclehhgafnifija\" style=\"position: relative; z-index: 2147483647;\"><\/div>","protected":false},"featured_media":4594,"comment_status":"closed","ping_status":"closed","template":"","meta":[],"product_brand":[],"product_cat":[80,40],"product_tag":[],"class_list":{"0":"post-4597","1":"product","2":"type-product","3":"status-publish","4":"has-post-thumbnail","6":"product_cat-industrial-refrigeration-valves","7":"product_cat-others-and-spare-parts","9":"first","10":"instock","11":"shipping-taxable","12":"product-type-simple"},"_links":{"self":[{"href":"https:\/\/www.moonepc.com\/pt\/wp-json\/wp\/v2\/product\/4597","targetHints":{"allow":["GET"]}}],"collection":[{"href":"https:\/\/www.moonepc.com\/pt\/wp-json\/wp\/v2\/product"}],"about":[{"href":"https:\/\/www.moonepc.com\/pt\/wp-json\/wp\/v2\/types\/product"}],"replies":[{"embeddable":true,"href":"https:\/\/www.moonepc.com\/pt\/wp-json\/wp\/v2\/comments?post=4597"}],"wp:featuredmedia":[{"embeddable":true,"href":"https:\/\/www.moonepc.com\/pt\/wp-json\/wp\/v2\/media\/4594"}],"wp:attachment":[{"href":"https:\/\/www.moonepc.com\/pt\/wp-json\/wp\/v2\/media?parent=4597"}],"wp:term":[{"taxonomy":"product_brand","embeddable":true,"href":"https:\/\/www.moonepc.com\/pt\/wp-json\/wp\/v2\/product_brand?post=4597"},{"taxonomy":"product_cat","embeddable":true,"href":"https:\/\/www.moonepc.com\/pt\/wp-json\/wp\/v2\/product_cat?post=4597"},{"taxonomy":"product_tag","embeddable":true,"href":"https:\/\/www.moonepc.com\/pt\/wp-json\/wp\/v2\/product_tag?post=4597"}],"curies":[{"name":"wp","href":"https:\/\/api.w.org\/{rel}","templated":true}]}}