{"id":4598,"date":"2025-07-30T12:22:05","date_gmt":"2025-07-30T04:22:05","guid":{"rendered":"https:\/\/www.moonepc.com\/?post_type=product&#038;p=4598"},"modified":"2025-09-23T15:03:07","modified_gmt":"2025-09-23T07:03:07","slug":"safety-relief-valves","status":"publish","type":"product","link":"https:\/\/www.moonepc.com\/pt\/safety-relief-valves\/","title":{"rendered":"V\u00e1lvulas de socorro de seguran\u00e7a"},"content":{"rendered":"<p>&nbsp;<\/p>\n<div class=\"host-lopnbnfpjmgpbppclhclehhgafnifija\" style=\"position: relative; z-index: 2147483647;\"><\/div>","protected":false},"excerpt":{"rendered":"<p>A v\u00e1lvula \u00e9 projetada para satisfazer as exig\u00eancias rigorosas de qualidade e exig\u00eancias de seguran\u00e7a para instala\u00e7\u00f5es de refrigera\u00e7\u00e3o, especificadas pelas sociedades internacionais de classifica\u00e7\u00e3o.<\/p>\n<p>A v\u00e1lvula \u00e9 recomendada como v\u00e1lvula externa e interna de al\u00edvio de seguran\u00e7a em instala\u00e7\u00f5es de refrigera\u00e7\u00e3o. A casa de primavera est\u00e1 fechada fortemente para evitar fuga de refrigerantes.<\/p>\n<p>As v\u00e1lvulas podem ser entregues com press\u00f5es estabelecidas entre 10 e 25 bar g (145 e 363 psi g).<\/p>\n<p>V\u00e1lvulas padr\u00e3o de configura\u00e7\u00e3o de press\u00e3o com &#8220; T \u00dcV Pressure Setting Certificate&#8221; com cada v\u00e1lvula, tamb\u00e9m est\u00e3o dispon\u00edveis.<\/p>\n<div class=\"host-lopnbnfpjmgpbppclhclehhgafnifija\" style=\"position: relative; z-index: 2147483647;\"><\/div>","protected":false},"featured_media":4599,"comment_status":"closed","ping_status":"closed","template":"","meta":[],"product_brand":[],"product_cat":[80,40],"product_tag":[],"class_list":{"0":"post-4598","1":"product","2":"type-product","3":"status-publish","4":"has-post-thumbnail","6":"product_cat-industrial-refrigeration-valves","7":"product_cat-others-and-spare-parts","9":"first","10":"instock","11":"shipping-taxable","12":"product-type-simple"},"_links":{"self":[{"href":"https:\/\/www.moonepc.com\/pt\/wp-json\/wp\/v2\/product\/4598","targetHints":{"allow":["GET"]}}],"collection":[{"href":"https:\/\/www.moonepc.com\/pt\/wp-json\/wp\/v2\/product"}],"about":[{"href":"https:\/\/www.moonepc.com\/pt\/wp-json\/wp\/v2\/types\/product"}],"replies":[{"embeddable":true,"href":"https:\/\/www.moonepc.com\/pt\/wp-json\/wp\/v2\/comments?post=4598"}],"wp:featuredmedia":[{"embeddable":true,"href":"https:\/\/www.moonepc.com\/pt\/wp-json\/wp\/v2\/media\/4599"}],"wp:attachment":[{"href":"https:\/\/www.moonepc.com\/pt\/wp-json\/wp\/v2\/media?parent=4598"}],"wp:term":[{"taxonomy":"product_brand","embeddable":true,"href":"https:\/\/www.moonepc.com\/pt\/wp-json\/wp\/v2\/product_brand?post=4598"},{"taxonomy":"product_cat","embeddable":true,"href":"https:\/\/www.moonepc.com\/pt\/wp-json\/wp\/v2\/product_cat?post=4598"},{"taxonomy":"product_tag","embeddable":true,"href":"https:\/\/www.moonepc.com\/pt\/wp-json\/wp\/v2\/product_tag?post=4598"}],"curies":[{"name":"wp","href":"https:\/\/api.w.org\/{rel}","templated":true}]}}