{"id":4601,"date":"2025-07-30T12:23:28","date_gmt":"2025-07-30T04:23:28","guid":{"rendered":"https:\/\/www.moonepc.com\/?post_type=product&#038;p=4601"},"modified":"2025-09-23T15:04:32","modified_gmt":"2025-09-23T07:04:32","slug":"stop-check-valves","status":"publish","type":"product","link":"https:\/\/www.moonepc.com\/pt\/stop-check-valves\/","title":{"rendered":"P\u00e1ra as v\u00e1lvulas de verifica\u00e7\u00e3o"},"content":{"rendered":"<p>&nbsp;<\/p>\n<div class=\"host-lopnbnfpjmgpbppclhclehhgafnifija\" style=\"position: relative; z-index: 2147483647;\"><\/div>","protected":false},"excerpt":{"rendered":"<p>As v\u00e1lvulas s\u00e3o projetadas para abrir-se em press\u00f5es diferenciais muito baixas, permitir condi\u00e7\u00f5es favor\u00e1veis de fluxo e s\u00e3o f\u00e1ceis de desmontar para inspec\u00e7\u00e3o e servi\u00e7o.<\/p>\n<p>A v\u00e1lvula tem uma flexibilidade incorporada para garantir um fechamento preciso e estreito em dire\u00e7\u00e3o ao banco da v\u00e1lvula.<\/p>\n<p>Um efeito de umidifica\u00e7\u00e3o bem equilibrado entre o pist\u00e3o e o cilindro d\u00e1 uma prote\u00e7\u00e3o \u00f3ptima durante baixas cargas e contra pulsa\u00e7\u00f5es.<\/p>\n<div class=\"host-lopnbnfpjmgpbppclhclehhgafnifija\" style=\"position: relative; z-index: 2147483647;\"><\/div>","protected":false},"featured_media":4600,"comment_status":"closed","ping_status":"closed","template":"","meta":[],"product_brand":[],"product_cat":[80,40],"product_tag":[],"class_list":{"0":"post-4601","1":"product","2":"type-product","3":"status-publish","4":"has-post-thumbnail","6":"product_cat-industrial-refrigeration-valves","7":"product_cat-others-and-spare-parts","9":"first","10":"instock","11":"shipping-taxable","12":"product-type-simple"},"_links":{"self":[{"href":"https:\/\/www.moonepc.com\/pt\/wp-json\/wp\/v2\/product\/4601","targetHints":{"allow":["GET"]}}],"collection":[{"href":"https:\/\/www.moonepc.com\/pt\/wp-json\/wp\/v2\/product"}],"about":[{"href":"https:\/\/www.moonepc.com\/pt\/wp-json\/wp\/v2\/types\/product"}],"replies":[{"embeddable":true,"href":"https:\/\/www.moonepc.com\/pt\/wp-json\/wp\/v2\/comments?post=4601"}],"wp:featuredmedia":[{"embeddable":true,"href":"https:\/\/www.moonepc.com\/pt\/wp-json\/wp\/v2\/media\/4600"}],"wp:attachment":[{"href":"https:\/\/www.moonepc.com\/pt\/wp-json\/wp\/v2\/media?parent=4601"}],"wp:term":[{"taxonomy":"product_brand","embeddable":true,"href":"https:\/\/www.moonepc.com\/pt\/wp-json\/wp\/v2\/product_brand?post=4601"},{"taxonomy":"product_cat","embeddable":true,"href":"https:\/\/www.moonepc.com\/pt\/wp-json\/wp\/v2\/product_cat?post=4601"},{"taxonomy":"product_tag","embeddable":true,"href":"https:\/\/www.moonepc.com\/pt\/wp-json\/wp\/v2\/product_tag?post=4601"}],"curies":[{"name":"wp","href":"https:\/\/api.w.org\/{rel}","templated":true}]}}