{"id":4602,"date":"2025-07-30T12:26:30","date_gmt":"2025-07-30T04:26:30","guid":{"rendered":"https:\/\/www.moonepc.com\/?post_type=product&#038;p=4602"},"modified":"2025-09-23T15:05:53","modified_gmt":"2025-09-23T07:05:53","slug":"stop-valves","status":"publish","type":"product","link":"https:\/\/www.moonepc.com\/pt\/stop-valves\/","title":{"rendered":"P\u00e1ra as v\u00e1lvulas"},"content":{"rendered":"<p>&nbsp;<\/p>\n<div class=\"host-lopnbnfpjmgpbppclhclehhgafnifija\" style=\"position: relative; z-index: 2147483647;\"><\/div>","protected":false},"excerpt":{"rendered":"<p>SVA Stop Valves est\u00e3o dispon\u00edveis em vers\u00f5es angulares e diretamente e com pesco\u00e7o padr\u00e3o (SVA-S) e pesco\u00e7o longo (SVA-L)<\/p>\n<p>As v\u00e1lvulas de paragem s\u00e3o projetadas para satisfazer todas as aplica\u00e7\u00f5es industriais de refrigera\u00e7\u00e3o exigem ments e s\u00e3o projetadas para dar caracter\u00edsticas favor\u00e1veis de fluxo e s\u00e3o f\u00e1ceis de desmontar e reparar quando necess\u00e1rio.<\/p>\n<p>O cone de v\u00e1lvula \u00e9 projetado para garantir fechamento perfeito e resistir a uma alta pulsa\u00e7\u00e3o e vibra\u00e7\u00e3o do sistema, que pode estar presente especificamente na linha de descarga.<\/p>\n<div class=\"host-lopnbnfpjmgpbppclhclehhgafnifija\" style=\"position: relative; z-index: 2147483647;\"><\/div>","protected":false},"featured_media":4603,"comment_status":"closed","ping_status":"closed","template":"","meta":[],"product_brand":[],"product_cat":[80,40],"product_tag":[],"class_list":{"0":"post-4602","1":"product","2":"type-product","3":"status-publish","4":"has-post-thumbnail","6":"product_cat-industrial-refrigeration-valves","7":"product_cat-others-and-spare-parts","9":"first","10":"instock","11":"shipping-taxable","12":"product-type-simple"},"_links":{"self":[{"href":"https:\/\/www.moonepc.com\/pt\/wp-json\/wp\/v2\/product\/4602","targetHints":{"allow":["GET"]}}],"collection":[{"href":"https:\/\/www.moonepc.com\/pt\/wp-json\/wp\/v2\/product"}],"about":[{"href":"https:\/\/www.moonepc.com\/pt\/wp-json\/wp\/v2\/types\/product"}],"replies":[{"embeddable":true,"href":"https:\/\/www.moonepc.com\/pt\/wp-json\/wp\/v2\/comments?post=4602"}],"wp:featuredmedia":[{"embeddable":true,"href":"https:\/\/www.moonepc.com\/pt\/wp-json\/wp\/v2\/media\/4603"}],"wp:attachment":[{"href":"https:\/\/www.moonepc.com\/pt\/wp-json\/wp\/v2\/media?parent=4602"}],"wp:term":[{"taxonomy":"product_brand","embeddable":true,"href":"https:\/\/www.moonepc.com\/pt\/wp-json\/wp\/v2\/product_brand?post=4602"},{"taxonomy":"product_cat","embeddable":true,"href":"https:\/\/www.moonepc.com\/pt\/wp-json\/wp\/v2\/product_cat?post=4602"},{"taxonomy":"product_tag","embeddable":true,"href":"https:\/\/www.moonepc.com\/pt\/wp-json\/wp\/v2\/product_tag?post=4602"}],"curies":[{"name":"wp","href":"https:\/\/api.w.org\/{rel}","templated":true}]}}