{"id":4612,"date":"2025-07-30T15:23:43","date_gmt":"2025-07-30T07:23:43","guid":{"rendered":"https:\/\/www.moonepc.com\/?post_type=product&#038;p=4612"},"modified":"2025-09-23T14:20:08","modified_gmt":"2025-09-23T06:20:08","slug":"flue-gas-heating-unit","status":"publish","type":"product","link":"https:\/\/www.moonepc.com\/pt\/flue-gas-heating-unit\/","title":{"rendered":"Unidade de aquecimento de g\u00e1s de fumo"},"content":{"rendered":"<p>&nbsp;<\/p>\n<div class=\"host-lopnbnfpjmgpbppclhclehhgafnifija\" style=\"position: relative; z-index: 2147483647;\"><\/div>","protected":false},"excerpt":{"rendered":"<p>A unidade est\u00e1 integrada com o equipamento de gera\u00e7\u00e3o de energia de um sistema de trigera\u00e7\u00e3o combust\u00edvel por g\u00e1s. Usando g\u00e1s de fumo de alta temperatura como for\u00e7a motora, extrai calor de fontes de energia de baixo grau (solo, \u00e1gua subterr\u00e2nea e \u00e1gua residual) sem aumentar outro consumo de energia, ao mesmo tempo reduzindo a temperatura de escape de g\u00e1s de fumo para baixo de 30\u00b0C. No modo de aquecimento de inverno, o sistema s capacidade de aquecimento pode ser aumentada em 50% em compara\u00e7\u00e3o com refrigeradores tradicionais de absor\u00e7\u00e3o. No modo de refrigera\u00e7\u00e3o de ver\u00e3o, a unidade serve como fonte de refrigera\u00e7\u00e3o para o sistema central de ar condicionado, reinjeitando calor que de outro modo seria descarregado ao ambiente atrav\u00e9s da torre de refrigera\u00e7\u00e3o de volta ao ch\u00e3o. Isso alcan\u00e7a uma extra\u00e7\u00e3o equilibrada de calor e libera\u00e7\u00e3o do solo tanto no inverno como no ver\u00e3o, assegurando o funcionamento de um sistema est\u00e1vel a longo prazo.<\/p>\n<div class=\"host-lopnbnfpjmgpbppclhclehhgafnifija\" style=\"position: relative; z-index: 2147483647;\"><\/div>","protected":false},"featured_media":5227,"comment_status":"closed","ping_status":"closed","template":"","meta":[],"product_brand":[],"product_cat":[91,36],"product_tag":[],"class_list":{"0":"post-4612","1":"product","2":"type-product","3":"status-publish","4":"has-post-thumbnail","6":"product_cat-absorption-heat-pump-equipment","7":"product_cat-absorption-unit","9":"first","10":"instock","11":"shipping-taxable","12":"product-type-simple"},"_links":{"self":[{"href":"https:\/\/www.moonepc.com\/pt\/wp-json\/wp\/v2\/product\/4612","targetHints":{"allow":["GET"]}}],"collection":[{"href":"https:\/\/www.moonepc.com\/pt\/wp-json\/wp\/v2\/product"}],"about":[{"href":"https:\/\/www.moonepc.com\/pt\/wp-json\/wp\/v2\/types\/product"}],"replies":[{"embeddable":true,"href":"https:\/\/www.moonepc.com\/pt\/wp-json\/wp\/v2\/comments?post=4612"}],"wp:featuredmedia":[{"embeddable":true,"href":"https:\/\/www.moonepc.com\/pt\/wp-json\/wp\/v2\/media\/5227"}],"wp:attachment":[{"href":"https:\/\/www.moonepc.com\/pt\/wp-json\/wp\/v2\/media?parent=4612"}],"wp:term":[{"taxonomy":"product_brand","embeddable":true,"href":"https:\/\/www.moonepc.com\/pt\/wp-json\/wp\/v2\/product_brand?post=4612"},{"taxonomy":"product_cat","embeddable":true,"href":"https:\/\/www.moonepc.com\/pt\/wp-json\/wp\/v2\/product_cat?post=4612"},{"taxonomy":"product_tag","embeddable":true,"href":"https:\/\/www.moonepc.com\/pt\/wp-json\/wp\/v2\/product_tag?post=4612"}],"curies":[{"name":"wp","href":"https:\/\/api.w.org\/{rel}","templated":true}]}}