{"id":5039,"date":"2025-08-08T15:54:55","date_gmt":"2025-08-08T07:54:55","guid":{"rendered":"https:\/\/www.moonepc.com\/?post_type=product&#038;p=5039"},"modified":"2025-09-23T14:11:58","modified_gmt":"2025-09-23T06:11:58","slug":"water-cooled-screw-chiller-heat-pump-unit","status":"publish","type":"product","link":"https:\/\/www.moonepc.com\/pt\/water-cooled-screw-chiller-heat-pump-unit\/","title":{"rendered":"Unidade de refrigerador de parafusos refrigerados com \u00e1gua (bomba de calor)"},"content":{"rendered":"<p>&nbsp;<\/p>\n<div class=\"host-lopnbnfpjmgpbppclhclehhgafnifija\" style=\"position: relative; z-index: 2147483647;\"><\/div>","protected":false},"excerpt":{"rendered":"<p>As unidades de refrigerador de tipo screw (bomba de calor) adotam uma gama completa de compressores de refrigera\u00e7\u00e3o de screw, parejados com v\u00e1rios tipos de condensadores, e s\u00e3o montados em esqui em sistemas de refrigerador de \u00e1gua (bomba de calor).<br \/>\nEles conhecem usu\u00e1rios. necessidades de alta efici\u00eancia, poupan\u00e7a de energia e prote\u00e7\u00e3o ambiental, contribuindo para o desenvolvimento de cidades verdes.<\/p>\n<div class=\"host-lopnbnfpjmgpbppclhclehhgafnifija\" style=\"position: relative; z-index: 2147483647;\"><\/div>","protected":false},"featured_media":5220,"comment_status":"closed","ping_status":"closed","template":"","meta":[],"product_brand":[],"product_cat":[37,83],"product_tag":[],"class_list":{"0":"post-5039","1":"product","2":"type-product","3":"status-publish","4":"has-post-thumbnail","6":"product_cat-hvac-products","7":"product_cat-screw-chiller-heat-pump-unit","9":"first","10":"instock","11":"shipping-taxable","12":"product-type-simple"},"_links":{"self":[{"href":"https:\/\/www.moonepc.com\/pt\/wp-json\/wp\/v2\/product\/5039","targetHints":{"allow":["GET"]}}],"collection":[{"href":"https:\/\/www.moonepc.com\/pt\/wp-json\/wp\/v2\/product"}],"about":[{"href":"https:\/\/www.moonepc.com\/pt\/wp-json\/wp\/v2\/types\/product"}],"replies":[{"embeddable":true,"href":"https:\/\/www.moonepc.com\/pt\/wp-json\/wp\/v2\/comments?post=5039"}],"wp:featuredmedia":[{"embeddable":true,"href":"https:\/\/www.moonepc.com\/pt\/wp-json\/wp\/v2\/media\/5220"}],"wp:attachment":[{"href":"https:\/\/www.moonepc.com\/pt\/wp-json\/wp\/v2\/media?parent=5039"}],"wp:term":[{"taxonomy":"product_brand","embeddable":true,"href":"https:\/\/www.moonepc.com\/pt\/wp-json\/wp\/v2\/product_brand?post=5039"},{"taxonomy":"product_cat","embeddable":true,"href":"https:\/\/www.moonepc.com\/pt\/wp-json\/wp\/v2\/product_cat?post=5039"},{"taxonomy":"product_tag","embeddable":true,"href":"https:\/\/www.moonepc.com\/pt\/wp-json\/wp\/v2\/product_tag?post=5039"}],"curies":[{"name":"wp","href":"https:\/\/api.w.org\/{rel}","templated":true}]}}